{"id":11,"date":"2024-01-29T18:36:22","date_gmt":"2024-01-29T17:36:22","guid":{"rendered":"https:\/\/www.planetoutdoor.eu\/boutique\/?page_id=11"},"modified":"2026-01-26T15:06:12","modified_gmt":"2026-01-26T14:06:12","slug":"conditions-generales-de-vente","status":"publish","type":"page","link":"https:\/\/www.planetoutdoor.eu\/boutique\/conditions-generales-de-vente\/","title":{"rendered":"Conditions g\u00e9n\u00e9rales de vente"},"content":{"rendered":"<p><strong>ARTICLE 1 \u2013 CLAUSE G\u00c9N\u00c9RALE<\/strong><\/p>\n<p>Nos ventes sont soumises aux pr\u00e9sentes conditions g\u00e9n\u00e9rales qui pr\u00e9valent sur toute condition d\u2019achat, sauf d\u00e9rogation formelle et expresse de notre soci\u00e9t\u00e9. Les pr\u00e9sentes conditions g\u00e9n\u00e9rales de vente s\u2019appliquent \u00e0 toutes les ventes de produits de notre soci\u00e9t\u00e9 sauf accord sp\u00e9cifique pr\u00e9alable \u00e0 notre commande, convenu par \u00e9crit par les parties. En cons\u00e9quence, la passation d\u2019une commande par un client emporte l\u2019adh\u00e9sion sans r\u00e9serve, de ce dernier, aux pr\u00e9sentes conditions g\u00e9n\u00e9rales de vente, sauf conditions particuli\u00e8res consenties par \u00e9crit par notre soci\u00e9t\u00e9. Nos tarifs ne valent pas engagement de prix et sont r\u00e9visables \u00e0 tout moment en fonction de l\u2019\u00e9volution de nos co\u00fbts (notamment ceux des mati\u00e8res premi\u00e8res).<\/p>\n<p><strong>ARTICLE 2 \u2013 CONFIDENTIALIT\u00c9<\/strong><\/p>\n<p>Les \u00e9tudes, plans, dessins, documents et mod\u00e8les remis ou envoy\u00e9s par notre soci\u00e9t\u00e9 demeurent notre propri\u00e9t\u00e9 ; ils ne peuvent donc \u00eatre communiqu\u00e9s \u00e0 des tiers sous quelque motif que ce soit par l\u2019acheteur. Nos clients s\u2019engagent \u00e0 ne faire aucun usage de ces documents, \u00e9tudes, plans\u2026, susceptibles de porter atteinte aux droits de propri\u00e9t\u00e9 industrielle et intellectuelle de notre soci\u00e9t\u00e9 ou aux droits de propri\u00e9t\u00e9 industrielle et intellectuelle conc\u00e9d\u00e9s \u00e0 notre soci\u00e9t\u00e9.<\/p>\n<p><strong>ARTICLE 3 \u2013 FORMATION DU CONTRAT<\/strong><\/p>\n<p>Lorsqu\u2019un devis est \u00e9tabli par nous, il constitue les conditions particuli\u00e8res venant modifier ou compl\u00e9ter les pr\u00e9sentes conditions g\u00e9n\u00e9rales. En cas de commande re\u00e7ue de l\u2019acheteur, celle-ci ne sera consid\u00e9r\u00e9e comme accept\u00e9e d\u00e9finitivement par nous qu\u2019apr\u00e8s acceptation \u00e9crite de notre part. C\u2019est cette acceptation qui constituera dans ce cas les conditions particuli\u00e8res.<\/p>\n<p><strong>ARTICLE 4 \u2013 COMMANDES<\/strong><\/p>\n<p>Nos prix sont stipul\u00e9s hors taxes et sont factur\u00e9s sur la base des tarifs en vigueur au jour de la commande. Nos prix de vente s\u2019entendent d\u00e9part usine.<\/p>\n<p><strong>ARTICLE 5 \u2013 LIVRAISONS. TRANSPORT<\/strong><\/p>\n<p>Les marchandises voyagent aux risques et p\u00e9rils du destinataire, m\u00eame si elles sont exp\u00e9di\u00e9es franco et quel que soit le mode de transport, leur poids, leur volume ou leur valeur. En cas d\u2019avarie ou de manquant \u00e0 la livraison, le destinataire doit faire toutes constatations n\u00e9cessaires, et confirmer ses r\u00e9serves par lettre recommand\u00e9e avec avis de r\u00e9ception aupr\u00e8s du transporteur dans les 3 jours qui suivent la r\u00e9ception des marchandises ; et sans pr\u00e9judice des dispositions \u00e0 prendre vis-\u00e0-vis du transporteur, les r\u00e9clamations sur les vices apparents ou sur la non-conformit\u00e9 du produit livr\u00e9 au produit command\u00e9 ou au bordereau d\u2019exp\u00e9dition doivent \u00eatre formul\u00e9es par \u00e9crit dans les 3 jours de l\u2019arriv\u00e9e des produits.<\/p>\n<p><strong>ARTICLE 6 \u2013 REPR\u00c9SENTATION DE MARCHANDISES<\/strong><\/p>\n<p>Toute commande refus\u00e9e \u00e0 la livraison donnera lieu \u00e0 la facturation de frais de repr\u00e9sentation de 100 \u20acuros. En cas de livraison retard\u00e9e pour une raison ind\u00e9pendante de notre volont\u00e9, elle sera r\u00e9put\u00e9e avoir \u00e9t\u00e9 effectu\u00e9e \u00e0 la date convenue. En outre, tout refus de prendre livraison rendra caduque l\u2019application d\u2019\u00e9ventuels dommages et int\u00e9r\u00eats et\/ou p\u00e9nalit\u00e9s de retard de livraison. Pour toute demande de relivraison ult\u00e9rieure, le co\u00fbt du transport sera factur\u00e9 au client.<\/p>\n<p><strong>ARTICLE 7 \u2013 DELAIS DE RETRACTATION &amp; RETOURS<\/strong><\/p>\n<p><strong>A \/ D\u00e9lais de r\u00e9tractation<\/strong>\u00a0:<\/p>\n<p>En vertu des articles L.221-18 \u00e0 L.221-28 du code de la consommation, le client dispose d&rsquo;un d\u00e9lai de r\u00e9tractation de 14 jours pour exercer son droit de r\u00e9tractation d&rsquo;un contrat conclu \u00e0 distance. Ce d\u00e9lai court \u00e0 compter de la r\u00e9ception du bien par le consommateur ou un tiers, autre que le transporteur, d\u00e9sign\u00e9 par lui, pour les contrats de vente de biens.<\/p>\n<p>Conform\u00e9ment \u00e0 l\u2019article L.221-21 du code de la consommation, le client s\u2019engage \u00e0 informer <a style=\"color: #3c3c3c;\" href=\"https:\/\/www.planetoutdoor.eu\/\" target=\"_blank\" rel=\"noopener noreferrer\">PLANET OUTDOOR<\/a> de sa d\u00e9cision de r\u00e9tractation en demandant un Accord de Retour aupr\u00e8s de <a style=\"color: #3c3c3c;\" href=\"https:\/\/www.planetoutdoor.eu\/\" target=\"_blank\" rel=\"noopener noreferrer\">PLANET OUTDOOR<\/a>, \u00e0 l\u2019adresse suivante : <a href=\"mailto:contact@planetoutdoor.eu\">contact@planetoutdoor.eu<\/a><\/p>\n<p>Un accus\u00e9 de r\u00e9ception sera envoy\u00e9 au client.<\/p>\n<p><strong>B \/ Le retour<\/strong>\u00a0:<\/p>\n<p>Le produit doit \u00eatre retourn\u00e9 neuf, dans son emballage d&rsquo;origine, avec toute la documentation fournie et les accessoires inclus. Par cons\u00e9quent, si vous nous retournez des articles incomplets, ab\u00eem\u00e9s ou endommag\u00e9s, des frais de remise en service vous seront factur\u00e9s. Les produits trop ab\u00eem\u00e9s par les clients pour \u00eatre utilisables ne seront pas repris.<\/p>\n<p>Sous r\u00e9serve du parfait \u00e9tat du produit retourn\u00e9, <a style=\"color: #3c3c3c;\" href=\"https:\/\/www.planetoutdoor.eu\/\" target=\"_blank\" rel=\"noopener noreferrer\">PLANET OUTDOOR<\/a> est tenu au remboursement des sommes vers\u00e9es par le client \u00e0 l&rsquo;exception des frais de retour restants \u00e0 la charge du client.<\/p>\n<p><a style=\"color: #3c3c3c;\" href=\"https:\/\/www.planetoutdoor.eu\/\" target=\"_blank\" rel=\"noopener noreferrer\">PLANET OUTDOOR<\/a> s&rsquo;engage \u00e0 rembourser dans les 14 jours \u00e0 r\u00e9ception des produits retourn\u00e9s par le client, celui-ci ayant exerc\u00e9 son droit de r\u00e9tractation aupr\u00e8s de <a style=\"color: #3c3c3c;\" href=\"https:\/\/www.planetoutdoor.eu\/\" target=\"_blank\" rel=\"noopener noreferrer\">PLANET OUTDOOR<\/a>, \u00e0 l\u2019adresse suivante : <a href=\"mailto:contact@planetoutdoor.eu\">contact@planetoutdoor.eu<\/a>.<\/p>\n<p>Apr\u00e8s accord, vous pourrez renvoyer par transporteur votre article, sur palette film\u00e9e pour les articles volumineux et fragiles, les frais de retour \u00e9tant \u00e0 votre charge.<br \/>\nUne photo est demand\u00e9e avant envoi de la palette \u00e0 transmettre \u00e0 <a href=\"mailto:contact@planetoutdoor.eu\">contact@planetoutdoor.eu<\/a>, vous recevrez alors l&rsquo;adresse o\u00f9 retourner la marchandise.<\/p>\n<p>Merci de l&rsquo;apposer sous pli d\u00e9tachable avec votre nom (Exp\u00e9diteur), sur chaque carton et la r\u00e9f\u00e9rence commande. Tout manquement, entrainera un retard dans le remboursement.<br \/>\nSi vous le souhaitez, <a href=\"https:\/\/www.planetoutdoor.eu\/\">PLANET OUTDOOR<\/a> peut organiser le retour de la palette film\u00e9e ; dans ce cas ci-dessous, notre grille tarifaire pour le retour des produits d\u2019un poids sup\u00e9rieur \u00e0 30kg.<\/p>\n<table>\n<tbody>\n<tr>\n<td>Poids<\/td>\n<td>Tarifs TTC<\/td>\n<td>Tarifs corse TTC (suppl\u00e9ment de 50\u20ac)<\/td>\n<\/tr>\n<tr>\n<td>0-30Kg<\/td>\n<td>50\u20ac<\/td>\n<td>100\u20ac<\/td>\n<\/tr>\n<tr>\n<td>30-70Kg<\/td>\n<td>125\u20ac<\/td>\n<td>175\u20ac<\/td>\n<\/tr>\n<tr>\n<td>70-200Kg<\/td>\n<td>250\u20ac<\/td>\n<td>300\u20ac<\/td>\n<\/tr>\n<\/tbody>\n<\/table>\n<p>En cas de retours anormaux ou abusifs <a style=\"color: #3c3c3c;\" href=\"https:\/\/www.planetoutdoor.eu\/\" target=\"_blank\" rel=\"noopener noreferrer\">PLANET OUTDOOR<\/a> se r\u00e9serve le droit de refuser une commande ult\u00e9rieure.<\/p>\n<p><strong>ARTICLE 8 \u2013 LIVRAISONS<\/strong><\/p>\n<p>Les d\u00e9lais de livraison sont indiqu\u00e9s aussi exactement que possible, mais sont fonction des possibilit\u00e9s d\u2019approvisionnement et de transport du vendeur. Les d\u00e9passements de d\u00e9lais de livraison ne peuvent donner lieu \u00e0 dommages et int\u00e9r\u00eats, \u00e0 retenues ni \u00e0 annulation des commandes en cours. En cas de force majeure, le vendeur sera d\u00e9charg\u00e9 de son obligation de livrer. Est un cas de force majeure tout \u00e9v\u00e9nement impr\u00e9visible, ind\u00e9pendant de la volont\u00e9 du vendeur. En cas de commande de nouveaux produits, le d\u00e9lai de livraison est de 5 mois.<\/p>\n<p><strong>ARTICLE 9 \u2013 R\u00c9SERVE DE PROPRI\u00c9T\u00c9<\/strong><\/p>\n<p>Le vendeur conserve la propri\u00e9t\u00e9 des biens vendus jusqu\u2019au paiement effectif de l\u2019int\u00e9gralit\u00e9 du prix en principal et accessoires. Toutes clause contraire, notamment ins\u00e9r\u00e9e dans les conditions g\u00e9n\u00e9rales d\u2019achat, est r\u00e9put\u00e9e non \u00e9crite, conform\u00e9ment \u00e0 l\u2019article L621-22 du Code de commerce. Ne constitue pas paiement au sens de cette clause la remise d\u2019un titre cr\u00e9ant une obligation de payer (traite ou autre). Le d\u00e9faut de paiement de l\u2019une quelconque des \u00e9ch\u00e9ances pourra entra\u00eener la revendication des biens. Ces dispositions ne font pas obstacle au transfert \u00e0 l\u2019acheteur, d\u00e8s la livraison, des risques de perte et de d\u00e9t\u00e9rioration des biens vendus ainsi que des dommages qu\u2019ils pourraient occasionner. En cas d\u2019ouverture d\u2019un redressement ou d\u2019une liquidation judiciaire du client, notre soci\u00e9t\u00e9 se r\u00e9serve le droit de revendiquer, dans le cadre de la proc\u00e9dure collective, les marchandises vendues et rest\u00e9es impay\u00e9es.<\/p>\n<p><strong>ARTICLE 10 \u2013 CONDITIONS DE R\u00c8GLEMENT<\/strong><\/p>\n<p>Sauf convention contraire, les r\u00e8glements seront effectu\u00e9s aux conditions suivantes :<br \/>\n\u2013 soit au comptant,<br \/>\n\u2013 soit par virement ou ch\u00e8que \u00e0 30 jours nets date de facture.<br \/>\nEn cas d\u2019escompte pour paiement comptant, celui-ci sera d\u00e9duit de notre chiffre d\u2019affaires taxable. Le montant de la T.V.A. d\u00e9ductible doit \u00eatre diminu\u00e9 de celle aff\u00e9rente \u00e0 l\u2019escompte. Il ne sera donc pas envoy\u00e9 d\u2019avoir. A d\u00e9faut de paiement \u00e0 l\u2019une quelconque des \u00e9ch\u00e9ances, les autres \u00e9ch\u00e9ances deviendront imm\u00e9diatement exigibles, m\u00eame si elles donnent lieu \u00e0 des traites. De plus, et en application des dispositions l\u00e9gales, l\u2019acheteur sera de plein droit redevable d\u2019une p\u00e9nalit\u00e9 de retard exigible le lendemain de la date de r\u00e8glement, d\u2019un taux d\u2019int\u00e9r\u00eat \u00e9gal \u00e0 une fois et demie le taux d\u2019int\u00e9r\u00eat l\u00e9gal (loi du 31\/12\/93) et une indemnit\u00e9 forfaitaire pour frais de recouvrement de 40 euros sera appliqu\u00e9e (article L.441- 6). En cas de d\u00e9faut de paiement, et\/ou refus de couverture de notre soci\u00e9t\u00e9 d\u2019assurance-cr\u00e9dit, nous nous r\u00e9servons le droit d\u2019annuler les march\u00e9s en cours, et d\u2019exiger le r\u00e8glement imm\u00e9diat de toute cr\u00e9ance. Dans le cas d\u2019une premi\u00e8re commande (nouveau client) la livraison ne sera faite qu\u2019apr\u00e8s encaissement d\u2019un ch\u00e8que (ou virement) \u00e9mis \u00e0 r\u00e9ception d\u2019une facture pro-forma.<\/p>\n<p><strong>ARTICLE 11 \u2013 R\u00c8GLEMENT DES LITIGES : CLAUSE ATTRIBUTIVE DE COMP\u00c9TENCE TERRITORIALE<\/strong><\/p>\n<p>Tout litige relatif \u00e0 la vente, m\u00eame en cas de recours en garantie ou de pluralit\u00e9 de d\u00e9fendeurs, sera \u00e0 d\u00e9faut d\u2019accord amiable de la comp\u00e9tence exclusive du tribunal de commerce de Bordeaux.<\/p>\n<p><strong>ARTICLE 12 \u2013 MEDIATION<\/strong><\/p>\n<p>Conform\u00e9ment \u00e0 l&rsquo;article L. 612-1 du Code de la consommation, le consommateur, sous r\u00e9serve de l&rsquo;article L.612.2 du code de la consommation, a la facult\u00e9 d&rsquo;introduire une demande de r\u00e9solution amiable par voie de m\u00e9diation, dans un d\u00e9lai inf\u00e9rieur \u00e0 un an \u00e0 compter de sa r\u00e9clamation \u00e9crite aupr\u00e8s du professionnel.<\/p>\n<p>PLANET OUTDOOR a d\u00e9sign\u00e9, par adh\u00e9sion enregistr\u00e9e sous le num\u00e9ro 15924\/VM\/2502 la SAS M\u00e9diation Solution comme entit\u00e9 de m\u00e9diation de la consommation. Pour saisir le m\u00e9diateur, le consommateur doit formuler sa demande :<\/p>\n<ul>\n<li>Soit par \u00e9crit \u00e0 : Sas M\u00e9diation Solution &#8211; 222 chemin de la bergerie 01800 Saint Jean de Niost<\/li>\n<li>Soit par mail \u00e0 : contact@sasmediationsolution-conso.fr<\/li>\n<li>Soit en remplissant le formulaire en ligne intitul\u00e9 \u00ab Saisir le m\u00e9diateur \u00bb sur le site https:\/\/www.sasmediationsolutionconso.fr<\/li>\n<\/ul>\n<p>Quel que soit le moyen de saisine utilis\u00e9, la demande doit imp\u00e9rativement contenir :<\/p>\n<ul>\n<li>Les coordonn\u00e9es postales, t\u00e9l\u00e9phoniques et \u00e9lectroniques du demandeur<\/li>\n<li>Le nom, l&rsquo;adresse et le num\u00e9ro d&rsquo;enregistrement chez Sas M\u00e9diation Solution, du professionnel concern\u00e9<\/li>\n<li>Un expos\u00e9 succinct des faits<\/li>\n<li>Une copie de la r\u00e9clamation pr\u00e9alable<\/li>\n<li>Tous documents permettant l&rsquo;instruction de la demande (bon de commande, facture, justificatif de paiement, etc.)<\/li>\n<\/ul>\n<p><strong>ARTICLE 13 \u2013 ETIQUETAGE ET EMBALLAGE<\/strong><\/p>\n<p>Nos articles sont \u00e9tiquet\u00e9s et emball\u00e9s conform\u00e9ment \u00e0 la r\u00e9glementation en vigueur. A la demande expresse de nos clients, nous pouvons modifier l\u2019\u00e9tiquetage ou l\u2019emballage, conform\u00e9ment \u00e0 des cahiers des charges sp\u00e9cifiques. En aucun cas, un d\u00e9faut constat\u00e9 par rapport \u00e0 cet emballage ou \u00e9tiquetage sp\u00e9cifique ne peut donner lieu \u00e0 dommages et int\u00e9r\u00eats ou p\u00e9nalit\u00e9s de quelque nature que ce soit.<\/p>\n<p><strong>ARTICLE 14 \u2013 ECO-PARTICIPATIONS-IDENTIFIANTS UNIQUES<\/strong><\/p>\n<p>14.1. <a style=\"color: #3c3c3c;\" href=\"https:\/\/www.planetoutdoor.eu\/\" target=\"_blank\" rel=\"noopener noreferrer\">PLANET OUTDOOR<\/a> est enregistr\u00e9 au registre des metteurs sur le march\u00e9 d\u2019 \u00ab Articles de Bricolage \u00bb et de Jardin sous le N\u00b0<b>FR289638_14CHUG<\/b> et de \u00ab Jouets \u00bb sous le N\u00b0<b>FR289638_12OXEN<\/b>. Ces num\u00e9ros garantissent que <a style=\"color: #3c3c3c;\" href=\"https:\/\/www.planetoutdoor.eu\/\" target=\"_blank\" rel=\"noopener noreferrer\">PLANET OUTDOOR<\/a>, en adh\u00e9rant \u00e0 EcoMaison, se met en conformit\u00e9 avec les obligations r\u00e9glementaires qui lui incombent en application de l\u2019article de l\u2019article 541-10 et 541-10-1 10\u00b0 du Code de l\u2019Environnement.<\/p>\n<p>14.2. L\u2019identifiant unique <b>FR044049_055NEA<\/b>, attribu\u00e9 par l\u2019ADEME atteste de l\u2019enregistrement de <a style=\"color: #3c3c3c;\" href=\"https:\/\/www.planetoutdoor.eu\/\" target=\"_blank\" rel=\"noopener noreferrer\">PLANET OUTDOOR<\/a> au registre des producteurs de la fili\u00e8re d\u2019Equipements Electriques et Electroniques (EEE). Cet identifiant garantit que <a style=\"color: #3c3c3c;\" href=\"https:\/\/www.planetoutdoor.eu\/\" target=\"_blank\" rel=\"noopener noreferrer\">PLANET OUTDOOR<\/a>, en adh\u00e9rant \u00e0 Ecosystem, se met en conformit\u00e9 avec les obligations r\u00e9glementaires qui lui incombent en application de l\u2019article de l\u2019article 541-10 et 541-10-1 10\u00b0 du Code de l\u2019Environnement.<\/p>\n<p>14.3. L\u2019identifiant unique FR394521_01NJDV, attribu\u00e9 par l\u2019ADEME atteste de l\u2019enregistrement de PLANET OUTDOOR au registre des producteurs de la fili\u00e8re Emballages M\u00e9nagers et Papiers<br \/>\nGraphiques (EMBM). Cet identifiant garantit que PLANET OUTDOOR, en adh\u00e9rant \u00e0 Citeo, se met en conformit\u00e9 avec les obligations r\u00e9glementaires qui lui incombent en application de l\u2019article de l\u2019article 541-10 et 541-10-1 10\u00b0 du Code de l\u2019Environnement.<\/p>\n<p><strong>ARTICLE 15 \u2013 AVIS CLIENT<\/strong><\/p>\n<p>En passant une commande vous acceptez \u00e9galement de recevoir un email pour vous demander votre avis \u00e0 propos de votre commande.<\/p>\n","protected":false},"excerpt":{"rendered":"<p>ARTICLE 1 \u2013 CLAUSE G\u00c9N\u00c9RALE Nos ventes sont soumises aux pr\u00e9sentes conditions g\u00e9n\u00e9rales qui pr\u00e9valent sur toute condition d\u2019achat, sauf d\u00e9rogation formelle et expresse de notre soci\u00e9t\u00e9. Les pr\u00e9sentes conditions g\u00e9n\u00e9rales de vente s\u2019appliquent \u00e0 toutes les ventes de produits de notre soci\u00e9t\u00e9 sauf accord sp\u00e9cifique pr\u00e9alable \u00e0 notre commande, convenu par \u00e9crit par les <a class=\"read-more\" href=\"https:\/\/www.planetoutdoor.eu\/boutique\/conditions-generales-de-vente\/\">Read More<\/a><\/p>\n","protected":false},"author":1,"featured_media":0,"parent":0,"menu_order":0,"comment_status":"closed","ping_status":"closed","template":"","meta":{"footnotes":""},"yoast_head":"<!-- This site is optimized with the Yoast SEO plugin v22.7 - https:\/\/yoast.com\/wordpress\/plugins\/seo\/ -->\n<title>Conditions g\u00e9n\u00e9rales de vente - Boutique Planet Outdoor<\/title>\n<meta name=\"robots\" content=\"index, follow, max-snippet:-1, max-image-preview:large, max-video-preview:-1\" \/>\n<link rel=\"canonical\" href=\"https:\/\/www.planetoutdoor.eu\/boutique\/conditions-generales-de-vente\/\" \/>\n<meta property=\"og:locale\" content=\"fr_FR\" \/>\n<meta property=\"og:type\" content=\"article\" \/>\n<meta property=\"og:title\" content=\"Conditions g\u00e9n\u00e9rales de vente - Boutique Planet Outdoor\" \/>\n<meta property=\"og:description\" content=\"ARTICLE 1 \u2013 CLAUSE G\u00c9N\u00c9RALE Nos ventes sont soumises aux pr\u00e9sentes conditions g\u00e9n\u00e9rales qui pr\u00e9valent sur toute condition d\u2019achat, sauf d\u00e9rogation formelle et expresse de notre soci\u00e9t\u00e9. Les pr\u00e9sentes conditions g\u00e9n\u00e9rales de vente s\u2019appliquent \u00e0 toutes les ventes de produits de notre soci\u00e9t\u00e9 sauf accord sp\u00e9cifique pr\u00e9alable \u00e0 notre commande, convenu par \u00e9crit par les Read More\" \/>\n<meta property=\"og:url\" content=\"https:\/\/www.planetoutdoor.eu\/boutique\/conditions-generales-de-vente\/\" \/>\n<meta property=\"og:site_name\" content=\"Boutique Planet Outdoor\" \/>\n<meta property=\"article:publisher\" content=\"https:\/\/www.facebook.com\/PlanetOutdoorFrance\" \/>\n<meta property=\"article:modified_time\" content=\"2026-01-26T14:06:12+00:00\" \/>\n<meta name=\"twitter:card\" content=\"summary_large_image\" \/>\n<meta name=\"twitter:label1\" content=\"Dur\u00e9e de lecture estim\u00e9e\" \/>\n\t<meta name=\"twitter:data1\" content=\"10 minutes\" \/>\n<script type=\"application\/ld+json\" class=\"yoast-schema-graph\">{\"@context\":\"https:\/\/schema.org\",\"@graph\":[{\"@type\":\"WebPage\",\"@id\":\"https:\/\/www.planetoutdoor.eu\/boutique\/conditions-generales-de-vente\/\",\"url\":\"https:\/\/www.planetoutdoor.eu\/boutique\/conditions-generales-de-vente\/\",\"name\":\"Conditions g\u00e9n\u00e9rales de vente - Boutique Planet Outdoor\",\"isPartOf\":{\"@id\":\"https:\/\/www.planetoutdoor.eu\/boutique\/#website\"},\"datePublished\":\"2024-01-29T17:36:22+00:00\",\"dateModified\":\"2026-01-26T14:06:12+00:00\",\"breadcrumb\":{\"@id\":\"https:\/\/www.planetoutdoor.eu\/boutique\/conditions-generales-de-vente\/#breadcrumb\"},\"inLanguage\":\"fr-FR\",\"potentialAction\":[{\"@type\":\"ReadAction\",\"target\":[\"https:\/\/www.planetoutdoor.eu\/boutique\/conditions-generales-de-vente\/\"]}]},{\"@type\":\"BreadcrumbList\",\"@id\":\"https:\/\/www.planetoutdoor.eu\/boutique\/conditions-generales-de-vente\/#breadcrumb\",\"itemListElement\":[{\"@type\":\"ListItem\",\"position\":1,\"name\":\"Accueil\",\"item\":\"https:\/\/www.planetoutdoor.eu\/boutique\/\"},{\"@type\":\"ListItem\",\"position\":2,\"name\":\"Conditions g\u00e9n\u00e9rales de vente\"}]},{\"@type\":\"WebSite\",\"@id\":\"https:\/\/www.planetoutdoor.eu\/boutique\/#website\",\"url\":\"https:\/\/www.planetoutdoor.eu\/boutique\/\",\"name\":\"Boutique Planet Outdoor\",\"description\":\"\",\"publisher\":{\"@id\":\"https:\/\/www.planetoutdoor.eu\/boutique\/#organization\"},\"potentialAction\":[{\"@type\":\"SearchAction\",\"target\":{\"@type\":\"EntryPoint\",\"urlTemplate\":\"https:\/\/www.planetoutdoor.eu\/boutique\/?s={search_term_string}\"},\"query-input\":\"required name=search_term_string\"}],\"inLanguage\":\"fr-FR\"},{\"@type\":\"Organization\",\"@id\":\"https:\/\/www.planetoutdoor.eu\/boutique\/#organization\",\"name\":\"Boutique Planet Outdoor\",\"url\":\"https:\/\/www.planetoutdoor.eu\/boutique\/\",\"logo\":{\"@type\":\"ImageObject\",\"inLanguage\":\"fr-FR\",\"@id\":\"https:\/\/www.planetoutdoor.eu\/boutique\/#\/schema\/logo\/image\/\",\"url\":\"https:\/\/www.planetoutdoor.eu\/boutique\/wp-content\/uploads\/2024\/01\/logo_planet_outdoor.png\",\"contentUrl\":\"https:\/\/www.planetoutdoor.eu\/boutique\/wp-content\/uploads\/2024\/01\/logo_planet_outdoor.png\",\"width\":265,\"height\":262,\"caption\":\"Boutique Planet Outdoor\"},\"image\":{\"@id\":\"https:\/\/www.planetoutdoor.eu\/boutique\/#\/schema\/logo\/image\/\"},\"sameAs\":[\"https:\/\/www.facebook.com\/PlanetOutdoorFrance\"]}]}<\/script>\n<!-- \/ Yoast SEO plugin. -->","yoast_head_json":{"title":"Conditions g\u00e9n\u00e9rales de vente - Boutique Planet Outdoor","robots":{"index":"index","follow":"follow","max-snippet":"max-snippet:-1","max-image-preview":"max-image-preview:large","max-video-preview":"max-video-preview:-1"},"canonical":"https:\/\/www.planetoutdoor.eu\/boutique\/conditions-generales-de-vente\/","og_locale":"fr_FR","og_type":"article","og_title":"Conditions g\u00e9n\u00e9rales de vente - Boutique Planet Outdoor","og_description":"ARTICLE 1 \u2013 CLAUSE G\u00c9N\u00c9RALE Nos ventes sont soumises aux pr\u00e9sentes conditions g\u00e9n\u00e9rales qui pr\u00e9valent sur toute condition d\u2019achat, sauf d\u00e9rogation formelle et expresse de notre soci\u00e9t\u00e9. Les pr\u00e9sentes conditions g\u00e9n\u00e9rales de vente s\u2019appliquent \u00e0 toutes les ventes de produits de notre soci\u00e9t\u00e9 sauf accord sp\u00e9cifique pr\u00e9alable \u00e0 notre commande, convenu par \u00e9crit par les Read More","og_url":"https:\/\/www.planetoutdoor.eu\/boutique\/conditions-generales-de-vente\/","og_site_name":"Boutique Planet Outdoor","article_publisher":"https:\/\/www.facebook.com\/PlanetOutdoorFrance","article_modified_time":"2026-01-26T14:06:12+00:00","twitter_card":"summary_large_image","twitter_misc":{"Dur\u00e9e de lecture estim\u00e9e":"10 minutes"},"schema":{"@context":"https:\/\/schema.org","@graph":[{"@type":"WebPage","@id":"https:\/\/www.planetoutdoor.eu\/boutique\/conditions-generales-de-vente\/","url":"https:\/\/www.planetoutdoor.eu\/boutique\/conditions-generales-de-vente\/","name":"Conditions g\u00e9n\u00e9rales de vente - Boutique Planet Outdoor","isPartOf":{"@id":"https:\/\/www.planetoutdoor.eu\/boutique\/#website"},"datePublished":"2024-01-29T17:36:22+00:00","dateModified":"2026-01-26T14:06:12+00:00","breadcrumb":{"@id":"https:\/\/www.planetoutdoor.eu\/boutique\/conditions-generales-de-vente\/#breadcrumb"},"inLanguage":"fr-FR","potentialAction":[{"@type":"ReadAction","target":["https:\/\/www.planetoutdoor.eu\/boutique\/conditions-generales-de-vente\/"]}]},{"@type":"BreadcrumbList","@id":"https:\/\/www.planetoutdoor.eu\/boutique\/conditions-generales-de-vente\/#breadcrumb","itemListElement":[{"@type":"ListItem","position":1,"name":"Accueil","item":"https:\/\/www.planetoutdoor.eu\/boutique\/"},{"@type":"ListItem","position":2,"name":"Conditions g\u00e9n\u00e9rales de vente"}]},{"@type":"WebSite","@id":"https:\/\/www.planetoutdoor.eu\/boutique\/#website","url":"https:\/\/www.planetoutdoor.eu\/boutique\/","name":"Boutique Planet Outdoor","description":"","publisher":{"@id":"https:\/\/www.planetoutdoor.eu\/boutique\/#organization"},"potentialAction":[{"@type":"SearchAction","target":{"@type":"EntryPoint","urlTemplate":"https:\/\/www.planetoutdoor.eu\/boutique\/?s={search_term_string}"},"query-input":"required name=search_term_string"}],"inLanguage":"fr-FR"},{"@type":"Organization","@id":"https:\/\/www.planetoutdoor.eu\/boutique\/#organization","name":"Boutique Planet Outdoor","url":"https:\/\/www.planetoutdoor.eu\/boutique\/","logo":{"@type":"ImageObject","inLanguage":"fr-FR","@id":"https:\/\/www.planetoutdoor.eu\/boutique\/#\/schema\/logo\/image\/","url":"https:\/\/www.planetoutdoor.eu\/boutique\/wp-content\/uploads\/2024\/01\/logo_planet_outdoor.png","contentUrl":"https:\/\/www.planetoutdoor.eu\/boutique\/wp-content\/uploads\/2024\/01\/logo_planet_outdoor.png","width":265,"height":262,"caption":"Boutique Planet Outdoor"},"image":{"@id":"https:\/\/www.planetoutdoor.eu\/boutique\/#\/schema\/logo\/image\/"},"sameAs":["https:\/\/www.facebook.com\/PlanetOutdoorFrance"]}]}},"_links":{"self":[{"href":"https:\/\/www.planetoutdoor.eu\/boutique\/wp-json\/wp\/v2\/pages\/11"}],"collection":[{"href":"https:\/\/www.planetoutdoor.eu\/boutique\/wp-json\/wp\/v2\/pages"}],"about":[{"href":"https:\/\/www.planetoutdoor.eu\/boutique\/wp-json\/wp\/v2\/types\/page"}],"author":[{"embeddable":true,"href":"https:\/\/www.planetoutdoor.eu\/boutique\/wp-json\/wp\/v2\/users\/1"}],"replies":[{"embeddable":true,"href":"https:\/\/www.planetoutdoor.eu\/boutique\/wp-json\/wp\/v2\/comments?post=11"}],"version-history":[{"count":9,"href":"https:\/\/www.planetoutdoor.eu\/boutique\/wp-json\/wp\/v2\/pages\/11\/revisions"}],"predecessor-version":[{"id":9356,"href":"https:\/\/www.planetoutdoor.eu\/boutique\/wp-json\/wp\/v2\/pages\/11\/revisions\/9356"}],"wp:attachment":[{"href":"https:\/\/www.planetoutdoor.eu\/boutique\/wp-json\/wp\/v2\/media?parent=11"}],"curies":[{"name":"wp","href":"https:\/\/api.w.org\/{rel}","templated":true}]}}