{"id":3,"date":"2024-01-09T14:15:28","date_gmt":"2024-01-09T13:15:28","guid":{"rendered":"https:\/\/www.planetoutdoor.eu\/boutique\/?page_id=3"},"modified":"2025-05-22T14:26:23","modified_gmt":"2025-05-22T12:26:23","slug":"politique-de-confidentialite","status":"publish","type":"page","link":"https:\/\/www.planetoutdoor.eu\/boutique\/politique-de-confidentialite\/","title":{"rendered":"Politique de confidentialit\u00e9"},"content":{"rendered":"<p><a style=\"color: #3c3c3c;\" href=\"https:\/\/www.planetoutdoor.eu\/\" target=\"_blank\" rel=\"noopener noreferrer\">PLANET OUTDOOR<\/a> est particuli\u00e8rement attentive \u00e0 vos attentes et nous souhaitons pr\u00e9server la confiance que vous nous portez. Concernant les donn\u00e9es personnelles que vous nous confiez nous vous informons de mani\u00e8re transparente sur notre politique en mati\u00e8re de d\u00e9p\u00f4t et d\u2019utilisation des cookies depuis notre Boutique www.planetoutdoor.eu\/boutique\/ vers votre terminal de connexion.<\/p>\n<h2 style=\"margin-bottom: 10px;\">Gestion des donn\u00e9es personnelles<\/h2>\n<p>En France, les donn\u00e9es personnelles sont notamment prot\u00e9g\u00e9es par la loi n\u00b0 78-87 du 6 janvier 1978, la loi n\u00b0 2004-801 du 6 ao\u00fbt 2004, l\u2019article L. 226-13 du Code p\u00e9nal et la Directive Europ\u00e9enne du 24 octobre 1995.<\/p>\n<p>\u00c0 l\u2019occasion de l\u2019utilisation du site <a href=\"https:\/\/www.planetoutdoor.eu\/boutique\/\">www.planetoutdoor.eu\/boutique\/<\/a>, peuvent \u00eatres recueillies : l\u2019URL des liens par l\u2019interm\u00e9diaire desquels l\u2019utilisateur a acc\u00e9d\u00e9 au site <a href=\"https:\/\/www.planetoutdoor.eu\/boutique\/\">www.planetoutdoor.eu\/boutique\/<\/a>, le fournisseur d\u2019acc\u00e8s de l\u2019utilisateur, l\u2019adresse de protocole Internet (IP) de l\u2019utilisateur.<\/p>\n<p>En tout \u00e9tat de cause PLANET OUTDOOR ne collecte des informations personnelles relatives \u00e0 l\u2019utilisateur que pour le besoin de certains services propos\u00e9s par le site <a href=\"https:\/\/www.planetoutdoor.eu\/boutique\/\">www.planetoutdoor.eu\/boutique\/<\/a>. L\u2019utilisateur fournit ces informations en toute connaissance de cause, notamment lorsqu&rsquo;il proc\u00e8de par lui-m\u00eame \u00e0 leur saisie. Il est alors pr\u00e9cis\u00e9 \u00e0 l\u2019utilisateur du site <a href=\"https:\/\/www.planetoutdoor.eu\/boutique\/\">www.planetoutdoor.eu\/boutique\/<\/a> l&rsquo;obligation ou non de fournir ces informations.<\/p>\n<p>Conform\u00e9ment \u00e0 la loi \u00ab Informatique et Libert\u00e9s \u00bb du 6 janvier 1978 modifi\u00e9e par la loi du 6 ao\u00fbt 2004 (articles 38 \u00e0 43 de la loi n\u00b0 78-17 du 6 janvier 1978 relative \u00e0 l\u2019informatique, aux fichiers et aux libert\u00e9s), tout utilisateur dispose d\u2019un droit d\u2019acc\u00e8s, de rectification et d\u2019opposition aux donn\u00e9es personnelles le concernant, en effectuant sa demande \u00e9crite et sign\u00e9e, accompagn\u00e9e d\u2019une copie du titre d\u2019identit\u00e9 avec signature du titulaire de la pi\u00e8ce, en pr\u00e9cisant l\u2019adresse \u00e0 laquelle la r\u00e9ponse doit \u00eatre envoy\u00e9e. Aucune information personnelle de l\u2019utilisateur du site <a href=\"https:\/\/www.planetoutdoor.eu\/boutique\/\">www.planetoutdoor.eu\/boutique\/<\/a> n\u2019est publi\u00e9e \u00e0 l\u2019insu de l\u2019utilisateur, \u00e9chang\u00e9e, transf\u00e9r\u00e9e, c\u00e9d\u00e9e ou vendue sur un support quelconque \u00e0 des tiers. Seule l\u2019hypoth\u00e8se du rachat de PLANET OUTDOOR et de ses droits permettrait la transmission des dites informations \u00e0 l\u2019\u00e9ventuel acqu\u00e9reur qui serait \u00e0 son tour tenu de la m\u00eame obligation de conservation et de modification des donn\u00e9es vis \u00e0 vis de l\u2019utilisateur du site <a href=\"https:\/\/www.planetoutdoor.eu\/boutique\/\">www.planetoutdoor.eu\/boutique\/<\/a>.<\/p>\n<p>Le site n\u2019est pas d\u00e9clar\u00e9 \u00e0 la <a href=\"http:\/\/www.cnil.fr\/\" target=\"_blank\" rel=\"noopener\">CNIL<\/a> car il ne recueille pas d\u2019informations personnelles.<\/p>\n<p>Les bases de donn\u00e9es sont prot\u00e9g\u00e9es par les dispositions de la loi du 1er juillet 1998 transposant la directive 96\/9 du 11 mars 1996 relative \u00e0 la protection juridique des bases de donn\u00e9es.<\/p>\n<h2>Cookies<\/h2>\n<h3>Qu\u2019est-ce qu\u2019un cookie ?<\/h3>\n<p>Les cookies sont de petits fichiers texte, image ou logiciel, qui sont plac\u00e9s et stock\u00e9s sur votre ordinateur, votre smartphone ou tout autre appareil permettant de naviguer sur Internet, lorsque vous visitez un site Web. Tr\u00e8s utiles, les cookies permettent \u00e0 un site Internet de vous reconna\u00eetre, de signaler votre passage sur telle ou telle page et de vous apporter ainsi un service additionnel : am\u00e9lioration de votre confort de navigation, s\u00e9curisation de votre connexion ou adaptation du contenu d\u2019une page \u00e0 vos centres d\u2019int\u00e9r\u00eat.<\/p>\n<p>Les informations stock\u00e9es par les cookies, pendant une dur\u00e9e de validit\u00e9 limit\u00e9e, portent notamment sur les pages visit\u00e9es, les publicit\u00e9s sur lesquelles vous avez cliqu\u00e9es, le type de navigateur que vous utilisez, votre adresse IP, les informations que vous avez saisies sur un site afin de vous \u00e9viter de les saisir \u00e0 nouveau.<\/p>\n<h3>Types de cookies d\u00e9pos\u00e9s par le Site<\/h3>\n<p><u>Cookies WooCommerce<\/u><br \/>\nWooCommerce utilise des cookies notamment pour conserver les produits dans le panier d\u2019une page \u00e0 l\u2019autre.<br \/>\nListe des cookies WooCommerce : \u00ab PHPSESSID \u00bb, \u00ab wc_cart_hash_# \u00bb, \u00ab wc_fragments_# \u00bb.<\/p>\n<p><u>Cookies Youtube<\/u><br \/>\nNous utilisons Youtube sur certaines pages produit pour afficher la vid\u00e9o de pr\u00e9sentation et Youtube utilise des cookies pour son fonctionnement.<br \/>\nListe des cookies Youtube : \u00ab TESTCOOKIESENABLED \u00bb, \u00ab LAST_RESULT_ENTRY_KEY \u00bb, \u00ab YSC \u00bb et \u00ab VISITOR_INFO1_LIVE \u00bb.<\/p>\n<p><u>Cookies Google reCAPTCHA<\/u><br \/>\nNous utilisons le service reCAPTCHA de Google Inc. (Google) pour prot\u00e9ger les entr\u00e9es du formulaire de contact. Ce service est utilis\u00e9 pour diff\u00e9rencier les entr\u00e9es faites par un \u00eatre humain des abus automatis\u00e9s. Cela implique l\u2019envoi de l\u2019adresse IP et \u00e9ventuellement d\u2019autres donn\u00e9es requises par Google pour le service reCAPTCHA. \u00c0 cette fin, vos donn\u00e9es seront communiqu\u00e9es \u00e0 Google et utilis\u00e9es par leurs services. Toutefois, votre adresse IP sera pr\u00e9alablement raccourcie par Google dans les \u00c9tats membres de l\u2019Union europ\u00e9enne \u2013 ou dans d\u2019autres \u00c9tats qui font partie de l\u2019accord sur l\u2019Espace \u00e9conomique europ\u00e9en \u2013 et sera ainsi anonyme. Dans certains cas exceptionnels, votre adresse IP compl\u00e8te sera transmise \u00e0 un serveur de Google aux \u00c9tats-Unis et raccourcie ensuite. Au nom de l\u2019exploitant de ce site web, Google utilisera ces informations pour \u00e9valuer votre utilisation de ce service. L\u2019adresse IP fournie par reCAPTCHA par votre navigateur ne sera pas fusionn\u00e9e avec d\u2019autres donn\u00e9es de Google. Cette collection des donn\u00e9es est sujette \u00e0 la Charte de confidentialit\u00e9 de Google. Pour plus d\u2019informations concernant la politique de confidentialit\u00e9 de Google, rendez-vous sur la page : <a href=\"https:\/\/policies.google.com\/privacy?hl=fr\" target=\"_blank\" rel=\"noopener external nofollow noreferrer\">https:\/\/policies.google.com\/privacy?hl=fr<\/a><br \/>\nEn utilisant le service reCAPTCHA, vous consentez au traitement des donn\u00e9es vous concernant par Google, de la mani\u00e8re et aux fins \u00e9nonc\u00e9es ci-dessus. Liste des cookies Google reCAPTCHA : \u00ab _GRECAPTCHA \u00bb, \u00ab _grecaptcha \u00bb,\u00ab rc::a \u00bb, \u00ab rc::b \u00bb, \u00ab rc::c \u00bb.<\/p>\n<p><u>Cookie de consentement des cookies<\/u><br \/>\nPour enregistrer votre consentement d&rsquo;utilisation des cookies, le cookie \u00ab cookie_notice_accepted \u00bb permet de retenir votre choix pour une dur\u00e9e d&rsquo;un an.<\/p>\n<p>En poursuivant votre navigation sur notre Site, vous acceptez le d\u00e9p\u00f4t de cookies sur votre terminal. Vous pouvez revenir sur cette d\u00e9cision \u00e0 tout moment en vous opposant au d\u00e9p\u00f4t des cookies.<\/p>\n<h3>Droit d\u2019acc\u00e8s et d\u2019opposition<\/h3>\n<p>Conform\u00e9ment \u00e0 la r\u00e9glementation, vous disposez d\u2019un droit d\u2019opposition et d\u2019acc\u00e8s sur les donn\u00e9es vous concernant.<\/p>\n<p>Vous pouvez exercer votre droit d\u2019acc\u00e8s en nous envoyant une copie du ou des cookie(s) d\u00e9pos\u00e9s sur votre terminal en utilisant le formulaire de contact du site.<\/p>\n<p>Vous pouvez vous opposer au d\u00e9p\u00f4t de cookies qui vous est adress\u00e9 en utilisant les param\u00e8tres appropri\u00e9s de votre navigateur concernant les cookies, le mode navigation priv\u00e9e ou encore le param\u00e9trage \u00ab Do Not Track \u00bb de votre navigateur.<\/p>\n<p>Selon votre navigateur, vous disposez des options suivantes : accepter ou rejeter les cookies de toute origine ou d\u2019une provenance donn\u00e9e ou encore programmer l\u2019affichage d\u2019un message vous demandant votre accord \u00e0 chaque fois qu\u2019un cookie est d\u00e9pos\u00e9 sur votre terminal.<\/p>\n<p>Pour exprimer ou revenir sur vos choix, reportez-vous au menu d&rsquo;aide ou \u00e0 la rubrique d\u00e9di\u00e9e de votre navigateur. \u00c0 titre d\u2019exemple vous pouvez obtenir plus d\u2019information sur les pages suivantes :<br \/>\n<a href=\"https:\/\/support.microsoft.com\/fr-fr\/microsoft-edge\/supprimer-les-cookies-dans-microsoft-edge-63947406-40ac-c3b8-57b9-2a946a29ae09\" target=\"_blank\" rel=\"noopener noreferrer\">Microsoft Edge<\/a><br \/>\n<a href=\"https:\/\/support.microsoft.com\/fr-fr\/help\/17442\/windows-internet-explorer-delete-manage-cookies\" target=\"_blank\" rel=\"noopener noreferrer\">Internet Explorer<\/a><br \/>\n<a href=\"https:\/\/support.apple.com\/fr-fr\/guide\/safari\/sfri11471\/mac\" target=\"_blank\" rel=\"noopener noreferrer\">Safari<\/a><br \/>\n<a href=\"http:\/\/support.google.com\/chrome\/bin\/answer.py?hl=fr&amp;hlrm=en&amp;answer=95647\" target=\"_blank\" rel=\"noopener noreferrer\">Chrome<\/a><br \/>\n<a href=\"https:\/\/support.mozilla.org\/fr\/kb\/activer-desactiver-cookies?redirectlocale=fr&amp;redirectslug=Activer+et+d%C3%A9sactiver+les+cookies\" target=\"_blank\" rel=\"noopener noreferrer\">Firefox<\/a><br \/>\n<a href=\"https:\/\/help.opera.com\/en\/latest\/web-preferences\/#cookies\" target=\"_blank\" rel=\"noopener noreferrer\">Opera<\/a><\/p>\n<p>Pour les p\u00e9riph\u00e9riques mobiles, vous pouvez consulter les liens suivants :<br \/>\n<a href=\"https:\/\/support.google.com\/accounts\/answer\/61416?hl=fr&amp;ref_topic=2373959\" target=\"_blank\" rel=\"noopener noreferrer\">Chrome<\/a><br \/>\n<a href=\"http:\/\/support.apple.com\/kb\/HT1677\" target=\"_blank\" rel=\"noopener noreferrer\">Safari<\/a><br \/>\n<a href=\"https:\/\/support.microsoft.com\/fr-fr\/help\/10609\/microsoft-edge-windows-10-mobile-view-delete-browser-history\" target=\"_blank\" rel=\"noopener noreferrer\">Windows Phone<\/a><\/p>\n<p>Pour une meilleure connaissance et ma\u00eetrise des cookies de toute origine et pas seulement ceux de notre Site, nous vous invitons \u00e0 consulter le site <a href=\"https:\/\/www.youronlinechoices.com\/fr\/\" target=\"_blank\" rel=\"nofollow noopener\">Youronlinechoices<\/a>, \u00e9dit\u00e9 par l\u2019Interactive Advertising Bureau France (IAB).<\/p>\n","protected":false},"excerpt":{"rendered":"<p>PLANET OUTDOOR est particuli\u00e8rement attentive \u00e0 vos attentes et nous souhaitons pr\u00e9server la confiance que vous nous portez. Concernant les donn\u00e9es personnelles que vous nous confiez nous vous informons de mani\u00e8re transparente sur notre politique en mati\u00e8re de d\u00e9p\u00f4t et d\u2019utilisation des cookies depuis notre Boutique www.planetoutdoor.eu\/boutique\/ vers votre terminal de connexion. Gestion des donn\u00e9es <a class=\"read-more\" href=\"https:\/\/www.planetoutdoor.eu\/boutique\/politique-de-confidentialite\/\">Read More<\/a><\/p>\n","protected":false},"author":1,"featured_media":0,"parent":0,"menu_order":0,"comment_status":"closed","ping_status":"closed","template":"","meta":{"footnotes":""},"yoast_head":"<!-- This site is optimized with the Yoast SEO plugin v22.7 - https:\/\/yoast.com\/wordpress\/plugins\/seo\/ -->\n<title>Politique de confidentialit\u00e9 - Boutique Planet Outdoor<\/title>\n<meta name=\"robots\" content=\"noindex, follow\" \/>\n<meta property=\"og:locale\" content=\"fr_FR\" \/>\n<meta property=\"og:type\" content=\"article\" \/>\n<meta property=\"og:title\" content=\"Politique de confidentialit\u00e9 - Boutique Planet Outdoor\" \/>\n<meta property=\"og:description\" content=\"PLANET OUTDOOR est particuli\u00e8rement attentive \u00e0 vos attentes et nous souhaitons pr\u00e9server la confiance que vous nous portez. Concernant les donn\u00e9es personnelles que vous nous confiez nous vous informons de mani\u00e8re transparente sur notre politique en mati\u00e8re de d\u00e9p\u00f4t et d\u2019utilisation des cookies depuis notre Boutique www.planetoutdoor.eu\/boutique\/ vers votre terminal de connexion. Gestion des donn\u00e9es Read More\" \/>\n<meta property=\"og:url\" content=\"https:\/\/www.planetoutdoor.eu\/boutique\/politique-de-confidentialite\/\" \/>\n<meta property=\"og:site_name\" content=\"Boutique Planet Outdoor\" \/>\n<meta property=\"article:publisher\" content=\"https:\/\/www.facebook.com\/PlanetOutdoorFrance\" \/>\n<meta property=\"article:modified_time\" content=\"2025-05-22T12:26:23+00:00\" \/>\n<meta name=\"twitter:card\" content=\"summary_large_image\" \/>\n<meta name=\"twitter:label1\" content=\"Dur\u00e9e de lecture estim\u00e9e\" \/>\n\t<meta name=\"twitter:data1\" content=\"6 minutes\" \/>\n<script type=\"application\/ld+json\" class=\"yoast-schema-graph\">{\"@context\":\"https:\/\/schema.org\",\"@graph\":[{\"@type\":\"WebPage\",\"@id\":\"https:\/\/www.planetoutdoor.eu\/boutique\/politique-de-confidentialite\/\",\"url\":\"https:\/\/www.planetoutdoor.eu\/boutique\/politique-de-confidentialite\/\",\"name\":\"Politique de confidentialit\u00e9 - Boutique Planet Outdoor\",\"isPartOf\":{\"@id\":\"https:\/\/www.planetoutdoor.eu\/boutique\/#website\"},\"datePublished\":\"2024-01-09T13:15:28+00:00\",\"dateModified\":\"2025-05-22T12:26:23+00:00\",\"breadcrumb\":{\"@id\":\"https:\/\/www.planetoutdoor.eu\/boutique\/politique-de-confidentialite\/#breadcrumb\"},\"inLanguage\":\"fr-FR\",\"potentialAction\":[{\"@type\":\"ReadAction\",\"target\":[\"https:\/\/www.planetoutdoor.eu\/boutique\/politique-de-confidentialite\/\"]}]},{\"@type\":\"BreadcrumbList\",\"@id\":\"https:\/\/www.planetoutdoor.eu\/boutique\/politique-de-confidentialite\/#breadcrumb\",\"itemListElement\":[{\"@type\":\"ListItem\",\"position\":1,\"name\":\"Accueil\",\"item\":\"https:\/\/www.planetoutdoor.eu\/boutique\/\"},{\"@type\":\"ListItem\",\"position\":2,\"name\":\"Politique de confidentialit\u00e9\"}]},{\"@type\":\"WebSite\",\"@id\":\"https:\/\/www.planetoutdoor.eu\/boutique\/#website\",\"url\":\"https:\/\/www.planetoutdoor.eu\/boutique\/\",\"name\":\"Boutique Planet Outdoor\",\"description\":\"\",\"publisher\":{\"@id\":\"https:\/\/www.planetoutdoor.eu\/boutique\/#organization\"},\"potentialAction\":[{\"@type\":\"SearchAction\",\"target\":{\"@type\":\"EntryPoint\",\"urlTemplate\":\"https:\/\/www.planetoutdoor.eu\/boutique\/?s={search_term_string}\"},\"query-input\":\"required name=search_term_string\"}],\"inLanguage\":\"fr-FR\"},{\"@type\":\"Organization\",\"@id\":\"https:\/\/www.planetoutdoor.eu\/boutique\/#organization\",\"name\":\"Boutique Planet Outdoor\",\"url\":\"https:\/\/www.planetoutdoor.eu\/boutique\/\",\"logo\":{\"@type\":\"ImageObject\",\"inLanguage\":\"fr-FR\",\"@id\":\"https:\/\/www.planetoutdoor.eu\/boutique\/#\/schema\/logo\/image\/\",\"url\":\"https:\/\/www.planetoutdoor.eu\/boutique\/wp-content\/uploads\/2024\/01\/logo_planet_outdoor.png\",\"contentUrl\":\"https:\/\/www.planetoutdoor.eu\/boutique\/wp-content\/uploads\/2024\/01\/logo_planet_outdoor.png\",\"width\":265,\"height\":262,\"caption\":\"Boutique Planet Outdoor\"},\"image\":{\"@id\":\"https:\/\/www.planetoutdoor.eu\/boutique\/#\/schema\/logo\/image\/\"},\"sameAs\":[\"https:\/\/www.facebook.com\/PlanetOutdoorFrance\"]}]}<\/script>\n<!-- \/ Yoast SEO plugin. -->","yoast_head_json":{"title":"Politique de confidentialit\u00e9 - Boutique Planet Outdoor","robots":{"index":"noindex","follow":"follow"},"og_locale":"fr_FR","og_type":"article","og_title":"Politique de confidentialit\u00e9 - Boutique Planet Outdoor","og_description":"PLANET OUTDOOR est particuli\u00e8rement attentive \u00e0 vos attentes et nous souhaitons pr\u00e9server la confiance que vous nous portez. Concernant les donn\u00e9es personnelles que vous nous confiez nous vous informons de mani\u00e8re transparente sur notre politique en mati\u00e8re de d\u00e9p\u00f4t et d\u2019utilisation des cookies depuis notre Boutique www.planetoutdoor.eu\/boutique\/ vers votre terminal de connexion. Gestion des donn\u00e9es Read More","og_url":"https:\/\/www.planetoutdoor.eu\/boutique\/politique-de-confidentialite\/","og_site_name":"Boutique Planet Outdoor","article_publisher":"https:\/\/www.facebook.com\/PlanetOutdoorFrance","article_modified_time":"2025-05-22T12:26:23+00:00","twitter_card":"summary_large_image","twitter_misc":{"Dur\u00e9e de lecture estim\u00e9e":"6 minutes"},"schema":{"@context":"https:\/\/schema.org","@graph":[{"@type":"WebPage","@id":"https:\/\/www.planetoutdoor.eu\/boutique\/politique-de-confidentialite\/","url":"https:\/\/www.planetoutdoor.eu\/boutique\/politique-de-confidentialite\/","name":"Politique de confidentialit\u00e9 - Boutique Planet Outdoor","isPartOf":{"@id":"https:\/\/www.planetoutdoor.eu\/boutique\/#website"},"datePublished":"2024-01-09T13:15:28+00:00","dateModified":"2025-05-22T12:26:23+00:00","breadcrumb":{"@id":"https:\/\/www.planetoutdoor.eu\/boutique\/politique-de-confidentialite\/#breadcrumb"},"inLanguage":"fr-FR","potentialAction":[{"@type":"ReadAction","target":["https:\/\/www.planetoutdoor.eu\/boutique\/politique-de-confidentialite\/"]}]},{"@type":"BreadcrumbList","@id":"https:\/\/www.planetoutdoor.eu\/boutique\/politique-de-confidentialite\/#breadcrumb","itemListElement":[{"@type":"ListItem","position":1,"name":"Accueil","item":"https:\/\/www.planetoutdoor.eu\/boutique\/"},{"@type":"ListItem","position":2,"name":"Politique de confidentialit\u00e9"}]},{"@type":"WebSite","@id":"https:\/\/www.planetoutdoor.eu\/boutique\/#website","url":"https:\/\/www.planetoutdoor.eu\/boutique\/","name":"Boutique Planet Outdoor","description":"","publisher":{"@id":"https:\/\/www.planetoutdoor.eu\/boutique\/#organization"},"potentialAction":[{"@type":"SearchAction","target":{"@type":"EntryPoint","urlTemplate":"https:\/\/www.planetoutdoor.eu\/boutique\/?s={search_term_string}"},"query-input":"required name=search_term_string"}],"inLanguage":"fr-FR"},{"@type":"Organization","@id":"https:\/\/www.planetoutdoor.eu\/boutique\/#organization","name":"Boutique Planet Outdoor","url":"https:\/\/www.planetoutdoor.eu\/boutique\/","logo":{"@type":"ImageObject","inLanguage":"fr-FR","@id":"https:\/\/www.planetoutdoor.eu\/boutique\/#\/schema\/logo\/image\/","url":"https:\/\/www.planetoutdoor.eu\/boutique\/wp-content\/uploads\/2024\/01\/logo_planet_outdoor.png","contentUrl":"https:\/\/www.planetoutdoor.eu\/boutique\/wp-content\/uploads\/2024\/01\/logo_planet_outdoor.png","width":265,"height":262,"caption":"Boutique Planet Outdoor"},"image":{"@id":"https:\/\/www.planetoutdoor.eu\/boutique\/#\/schema\/logo\/image\/"},"sameAs":["https:\/\/www.facebook.com\/PlanetOutdoorFrance"]}]}},"_links":{"self":[{"href":"https:\/\/www.planetoutdoor.eu\/boutique\/wp-json\/wp\/v2\/pages\/3"}],"collection":[{"href":"https:\/\/www.planetoutdoor.eu\/boutique\/wp-json\/wp\/v2\/pages"}],"about":[{"href":"https:\/\/www.planetoutdoor.eu\/boutique\/wp-json\/wp\/v2\/types\/page"}],"author":[{"embeddable":true,"href":"https:\/\/www.planetoutdoor.eu\/boutique\/wp-json\/wp\/v2\/users\/1"}],"replies":[{"embeddable":true,"href":"https:\/\/www.planetoutdoor.eu\/boutique\/wp-json\/wp\/v2\/comments?post=3"}],"version-history":[{"count":10,"href":"https:\/\/www.planetoutdoor.eu\/boutique\/wp-json\/wp\/v2\/pages\/3\/revisions"}],"predecessor-version":[{"id":5198,"href":"https:\/\/www.planetoutdoor.eu\/boutique\/wp-json\/wp\/v2\/pages\/3\/revisions\/5198"}],"wp:attachment":[{"href":"https:\/\/www.planetoutdoor.eu\/boutique\/wp-json\/wp\/v2\/media?parent=3"}],"curies":[{"name":"wp","href":"https:\/\/api.w.org\/{rel}","templated":true}]}}