{"id":972,"date":"2024-01-29T18:13:13","date_gmt":"2024-01-29T17:13:13","guid":{"rendered":"https:\/\/www.planetoutdoor.eu\/boutique\/?page_id=972"},"modified":"2026-01-26T15:09:03","modified_gmt":"2026-01-26T14:09:03","slug":"mentions-legales","status":"publish","type":"page","link":"https:\/\/www.planetoutdoor.eu\/boutique\/mentions-legales\/","title":{"rendered":"Mentions l\u00e9gales"},"content":{"rendered":"<h2>\u00c9diteur<\/h2>\n<p>PLANET OUTDOOR<br \/>\nZA Technoparc<br \/>\n2 avenue de l&rsquo;Ellipse<br \/>\n33470 Le Teich &#8211; France<\/p>\n<h2>Cr\u00e9dits photos<\/h2>\n<p>Photographies : Droits r\u00e9serv\u00e9s PLANET OUTDOOR<br \/>\nR\u00e9daction : PLANET OUTDOOR<\/p>\n<h2>Liens<\/h2>\n<p>Le pr\u00e9sent site Internet peut fournir des liens ou des r\u00e9f\u00e9rences \u00e0 d&rsquo;autres sites. PLANET OUTDOOR n&rsquo;est pas responsable de la teneur des dits autres sites, et ne sera tenue responsable d&rsquo;aucun dommage ou pr\u00e9judice en d\u00e9coulant. Les liens vers d&rsquo;autres sites sont fournis aux utilisateurs du pr\u00e9sent site Internet uniquement dans un but de commodit\u00e9.<\/p>\n<h2>Remarques<\/h2>\n<p>Malgr\u00e9 les soins et les contr\u00f4les de l&rsquo;\u00e9quipe de r\u00e9daction, des erreurs ou omissions involontaires peuvent subsister sur le site, veuillez-nous en excuser. \u00c9galement, les poids et les dimensions mentionn\u00e9s de chaque article sont indicatifs et peuvent varier en fonction de nos imp\u00e9ratifs techniques de fabrication. Pour le m\u00eame motif, nous nous r\u00e9servons le droit d&rsquo;apporter toute modification que nous jugerions utile sans pr\u00e9avis.<\/p>\n<p>Vous pouvez nous faire part de vos remarques ou r\u00e9clamations sur le site ou directement par email \u00e0 contact@planetoutdoor.eu :<br \/>\nPLANET OUTDOOR \u2013 ZA Technoparc, 2 avenue de l\u2019Ellipse, 33470 Le Teich \u2013 Bassin d\u2019Archachon &#8211; FRANCE<\/p>\n<h2>Copyright<\/h2>\n<p>Planetoutdoor.eu et planetoutdoor.fr sont des noms de domaine d\u00e9pos\u00e9s qui appartiennent \u00e0 la soci\u00e9t\u00e9 PLANET OUTDOOR.<br \/>\nAucun \u00e9l\u00e9ment de ce site ne peut \u00eatre reproduit, repr\u00e9sent\u00e9 ou adapt\u00e9 d&rsquo;aucune mani\u00e8re sur aucun support connu ou inconnu \u00e0 ce jour, sans le consentement pr\u00e9alable \u00e9crit de la soci\u00e9t\u00e9 PLANET OUTDOOR.<br \/>\nDirecteur de la publication : Fran\u00e7ois MILLOT<\/p>\n<p>Conform\u00e9ment \u00e0 la loi Informatique et Libert\u00e9s, vous disposez d&rsquo;un droit d&rsquo;acc\u00e8s, de rectification et de suppression des donn\u00e9es vous concernant (art.34 de la loi \u00ab\u00a0Informatique et Libert\u00e9s\u00a0\u00bb) ; pour l&rsquo;exercer adressez-vous \u00e0 :<br \/>\nFran\u00e7ois MILLOT \u2013 PLANET OUTDOOR \u2013 ZA Technoparc, 2 avenue de l\u2019Ellipse, 33470 Le Teich \u2013 Bassin d\u2019Archachon<\/p>\n<h2>Site internet<\/h2>\n<p>Conception graphique, conseils et r\u00e9alisation : <a href=\"https:\/\/www.amauryrambaud.fr\/\" target=\"_blank\" rel=\"noopener noreferrer\">Amaury Rambaud<\/a><br \/>\nH\u00e9bergeur : OVH SAS \u2013 2 Rue Kellermann \u2013 59100 ROUBAIX<\/p>\n","protected":false},"excerpt":{"rendered":"<p>\u00c9diteur PLANET OUTDOOR ZA Technoparc 2 avenue de l&rsquo;Ellipse 33470 Le Teich &#8211; France Cr\u00e9dits photos Photographies : Droits r\u00e9serv\u00e9s PLANET OUTDOOR R\u00e9daction : PLANET OUTDOOR Liens Le pr\u00e9sent site Internet peut fournir des liens ou des r\u00e9f\u00e9rences \u00e0 d&rsquo;autres sites. PLANET OUTDOOR n&rsquo;est pas responsable de la teneur des dits autres sites, et ne <a class=\"read-more\" href=\"https:\/\/www.planetoutdoor.eu\/boutique\/mentions-legales\/\">Read More<\/a><\/p>\n","protected":false},"author":1,"featured_media":0,"parent":0,"menu_order":0,"comment_status":"closed","ping_status":"closed","template":"","meta":{"footnotes":""},"yoast_head":"<!-- This site is optimized with the Yoast SEO plugin v22.7 - https:\/\/yoast.com\/wordpress\/plugins\/seo\/ -->\n<title>Mentions l\u00e9gales - Boutique Planet Outdoor<\/title>\n<meta name=\"robots\" content=\"index, follow, max-snippet:-1, max-image-preview:large, max-video-preview:-1\" \/>\n<link rel=\"canonical\" href=\"https:\/\/www.planetoutdoor.eu\/boutique\/mentions-legales\/\" \/>\n<meta property=\"og:locale\" content=\"fr_FR\" \/>\n<meta property=\"og:type\" content=\"article\" \/>\n<meta property=\"og:title\" content=\"Mentions l\u00e9gales - Boutique Planet Outdoor\" \/>\n<meta property=\"og:description\" content=\"\u00c9diteur PLANET OUTDOOR ZA Technoparc 2 avenue de l&rsquo;Ellipse 33470 Le Teich &#8211; France Cr\u00e9dits photos Photographies : Droits r\u00e9serv\u00e9s PLANET OUTDOOR R\u00e9daction : PLANET OUTDOOR Liens Le pr\u00e9sent site Internet peut fournir des liens ou des r\u00e9f\u00e9rences \u00e0 d&rsquo;autres sites. PLANET OUTDOOR n&rsquo;est pas responsable de la teneur des dits autres sites, et ne Read More\" \/>\n<meta property=\"og:url\" content=\"https:\/\/www.planetoutdoor.eu\/boutique\/mentions-legales\/\" \/>\n<meta property=\"og:site_name\" content=\"Boutique Planet Outdoor\" \/>\n<meta property=\"article:publisher\" content=\"https:\/\/www.facebook.com\/PlanetOutdoorFrance\" \/>\n<meta property=\"article:modified_time\" content=\"2026-01-26T14:09:03+00:00\" \/>\n<meta name=\"twitter:card\" content=\"summary_large_image\" \/>\n<meta name=\"twitter:label1\" content=\"Dur\u00e9e de lecture estim\u00e9e\" \/>\n\t<meta name=\"twitter:data1\" content=\"2 minutes\" \/>\n<script type=\"application\/ld+json\" class=\"yoast-schema-graph\">{\"@context\":\"https:\/\/schema.org\",\"@graph\":[{\"@type\":\"WebPage\",\"@id\":\"https:\/\/www.planetoutdoor.eu\/boutique\/mentions-legales\/\",\"url\":\"https:\/\/www.planetoutdoor.eu\/boutique\/mentions-legales\/\",\"name\":\"Mentions l\u00e9gales - Boutique Planet Outdoor\",\"isPartOf\":{\"@id\":\"https:\/\/www.planetoutdoor.eu\/boutique\/#website\"},\"datePublished\":\"2024-01-29T17:13:13+00:00\",\"dateModified\":\"2026-01-26T14:09:03+00:00\",\"breadcrumb\":{\"@id\":\"https:\/\/www.planetoutdoor.eu\/boutique\/mentions-legales\/#breadcrumb\"},\"inLanguage\":\"fr-FR\",\"potentialAction\":[{\"@type\":\"ReadAction\",\"target\":[\"https:\/\/www.planetoutdoor.eu\/boutique\/mentions-legales\/\"]}]},{\"@type\":\"BreadcrumbList\",\"@id\":\"https:\/\/www.planetoutdoor.eu\/boutique\/mentions-legales\/#breadcrumb\",\"itemListElement\":[{\"@type\":\"ListItem\",\"position\":1,\"name\":\"Accueil\",\"item\":\"https:\/\/www.planetoutdoor.eu\/boutique\/\"},{\"@type\":\"ListItem\",\"position\":2,\"name\":\"Mentions l\u00e9gales\"}]},{\"@type\":\"WebSite\",\"@id\":\"https:\/\/www.planetoutdoor.eu\/boutique\/#website\",\"url\":\"https:\/\/www.planetoutdoor.eu\/boutique\/\",\"name\":\"Boutique Planet Outdoor\",\"description\":\"\",\"publisher\":{\"@id\":\"https:\/\/www.planetoutdoor.eu\/boutique\/#organization\"},\"potentialAction\":[{\"@type\":\"SearchAction\",\"target\":{\"@type\":\"EntryPoint\",\"urlTemplate\":\"https:\/\/www.planetoutdoor.eu\/boutique\/?s={search_term_string}\"},\"query-input\":\"required name=search_term_string\"}],\"inLanguage\":\"fr-FR\"},{\"@type\":\"Organization\",\"@id\":\"https:\/\/www.planetoutdoor.eu\/boutique\/#organization\",\"name\":\"Boutique Planet Outdoor\",\"url\":\"https:\/\/www.planetoutdoor.eu\/boutique\/\",\"logo\":{\"@type\":\"ImageObject\",\"inLanguage\":\"fr-FR\",\"@id\":\"https:\/\/www.planetoutdoor.eu\/boutique\/#\/schema\/logo\/image\/\",\"url\":\"https:\/\/www.planetoutdoor.eu\/boutique\/wp-content\/uploads\/2024\/01\/logo_planet_outdoor.png\",\"contentUrl\":\"https:\/\/www.planetoutdoor.eu\/boutique\/wp-content\/uploads\/2024\/01\/logo_planet_outdoor.png\",\"width\":265,\"height\":262,\"caption\":\"Boutique Planet Outdoor\"},\"image\":{\"@id\":\"https:\/\/www.planetoutdoor.eu\/boutique\/#\/schema\/logo\/image\/\"},\"sameAs\":[\"https:\/\/www.facebook.com\/PlanetOutdoorFrance\"]}]}<\/script>\n<!-- \/ Yoast SEO plugin. -->","yoast_head_json":{"title":"Mentions l\u00e9gales - Boutique Planet Outdoor","robots":{"index":"index","follow":"follow","max-snippet":"max-snippet:-1","max-image-preview":"max-image-preview:large","max-video-preview":"max-video-preview:-1"},"canonical":"https:\/\/www.planetoutdoor.eu\/boutique\/mentions-legales\/","og_locale":"fr_FR","og_type":"article","og_title":"Mentions l\u00e9gales - Boutique Planet Outdoor","og_description":"\u00c9diteur PLANET OUTDOOR ZA Technoparc 2 avenue de l&rsquo;Ellipse 33470 Le Teich &#8211; France Cr\u00e9dits photos Photographies : Droits r\u00e9serv\u00e9s PLANET OUTDOOR R\u00e9daction : PLANET OUTDOOR Liens Le pr\u00e9sent site Internet peut fournir des liens ou des r\u00e9f\u00e9rences \u00e0 d&rsquo;autres sites. PLANET OUTDOOR n&rsquo;est pas responsable de la teneur des dits autres sites, et ne Read More","og_url":"https:\/\/www.planetoutdoor.eu\/boutique\/mentions-legales\/","og_site_name":"Boutique Planet Outdoor","article_publisher":"https:\/\/www.facebook.com\/PlanetOutdoorFrance","article_modified_time":"2026-01-26T14:09:03+00:00","twitter_card":"summary_large_image","twitter_misc":{"Dur\u00e9e de lecture estim\u00e9e":"2 minutes"},"schema":{"@context":"https:\/\/schema.org","@graph":[{"@type":"WebPage","@id":"https:\/\/www.planetoutdoor.eu\/boutique\/mentions-legales\/","url":"https:\/\/www.planetoutdoor.eu\/boutique\/mentions-legales\/","name":"Mentions l\u00e9gales - Boutique Planet Outdoor","isPartOf":{"@id":"https:\/\/www.planetoutdoor.eu\/boutique\/#website"},"datePublished":"2024-01-29T17:13:13+00:00","dateModified":"2026-01-26T14:09:03+00:00","breadcrumb":{"@id":"https:\/\/www.planetoutdoor.eu\/boutique\/mentions-legales\/#breadcrumb"},"inLanguage":"fr-FR","potentialAction":[{"@type":"ReadAction","target":["https:\/\/www.planetoutdoor.eu\/boutique\/mentions-legales\/"]}]},{"@type":"BreadcrumbList","@id":"https:\/\/www.planetoutdoor.eu\/boutique\/mentions-legales\/#breadcrumb","itemListElement":[{"@type":"ListItem","position":1,"name":"Accueil","item":"https:\/\/www.planetoutdoor.eu\/boutique\/"},{"@type":"ListItem","position":2,"name":"Mentions l\u00e9gales"}]},{"@type":"WebSite","@id":"https:\/\/www.planetoutdoor.eu\/boutique\/#website","url":"https:\/\/www.planetoutdoor.eu\/boutique\/","name":"Boutique Planet Outdoor","description":"","publisher":{"@id":"https:\/\/www.planetoutdoor.eu\/boutique\/#organization"},"potentialAction":[{"@type":"SearchAction","target":{"@type":"EntryPoint","urlTemplate":"https:\/\/www.planetoutdoor.eu\/boutique\/?s={search_term_string}"},"query-input":"required name=search_term_string"}],"inLanguage":"fr-FR"},{"@type":"Organization","@id":"https:\/\/www.planetoutdoor.eu\/boutique\/#organization","name":"Boutique Planet Outdoor","url":"https:\/\/www.planetoutdoor.eu\/boutique\/","logo":{"@type":"ImageObject","inLanguage":"fr-FR","@id":"https:\/\/www.planetoutdoor.eu\/boutique\/#\/schema\/logo\/image\/","url":"https:\/\/www.planetoutdoor.eu\/boutique\/wp-content\/uploads\/2024\/01\/logo_planet_outdoor.png","contentUrl":"https:\/\/www.planetoutdoor.eu\/boutique\/wp-content\/uploads\/2024\/01\/logo_planet_outdoor.png","width":265,"height":262,"caption":"Boutique Planet Outdoor"},"image":{"@id":"https:\/\/www.planetoutdoor.eu\/boutique\/#\/schema\/logo\/image\/"},"sameAs":["https:\/\/www.facebook.com\/PlanetOutdoorFrance"]}]}},"_links":{"self":[{"href":"https:\/\/www.planetoutdoor.eu\/boutique\/wp-json\/wp\/v2\/pages\/972"}],"collection":[{"href":"https:\/\/www.planetoutdoor.eu\/boutique\/wp-json\/wp\/v2\/pages"}],"about":[{"href":"https:\/\/www.planetoutdoor.eu\/boutique\/wp-json\/wp\/v2\/types\/page"}],"author":[{"embeddable":true,"href":"https:\/\/www.planetoutdoor.eu\/boutique\/wp-json\/wp\/v2\/users\/1"}],"replies":[{"embeddable":true,"href":"https:\/\/www.planetoutdoor.eu\/boutique\/wp-json\/wp\/v2\/comments?post=972"}],"version-history":[{"count":5,"href":"https:\/\/www.planetoutdoor.eu\/boutique\/wp-json\/wp\/v2\/pages\/972\/revisions"}],"predecessor-version":[{"id":9401,"href":"https:\/\/www.planetoutdoor.eu\/boutique\/wp-json\/wp\/v2\/pages\/972\/revisions\/9401"}],"wp:attachment":[{"href":"https:\/\/www.planetoutdoor.eu\/boutique\/wp-json\/wp\/v2\/media?parent=972"}],"curies":[{"name":"wp","href":"https:\/\/api.w.org\/{rel}","templated":true}]}}