{"id":3345,"date":"2024-02-27T19:55:37","date_gmt":"2024-02-27T18:55:37","guid":{"rendered":"https:\/\/www.planetoutdoor.eu\/boutique\/brasero-onyx-80-table-housse\/"},"modified":"2026-04-03T13:34:41","modified_gmt":"2026-04-03T11:34:41","slug":"brasero-onyx-80-table-housse-grille","status":"publish","type":"product","link":"https:\/\/www.planetoutdoor.eu\/boutique\/brasero-onyx-80-table-housse-grille\/","title":{"rendered":"Bras\u00e9ro Onyx 80 Table + Housse + Grille sur\u00e9lev\u00e9e"},"content":{"rendered":"<p>Livraison offerte<\/p>\n","protected":false},"excerpt":{"rendered":"<p>Bras\u00e9ro de cuisson avec r\u00e9serve bois + Housse protection + Grille sur\u00e9lev\u00e9e<br \/>\nAnneau de cuisson diam\u00e8tre 79,5cm &#8211; Epaisseur 4 mm en acier,<br \/>\nCuve Bras\u00e9ro : h23 x diam80 cm \u2013 Epaisseur 1,8 mm,<br \/>\nBase: 115 x 51 x h68cm \u2013 Epaisseur 1,8 mm,<br \/>\nKit \u00e0 monter, Acier 1,8 mm, anneau plaque de cuisson en acier carbone 4 mm, compartiment de rangement pour le bois, , poids 48,9 kgs, , Puissance : , Norme : CE, Nombre de convives : , Type de Gaz : , Garantie : 2 ans<\/p>\n<p><a href=\"https:\/\/www.planetoutdoor.eu\/boutique\/wp-content\/uploads\/2024\/02\/85209-Manual.pdf\" target=\"_blank\" rel=\"noopener\">Voir le Manuel 85209<\/a><\/p>\n","protected":false},"featured_media":3861,"comment_status":"open","ping_status":"closed","template":"","meta":[],"product_cat":[20],"product_tag":[],"yoast_head":"<!-- This site is optimized with the Yoast SEO plugin v22.7 - https:\/\/yoast.com\/wordpress\/plugins\/seo\/ -->\n<title>Bras\u00e9ro Onyx 80 Table + Housse + Grille sur\u00e9lev\u00e9e - Boutique Planet Outdoor<\/title>\n<meta name=\"robots\" content=\"index, follow, max-snippet:-1, max-image-preview:large, max-video-preview:-1\" \/>\n<link rel=\"canonical\" href=\"https:\/\/www.planetoutdoor.eu\/boutique\/brasero-onyx-80-table-housse-grille\/\" \/>\n<meta property=\"og:locale\" content=\"fr_FR\" \/>\n<meta property=\"og:type\" content=\"article\" \/>\n<meta property=\"og:title\" content=\"Bras\u00e9ro Onyx 80 Table + Housse + Grille sur\u00e9lev\u00e9e - Boutique Planet Outdoor\" \/>\n<meta property=\"og:description\" content=\"Bras\u00e9ro de cuisson avec r\u00e9serve bois + Housse protection + Grille sur\u00e9lev\u00e9e Anneau de cuisson diam\u00e8tre 79,5cm - Epaisseur 4 mm en acier, Cuve Bras\u00e9ro : h23 x diam80 cm \u2013 Epaisseur 1,8 mm, Base: 115 x 51 x h68cm \u2013 Epaisseur 1,8 mm, Kit \u00e0 monter, Acier 1,8 mm, anneau plaque de cuisson en acier carbone 4 mm, compartiment de rangement pour le bois, , poids 48,9 kgs, , Puissance : , Norme : CE, Nombre de convives : , Type de Gaz : , Garantie : 2 ans  Voir le Manuel 85209\" \/>\n<meta property=\"og:url\" content=\"https:\/\/www.planetoutdoor.eu\/boutique\/brasero-onyx-80-table-housse-grille\/\" \/>\n<meta property=\"og:site_name\" content=\"Boutique Planet Outdoor\" \/>\n<meta property=\"article:publisher\" content=\"https:\/\/www.facebook.com\/PlanetOutdoorFrance\" \/>\n<meta property=\"article:modified_time\" content=\"2026-04-03T11:34:41+00:00\" \/>\n<meta property=\"og:image\" content=\"https:\/\/www.planetoutdoor.eu\/boutique\/wp-content\/uploads\/2024\/02\/300024V2.jpg\" \/>\n\t<meta property=\"og:image:width\" content=\"1146\" \/>\n\t<meta property=\"og:image:height\" content=\"1080\" \/>\n\t<meta property=\"og:image:type\" content=\"image\/jpeg\" \/>\n<meta name=\"twitter:card\" content=\"summary_large_image\" \/>\n<meta name=\"twitter:label1\" content=\"Dur\u00e9e de lecture estim\u00e9e\" \/>\n\t<meta name=\"twitter:data1\" content=\"1 minute\" \/>\n<script type=\"application\/ld+json\" class=\"yoast-schema-graph\">{\"@context\":\"https:\/\/schema.org\",\"@graph\":[{\"@type\":\"WebPage\",\"@id\":\"https:\/\/www.planetoutdoor.eu\/boutique\/brasero-onyx-80-table-housse-grille\/\",\"url\":\"https:\/\/www.planetoutdoor.eu\/boutique\/brasero-onyx-80-table-housse-grille\/\",\"name\":\"Bras\u00e9ro Onyx 80 Table + Housse + Grille sur\u00e9lev\u00e9e - Boutique Planet Outdoor\",\"isPartOf\":{\"@id\":\"https:\/\/www.planetoutdoor.eu\/boutique\/#website\"},\"primaryImageOfPage\":{\"@id\":\"https:\/\/www.planetoutdoor.eu\/boutique\/brasero-onyx-80-table-housse-grille\/#primaryimage\"},\"image\":{\"@id\":\"https:\/\/www.planetoutdoor.eu\/boutique\/brasero-onyx-80-table-housse-grille\/#primaryimage\"},\"thumbnailUrl\":\"https:\/\/www.planetoutdoor.eu\/boutique\/wp-content\/uploads\/2024\/02\/300024V2.jpg\",\"datePublished\":\"2024-02-27T18:55:37+00:00\",\"dateModified\":\"2026-04-03T11:34:41+00:00\",\"breadcrumb\":{\"@id\":\"https:\/\/www.planetoutdoor.eu\/boutique\/brasero-onyx-80-table-housse-grille\/#breadcrumb\"},\"inLanguage\":\"fr-FR\",\"potentialAction\":[{\"@type\":\"ReadAction\",\"target\":[\"https:\/\/www.planetoutdoor.eu\/boutique\/brasero-onyx-80-table-housse-grille\/\"]}]},{\"@type\":\"ImageObject\",\"inLanguage\":\"fr-FR\",\"@id\":\"https:\/\/www.planetoutdoor.eu\/boutique\/brasero-onyx-80-table-housse-grille\/#primaryimage\",\"url\":\"https:\/\/www.planetoutdoor.eu\/boutique\/wp-content\/uploads\/2024\/02\/300024V2.jpg\",\"contentUrl\":\"https:\/\/www.planetoutdoor.eu\/boutique\/wp-content\/uploads\/2024\/02\/300024V2.jpg\",\"width\":1146,\"height\":1080},{\"@type\":\"BreadcrumbList\",\"@id\":\"https:\/\/www.planetoutdoor.eu\/boutique\/brasero-onyx-80-table-housse-grille\/#breadcrumb\",\"itemListElement\":[{\"@type\":\"ListItem\",\"position\":1,\"name\":\"Accueil\",\"item\":\"https:\/\/www.planetoutdoor.eu\/boutique\/\"},{\"@type\":\"ListItem\",\"position\":2,\"name\":\"Boutique\",\"item\":\"https:\/\/www.planetoutdoor.eu\/boutique\/\"},{\"@type\":\"ListItem\",\"position\":3,\"name\":\"Bras\u00e9ro Onyx 80 Table + Housse + Grille sur\u00e9lev\u00e9e\"}]},{\"@type\":\"WebSite\",\"@id\":\"https:\/\/www.planetoutdoor.eu\/boutique\/#website\",\"url\":\"https:\/\/www.planetoutdoor.eu\/boutique\/\",\"name\":\"Boutique Planet Outdoor\",\"description\":\"\",\"publisher\":{\"@id\":\"https:\/\/www.planetoutdoor.eu\/boutique\/#organization\"},\"potentialAction\":[{\"@type\":\"SearchAction\",\"target\":{\"@type\":\"EntryPoint\",\"urlTemplate\":\"https:\/\/www.planetoutdoor.eu\/boutique\/?s={search_term_string}\"},\"query-input\":\"required name=search_term_string\"}],\"inLanguage\":\"fr-FR\"},{\"@type\":\"Organization\",\"@id\":\"https:\/\/www.planetoutdoor.eu\/boutique\/#organization\",\"name\":\"Boutique Planet Outdoor\",\"url\":\"https:\/\/www.planetoutdoor.eu\/boutique\/\",\"logo\":{\"@type\":\"ImageObject\",\"inLanguage\":\"fr-FR\",\"@id\":\"https:\/\/www.planetoutdoor.eu\/boutique\/#\/schema\/logo\/image\/\",\"url\":\"https:\/\/www.planetoutdoor.eu\/boutique\/wp-content\/uploads\/2024\/01\/logo_planet_outdoor.png\",\"contentUrl\":\"https:\/\/www.planetoutdoor.eu\/boutique\/wp-content\/uploads\/2024\/01\/logo_planet_outdoor.png\",\"width\":265,\"height\":262,\"caption\":\"Boutique Planet Outdoor\"},\"image\":{\"@id\":\"https:\/\/www.planetoutdoor.eu\/boutique\/#\/schema\/logo\/image\/\"},\"sameAs\":[\"https:\/\/www.facebook.com\/PlanetOutdoorFrance\"]}]}<\/script>\n<!-- \/ Yoast SEO plugin. -->","yoast_head_json":{"title":"Bras\u00e9ro Onyx 80 Table + Housse + Grille sur\u00e9lev\u00e9e - Boutique Planet Outdoor","robots":{"index":"index","follow":"follow","max-snippet":"max-snippet:-1","max-image-preview":"max-image-preview:large","max-video-preview":"max-video-preview:-1"},"canonical":"https:\/\/www.planetoutdoor.eu\/boutique\/brasero-onyx-80-table-housse-grille\/","og_locale":"fr_FR","og_type":"article","og_title":"Bras\u00e9ro Onyx 80 Table + Housse + Grille sur\u00e9lev\u00e9e - Boutique Planet Outdoor","og_description":"Bras\u00e9ro de cuisson avec r\u00e9serve bois + Housse protection + Grille sur\u00e9lev\u00e9e Anneau de cuisson diam\u00e8tre 79,5cm - Epaisseur 4 mm en acier, Cuve Bras\u00e9ro : h23 x diam80 cm \u2013 Epaisseur 1,8 mm, Base: 115 x 51 x h68cm \u2013 Epaisseur 1,8 mm, Kit \u00e0 monter, Acier 1,8 mm, anneau plaque de cuisson en acier carbone 4 mm, compartiment de rangement pour le bois, , poids 48,9 kgs, , Puissance : , Norme : CE, Nombre de convives : , Type de Gaz : , Garantie : 2 ans  Voir le Manuel 85209","og_url":"https:\/\/www.planetoutdoor.eu\/boutique\/brasero-onyx-80-table-housse-grille\/","og_site_name":"Boutique Planet Outdoor","article_publisher":"https:\/\/www.facebook.com\/PlanetOutdoorFrance","article_modified_time":"2026-04-03T11:34:41+00:00","og_image":[{"width":1146,"height":1080,"url":"https:\/\/www.planetoutdoor.eu\/boutique\/wp-content\/uploads\/2024\/02\/300024V2.jpg","type":"image\/jpeg"}],"twitter_card":"summary_large_image","twitter_misc":{"Dur\u00e9e de lecture estim\u00e9e":"1 minute"},"schema":{"@context":"https:\/\/schema.org","@graph":[{"@type":"WebPage","@id":"https:\/\/www.planetoutdoor.eu\/boutique\/brasero-onyx-80-table-housse-grille\/","url":"https:\/\/www.planetoutdoor.eu\/boutique\/brasero-onyx-80-table-housse-grille\/","name":"Bras\u00e9ro Onyx 80 Table + Housse + Grille sur\u00e9lev\u00e9e - Boutique Planet Outdoor","isPartOf":{"@id":"https:\/\/www.planetoutdoor.eu\/boutique\/#website"},"primaryImageOfPage":{"@id":"https:\/\/www.planetoutdoor.eu\/boutique\/brasero-onyx-80-table-housse-grille\/#primaryimage"},"image":{"@id":"https:\/\/www.planetoutdoor.eu\/boutique\/brasero-onyx-80-table-housse-grille\/#primaryimage"},"thumbnailUrl":"https:\/\/www.planetoutdoor.eu\/boutique\/wp-content\/uploads\/2024\/02\/300024V2.jpg","datePublished":"2024-02-27T18:55:37+00:00","dateModified":"2026-04-03T11:34:41+00:00","breadcrumb":{"@id":"https:\/\/www.planetoutdoor.eu\/boutique\/brasero-onyx-80-table-housse-grille\/#breadcrumb"},"inLanguage":"fr-FR","potentialAction":[{"@type":"ReadAction","target":["https:\/\/www.planetoutdoor.eu\/boutique\/brasero-onyx-80-table-housse-grille\/"]}]},{"@type":"ImageObject","inLanguage":"fr-FR","@id":"https:\/\/www.planetoutdoor.eu\/boutique\/brasero-onyx-80-table-housse-grille\/#primaryimage","url":"https:\/\/www.planetoutdoor.eu\/boutique\/wp-content\/uploads\/2024\/02\/300024V2.jpg","contentUrl":"https:\/\/www.planetoutdoor.eu\/boutique\/wp-content\/uploads\/2024\/02\/300024V2.jpg","width":1146,"height":1080},{"@type":"BreadcrumbList","@id":"https:\/\/www.planetoutdoor.eu\/boutique\/brasero-onyx-80-table-housse-grille\/#breadcrumb","itemListElement":[{"@type":"ListItem","position":1,"name":"Accueil","item":"https:\/\/www.planetoutdoor.eu\/boutique\/"},{"@type":"ListItem","position":2,"name":"Boutique","item":"https:\/\/www.planetoutdoor.eu\/boutique\/"},{"@type":"ListItem","position":3,"name":"Bras\u00e9ro Onyx 80 Table + Housse + Grille sur\u00e9lev\u00e9e"}]},{"@type":"WebSite","@id":"https:\/\/www.planetoutdoor.eu\/boutique\/#website","url":"https:\/\/www.planetoutdoor.eu\/boutique\/","name":"Boutique Planet Outdoor","description":"","publisher":{"@id":"https:\/\/www.planetoutdoor.eu\/boutique\/#organization"},"potentialAction":[{"@type":"SearchAction","target":{"@type":"EntryPoint","urlTemplate":"https:\/\/www.planetoutdoor.eu\/boutique\/?s={search_term_string}"},"query-input":"required name=search_term_string"}],"inLanguage":"fr-FR"},{"@type":"Organization","@id":"https:\/\/www.planetoutdoor.eu\/boutique\/#organization","name":"Boutique Planet Outdoor","url":"https:\/\/www.planetoutdoor.eu\/boutique\/","logo":{"@type":"ImageObject","inLanguage":"fr-FR","@id":"https:\/\/www.planetoutdoor.eu\/boutique\/#\/schema\/logo\/image\/","url":"https:\/\/www.planetoutdoor.eu\/boutique\/wp-content\/uploads\/2024\/01\/logo_planet_outdoor.png","contentUrl":"https:\/\/www.planetoutdoor.eu\/boutique\/wp-content\/uploads\/2024\/01\/logo_planet_outdoor.png","width":265,"height":262,"caption":"Boutique Planet Outdoor"},"image":{"@id":"https:\/\/www.planetoutdoor.eu\/boutique\/#\/schema\/logo\/image\/"},"sameAs":["https:\/\/www.facebook.com\/PlanetOutdoorFrance"]}]}},"_links":{"self":[{"href":"https:\/\/www.planetoutdoor.eu\/boutique\/wp-json\/wp\/v2\/product\/3345"}],"collection":[{"href":"https:\/\/www.planetoutdoor.eu\/boutique\/wp-json\/wp\/v2\/product"}],"about":[{"href":"https:\/\/www.planetoutdoor.eu\/boutique\/wp-json\/wp\/v2\/types\/product"}],"replies":[{"embeddable":true,"href":"https:\/\/www.planetoutdoor.eu\/boutique\/wp-json\/wp\/v2\/comments?post=3345"}],"wp:featuredmedia":[{"embeddable":true,"href":"https:\/\/www.planetoutdoor.eu\/boutique\/wp-json\/wp\/v2\/media\/3861"}],"wp:attachment":[{"href":"https:\/\/www.planetoutdoor.eu\/boutique\/wp-json\/wp\/v2\/media?parent=3345"}],"wp:term":[{"taxonomy":"product_cat","embeddable":true,"href":"https:\/\/www.planetoutdoor.eu\/boutique\/wp-json\/wp\/v2\/product_cat?post=3345"},{"taxonomy":"product_tag","embeddable":true,"href":"https:\/\/www.planetoutdoor.eu\/boutique\/wp-json\/wp\/v2\/product_tag?post=3345"}],"curies":[{"name":"wp","href":"https:\/\/api.w.org\/{rel}","templated":true}]}}