{"id":3377,"date":"2024-02-27T20:08:44","date_gmt":"2024-02-27T19:08:44","guid":{"rendered":"https:\/\/www.planetoutdoor.eu\/boutique\/fungoo-rainbow-fortress-tip\/"},"modified":"2026-01-26T11:22:23","modified_gmt":"2026-01-26T10:22:23","slug":"fungoo-rainbow-fortress-tip","status":"publish","type":"product","link":"https:\/\/www.planetoutdoor.eu\/boutique\/fungoo-rainbow-fortress-tip\/","title":{"rendered":"FUNGOO RAINBOW FORTRESS TIP"},"content":{"rendered":"<p>Offrez \u00e0 vos enfants un espace de jeu captivant avec notre aire de jeux incluant un <strong>toboggan vert (jaune, rouge, bleu sur demande) de 2,9 m<\/strong>.<\/p>\n<p>Cette structure est dot\u00e9e d\u2019<strong>ancrages au sol<\/strong>, de <strong>jeux de poign\u00e9es<\/strong>, et de <strong>capuchons<\/strong> pour assurer la s\u00e9curit\u00e9. Elle comprend \u00e9galement un <strong>toit en bois<\/strong>, des <strong>escaliers en bois<\/strong>, et une <strong>\u00e9chelle avec barreaux m\u00e9talliques<\/strong>. Le <strong>kit bois complet<\/strong> et l\u2019<strong>ensemble de connecteurs m\u00e9talliques<\/strong> facilitent l\u2019assemblage, tandis que les <strong>instructions d\u2019installation \u00ab \u00e9tape par \u00e9tape \u00bb<\/strong> fournissent des r\u00e8gles de s\u00e9curit\u00e9 claires.<\/p>\n<p>De plus, elle est \u00e9quip\u00e9e d\u2019un <strong>gouvernail<\/strong>, d\u2019un <strong>ensemble d\u2019outils d\u2019installation<\/strong>, de <strong>rochers pour mur d\u2019escalade<\/strong>, de <strong>jumelles<\/strong>, d\u2019une <strong>corde<\/strong>, et d\u2019une <strong>\u00e9chelle de corde<\/strong>.<\/p>\n<p>Les dimensions sont de <strong>4,6 m x 4,8 m x 3,05 m<\/strong>, avec une <strong>hauteur de plateforme de 1,50 m<\/strong> et une <strong>surface de 22,08 m\u00b2<\/strong>, pouvant accueillir jusqu\u2019\u00e0 <strong>15 utilisateurs<\/strong>. Le temps de montage est de <strong>12 heures pour 2 personnes<\/strong>, avec une garantie de <strong>10 ans<\/strong>.<\/p>\n<p><a href=\"https:\/\/www.planetoutdoor.eu\/boutique\/wp-content\/uploads\/2024\/02\/3513_-RAINBOW-FORTRESS-TIP.pdf\"><strong>Notice de montage\u00a0<\/strong><\/a><\/p>\n","protected":false},"excerpt":{"rendered":"<p>Livraison offerte<\/p>\n<ul>\n<li>Kit d\u2019ancrages et s\u00e9curit\u00e9 inclus (pas de co\u00fbt suppl\u00e9mentaire)<\/li>\n<li>Garantie 10 ans<\/li>\n<li>Norme EN71 (s\u00e9curit\u00e9 et jouets)<\/li>\n<li>Bois issu de for\u00eats g\u00e9r\u00e9es durablement<\/li>\n<li>Fabriqu\u00e9 en Europe<\/li>\n<\/ul>\n","protected":false},"featured_media":4893,"comment_status":"open","ping_status":"closed","template":"","meta":[],"product_cat":[21],"product_tag":[],"yoast_head":"<!-- This site is optimized with the Yoast SEO plugin v22.7 - https:\/\/yoast.com\/wordpress\/plugins\/seo\/ -->\n<title>FUNGOO RAINBOW FORTRESS TIP - Boutique Planet Outdoor<\/title>\n<meta name=\"robots\" content=\"index, follow, max-snippet:-1, max-image-preview:large, max-video-preview:-1\" \/>\n<link rel=\"canonical\" href=\"https:\/\/www.planetoutdoor.eu\/boutique\/fungoo-rainbow-fortress-tip\/\" \/>\n<meta property=\"og:locale\" content=\"fr_FR\" \/>\n<meta property=\"og:type\" content=\"article\" \/>\n<meta property=\"og:title\" content=\"FUNGOO RAINBOW FORTRESS TIP - Boutique Planet Outdoor\" \/>\n<meta property=\"og:description\" content=\"Livraison offerte   Kit d\u2019ancrages et s\u00e9curit\u00e9 inclus (pas de co\u00fbt suppl\u00e9mentaire)  Garantie 10 ans  Norme EN71 (s\u00e9curit\u00e9 et jouets)  Bois issu de for\u00eats g\u00e9r\u00e9es durablement  Fabriqu\u00e9 en Europe\" \/>\n<meta property=\"og:url\" content=\"https:\/\/www.planetoutdoor.eu\/boutique\/fungoo-rainbow-fortress-tip\/\" \/>\n<meta property=\"og:site_name\" content=\"Boutique Planet Outdoor\" \/>\n<meta property=\"article:publisher\" content=\"https:\/\/www.facebook.com\/PlanetOutdoorFrance\" \/>\n<meta property=\"article:modified_time\" content=\"2026-01-26T10:22:23+00:00\" \/>\n<meta property=\"og:image\" content=\"https:\/\/www.planetoutdoor.eu\/boutique\/wp-content\/uploads\/2024\/02\/3513PT-scaled.jpg\" \/>\n\t<meta property=\"og:image:width\" content=\"2560\" \/>\n\t<meta property=\"og:image:height\" content=\"1829\" \/>\n\t<meta property=\"og:image:type\" content=\"image\/jpeg\" \/>\n<meta name=\"twitter:card\" content=\"summary_large_image\" \/>\n<meta name=\"twitter:label1\" content=\"Dur\u00e9e de lecture estim\u00e9e\" \/>\n\t<meta name=\"twitter:data1\" content=\"2 minutes\" \/>\n<script type=\"application\/ld+json\" class=\"yoast-schema-graph\">{\"@context\":\"https:\/\/schema.org\",\"@graph\":[{\"@type\":\"WebPage\",\"@id\":\"https:\/\/www.planetoutdoor.eu\/boutique\/fungoo-rainbow-fortress-tip\/\",\"url\":\"https:\/\/www.planetoutdoor.eu\/boutique\/fungoo-rainbow-fortress-tip\/\",\"name\":\"FUNGOO RAINBOW FORTRESS TIP - Boutique Planet Outdoor\",\"isPartOf\":{\"@id\":\"https:\/\/www.planetoutdoor.eu\/boutique\/#website\"},\"primaryImageOfPage\":{\"@id\":\"https:\/\/www.planetoutdoor.eu\/boutique\/fungoo-rainbow-fortress-tip\/#primaryimage\"},\"image\":{\"@id\":\"https:\/\/www.planetoutdoor.eu\/boutique\/fungoo-rainbow-fortress-tip\/#primaryimage\"},\"thumbnailUrl\":\"https:\/\/www.planetoutdoor.eu\/boutique\/wp-content\/uploads\/2024\/02\/3513PT-scaled.jpg\",\"datePublished\":\"2024-02-27T19:08:44+00:00\",\"dateModified\":\"2026-01-26T10:22:23+00:00\",\"breadcrumb\":{\"@id\":\"https:\/\/www.planetoutdoor.eu\/boutique\/fungoo-rainbow-fortress-tip\/#breadcrumb\"},\"inLanguage\":\"fr-FR\",\"potentialAction\":[{\"@type\":\"ReadAction\",\"target\":[\"https:\/\/www.planetoutdoor.eu\/boutique\/fungoo-rainbow-fortress-tip\/\"]}]},{\"@type\":\"ImageObject\",\"inLanguage\":\"fr-FR\",\"@id\":\"https:\/\/www.planetoutdoor.eu\/boutique\/fungoo-rainbow-fortress-tip\/#primaryimage\",\"url\":\"https:\/\/www.planetoutdoor.eu\/boutique\/wp-content\/uploads\/2024\/02\/3513PT-scaled.jpg\",\"contentUrl\":\"https:\/\/www.planetoutdoor.eu\/boutique\/wp-content\/uploads\/2024\/02\/3513PT-scaled.jpg\",\"width\":2560,\"height\":1829},{\"@type\":\"BreadcrumbList\",\"@id\":\"https:\/\/www.planetoutdoor.eu\/boutique\/fungoo-rainbow-fortress-tip\/#breadcrumb\",\"itemListElement\":[{\"@type\":\"ListItem\",\"position\":1,\"name\":\"Accueil\",\"item\":\"https:\/\/www.planetoutdoor.eu\/boutique\/\"},{\"@type\":\"ListItem\",\"position\":2,\"name\":\"Boutique\",\"item\":\"https:\/\/www.planetoutdoor.eu\/boutique\/\"},{\"@type\":\"ListItem\",\"position\":3,\"name\":\"FUNGOO RAINBOW FORTRESS TIP\"}]},{\"@type\":\"WebSite\",\"@id\":\"https:\/\/www.planetoutdoor.eu\/boutique\/#website\",\"url\":\"https:\/\/www.planetoutdoor.eu\/boutique\/\",\"name\":\"Boutique Planet Outdoor\",\"description\":\"\",\"publisher\":{\"@id\":\"https:\/\/www.planetoutdoor.eu\/boutique\/#organization\"},\"potentialAction\":[{\"@type\":\"SearchAction\",\"target\":{\"@type\":\"EntryPoint\",\"urlTemplate\":\"https:\/\/www.planetoutdoor.eu\/boutique\/?s={search_term_string}\"},\"query-input\":\"required name=search_term_string\"}],\"inLanguage\":\"fr-FR\"},{\"@type\":\"Organization\",\"@id\":\"https:\/\/www.planetoutdoor.eu\/boutique\/#organization\",\"name\":\"Boutique Planet Outdoor\",\"url\":\"https:\/\/www.planetoutdoor.eu\/boutique\/\",\"logo\":{\"@type\":\"ImageObject\",\"inLanguage\":\"fr-FR\",\"@id\":\"https:\/\/www.planetoutdoor.eu\/boutique\/#\/schema\/logo\/image\/\",\"url\":\"https:\/\/www.planetoutdoor.eu\/boutique\/wp-content\/uploads\/2024\/01\/logo_planet_outdoor.png\",\"contentUrl\":\"https:\/\/www.planetoutdoor.eu\/boutique\/wp-content\/uploads\/2024\/01\/logo_planet_outdoor.png\",\"width\":265,\"height\":262,\"caption\":\"Boutique Planet Outdoor\"},\"image\":{\"@id\":\"https:\/\/www.planetoutdoor.eu\/boutique\/#\/schema\/logo\/image\/\"},\"sameAs\":[\"https:\/\/www.facebook.com\/PlanetOutdoorFrance\"]}]}<\/script>\n<!-- \/ Yoast SEO plugin. -->","yoast_head_json":{"title":"FUNGOO RAINBOW FORTRESS TIP - Boutique Planet Outdoor","robots":{"index":"index","follow":"follow","max-snippet":"max-snippet:-1","max-image-preview":"max-image-preview:large","max-video-preview":"max-video-preview:-1"},"canonical":"https:\/\/www.planetoutdoor.eu\/boutique\/fungoo-rainbow-fortress-tip\/","og_locale":"fr_FR","og_type":"article","og_title":"FUNGOO RAINBOW FORTRESS TIP - Boutique Planet Outdoor","og_description":"Livraison offerte   Kit d\u2019ancrages et s\u00e9curit\u00e9 inclus (pas de co\u00fbt suppl\u00e9mentaire)  Garantie 10 ans  Norme EN71 (s\u00e9curit\u00e9 et jouets)  Bois issu de for\u00eats g\u00e9r\u00e9es durablement  Fabriqu\u00e9 en Europe","og_url":"https:\/\/www.planetoutdoor.eu\/boutique\/fungoo-rainbow-fortress-tip\/","og_site_name":"Boutique Planet Outdoor","article_publisher":"https:\/\/www.facebook.com\/PlanetOutdoorFrance","article_modified_time":"2026-01-26T10:22:23+00:00","og_image":[{"width":2560,"height":1829,"url":"https:\/\/www.planetoutdoor.eu\/boutique\/wp-content\/uploads\/2024\/02\/3513PT-scaled.jpg","type":"image\/jpeg"}],"twitter_card":"summary_large_image","twitter_misc":{"Dur\u00e9e de lecture estim\u00e9e":"2 minutes"},"schema":{"@context":"https:\/\/schema.org","@graph":[{"@type":"WebPage","@id":"https:\/\/www.planetoutdoor.eu\/boutique\/fungoo-rainbow-fortress-tip\/","url":"https:\/\/www.planetoutdoor.eu\/boutique\/fungoo-rainbow-fortress-tip\/","name":"FUNGOO RAINBOW FORTRESS TIP - Boutique Planet Outdoor","isPartOf":{"@id":"https:\/\/www.planetoutdoor.eu\/boutique\/#website"},"primaryImageOfPage":{"@id":"https:\/\/www.planetoutdoor.eu\/boutique\/fungoo-rainbow-fortress-tip\/#primaryimage"},"image":{"@id":"https:\/\/www.planetoutdoor.eu\/boutique\/fungoo-rainbow-fortress-tip\/#primaryimage"},"thumbnailUrl":"https:\/\/www.planetoutdoor.eu\/boutique\/wp-content\/uploads\/2024\/02\/3513PT-scaled.jpg","datePublished":"2024-02-27T19:08:44+00:00","dateModified":"2026-01-26T10:22:23+00:00","breadcrumb":{"@id":"https:\/\/www.planetoutdoor.eu\/boutique\/fungoo-rainbow-fortress-tip\/#breadcrumb"},"inLanguage":"fr-FR","potentialAction":[{"@type":"ReadAction","target":["https:\/\/www.planetoutdoor.eu\/boutique\/fungoo-rainbow-fortress-tip\/"]}]},{"@type":"ImageObject","inLanguage":"fr-FR","@id":"https:\/\/www.planetoutdoor.eu\/boutique\/fungoo-rainbow-fortress-tip\/#primaryimage","url":"https:\/\/www.planetoutdoor.eu\/boutique\/wp-content\/uploads\/2024\/02\/3513PT-scaled.jpg","contentUrl":"https:\/\/www.planetoutdoor.eu\/boutique\/wp-content\/uploads\/2024\/02\/3513PT-scaled.jpg","width":2560,"height":1829},{"@type":"BreadcrumbList","@id":"https:\/\/www.planetoutdoor.eu\/boutique\/fungoo-rainbow-fortress-tip\/#breadcrumb","itemListElement":[{"@type":"ListItem","position":1,"name":"Accueil","item":"https:\/\/www.planetoutdoor.eu\/boutique\/"},{"@type":"ListItem","position":2,"name":"Boutique","item":"https:\/\/www.planetoutdoor.eu\/boutique\/"},{"@type":"ListItem","position":3,"name":"FUNGOO RAINBOW FORTRESS TIP"}]},{"@type":"WebSite","@id":"https:\/\/www.planetoutdoor.eu\/boutique\/#website","url":"https:\/\/www.planetoutdoor.eu\/boutique\/","name":"Boutique Planet Outdoor","description":"","publisher":{"@id":"https:\/\/www.planetoutdoor.eu\/boutique\/#organization"},"potentialAction":[{"@type":"SearchAction","target":{"@type":"EntryPoint","urlTemplate":"https:\/\/www.planetoutdoor.eu\/boutique\/?s={search_term_string}"},"query-input":"required name=search_term_string"}],"inLanguage":"fr-FR"},{"@type":"Organization","@id":"https:\/\/www.planetoutdoor.eu\/boutique\/#organization","name":"Boutique Planet Outdoor","url":"https:\/\/www.planetoutdoor.eu\/boutique\/","logo":{"@type":"ImageObject","inLanguage":"fr-FR","@id":"https:\/\/www.planetoutdoor.eu\/boutique\/#\/schema\/logo\/image\/","url":"https:\/\/www.planetoutdoor.eu\/boutique\/wp-content\/uploads\/2024\/01\/logo_planet_outdoor.png","contentUrl":"https:\/\/www.planetoutdoor.eu\/boutique\/wp-content\/uploads\/2024\/01\/logo_planet_outdoor.png","width":265,"height":262,"caption":"Boutique Planet Outdoor"},"image":{"@id":"https:\/\/www.planetoutdoor.eu\/boutique\/#\/schema\/logo\/image\/"},"sameAs":["https:\/\/www.facebook.com\/PlanetOutdoorFrance"]}]}},"_links":{"self":[{"href":"https:\/\/www.planetoutdoor.eu\/boutique\/wp-json\/wp\/v2\/product\/3377"}],"collection":[{"href":"https:\/\/www.planetoutdoor.eu\/boutique\/wp-json\/wp\/v2\/product"}],"about":[{"href":"https:\/\/www.planetoutdoor.eu\/boutique\/wp-json\/wp\/v2\/types\/product"}],"replies":[{"embeddable":true,"href":"https:\/\/www.planetoutdoor.eu\/boutique\/wp-json\/wp\/v2\/comments?post=3377"}],"wp:featuredmedia":[{"embeddable":true,"href":"https:\/\/www.planetoutdoor.eu\/boutique\/wp-json\/wp\/v2\/media\/4893"}],"wp:attachment":[{"href":"https:\/\/www.planetoutdoor.eu\/boutique\/wp-json\/wp\/v2\/media?parent=3377"}],"wp:term":[{"taxonomy":"product_cat","embeddable":true,"href":"https:\/\/www.planetoutdoor.eu\/boutique\/wp-json\/wp\/v2\/product_cat?post=3377"},{"taxonomy":"product_tag","embeddable":true,"href":"https:\/\/www.planetoutdoor.eu\/boutique\/wp-json\/wp\/v2\/product_tag?post=3377"}],"curies":[{"name":"wp","href":"https:\/\/api.w.org\/{rel}","templated":true}]}}