{"id":3381,"date":"2024-02-27T20:08:46","date_gmt":"2024-02-27T19:08:46","guid":{"rendered":"https:\/\/www.planetoutdoor.eu\/boutique\/fungoo-myhouse-free-time-beach\/"},"modified":"2026-01-26T11:17:23","modified_gmt":"2026-01-26T10:17:23","slug":"fungoo-myhouse-free-time-beach","status":"publish","type":"product","link":"https:\/\/www.planetoutdoor.eu\/boutique\/fungoo-myhouse-free-time-beach\/","title":{"rendered":"FUNGOO MyHOUSE FREE TIME BEACH"},"content":{"rendered":"<p>Offrez \u00e0 vos enfants un espace de jeu captivant avec notre <strong>aire de jeux \u00e9quip\u00e9e<\/strong> de <strong>toboggan bleu de 2,2 m<\/strong> (disponible en jaune, rouge et vert sur demande).<\/p>\n<p>Cette structure inclut des <strong>ancrages au sol<\/strong>, des <strong>jeux de poign\u00e9es<\/strong>, et des <strong>capuchons<\/strong> pour garantir leur s\u00e9curit\u00e9. Gr\u00e2ce \u00e0 l\u2019<strong>\u00e9chelle avec barreaux m\u00e9talliques<\/strong>, l\u2019acc\u00e8s est facile et s\u00fbr. Le <strong>kit bois complet<\/strong>, accompagn\u00e9 d\u2019un <strong>ensemble de connecteurs m\u00e9talliques<\/strong> et d\u2019un <strong>ensemble d\u2019outils d\u2019installation<\/strong>, rend le montage simple et rapide.<\/p>\n<p>Les <strong>instructions d\u2019installation \u00ab \u00e9tape par \u00e9tape \u00bb<\/strong> incluent des r\u00e8gles de s\u00e9curit\u00e9 essentielles pour une utilisation sans souci. Les enfants pourront \u00e9galement profiter d\u2019un <strong>volant<\/strong> et d\u2019une <strong>maisonnette avec toit \u00e0 deux versants<\/strong>, portes et volets, pour stimuler leur imagination. Construit en <strong>\u00e9pic\u00e9a Lasure<\/strong>, cet \u00e9quipement respecte les normes environnementales.<\/p>\n<p><strong>Dimensions : 4,4m (L) x 1,65m (l) x 2,85m (h)<\/strong>, La <strong>hauteur de la plateforme est de 1,25 m<\/strong>\u00a0avec une <strong>surface de 7,26 m\u00b2<\/strong> et une capacit\u00e9 maximale de <strong>9 utilisateurs<\/strong>. Le <strong>temps de montage<\/strong>\u00a0 est d\u2019environ <strong>9 heures pour 2 personnes<\/strong>, le tout avec une <strong>garantie de 10 ans<\/strong>.<\/p>\n<p><a href=\"https:\/\/www.planetoutdoor.eu\/boutique\/wp-content\/uploads\/2024\/02\/3523_MyHOUSE-FREE-TIME-BEACH.pdf\"><strong>Notice de montage\u00a0<\/strong><\/a><\/p>\n","protected":false},"excerpt":{"rendered":"<p>Livraison offerte<\/p>\n<ul>\n<li>Kit d\u2019ancrages et s\u00e9curit\u00e9 inclus (pas de co\u00fbt suppl\u00e9mentaire)<\/li>\n<li>Garantie 10 ans<\/li>\n<li>Norme EN71 (s\u00e9curit\u00e9 et jouets)<\/li>\n<li>Bois issu de for\u00eats g\u00e9r\u00e9es durablement<\/li>\n<li>Fabriqu\u00e9 en Europe<\/li>\n<\/ul>\n","protected":false},"featured_media":4875,"comment_status":"open","ping_status":"closed","template":"","meta":[],"product_cat":[21],"product_tag":[],"yoast_head":"<!-- This site is optimized with the Yoast SEO plugin v22.7 - https:\/\/yoast.com\/wordpress\/plugins\/seo\/ -->\n<title>FUNGOO MyHOUSE FREE TIME BEACH - Boutique Planet Outdoor<\/title>\n<meta name=\"robots\" content=\"index, follow, max-snippet:-1, max-image-preview:large, max-video-preview:-1\" \/>\n<link rel=\"canonical\" href=\"https:\/\/www.planetoutdoor.eu\/boutique\/fungoo-myhouse-free-time-beach\/\" \/>\n<meta property=\"og:locale\" content=\"fr_FR\" \/>\n<meta property=\"og:type\" content=\"article\" \/>\n<meta property=\"og:title\" content=\"FUNGOO MyHOUSE FREE TIME BEACH - Boutique Planet Outdoor\" \/>\n<meta property=\"og:description\" content=\"Livraison offerte   Kit d\u2019ancrages et s\u00e9curit\u00e9 inclus (pas de co\u00fbt suppl\u00e9mentaire)  Garantie 10 ans  Norme EN71 (s\u00e9curit\u00e9 et jouets)  Bois issu de for\u00eats g\u00e9r\u00e9es durablement  Fabriqu\u00e9 en Europe\" \/>\n<meta property=\"og:url\" content=\"https:\/\/www.planetoutdoor.eu\/boutique\/fungoo-myhouse-free-time-beach\/\" \/>\n<meta property=\"og:site_name\" content=\"Boutique Planet Outdoor\" \/>\n<meta property=\"article:publisher\" content=\"https:\/\/www.facebook.com\/PlanetOutdoorFrance\" \/>\n<meta property=\"article:modified_time\" content=\"2026-01-26T10:17:23+00:00\" \/>\n<meta property=\"og:image\" content=\"https:\/\/www.planetoutdoor.eu\/boutique\/wp-content\/uploads\/2024\/02\/3523PT.jpg\" \/>\n\t<meta property=\"og:image:width\" content=\"1500\" \/>\n\t<meta property=\"og:image:height\" content=\"1500\" \/>\n\t<meta property=\"og:image:type\" content=\"image\/jpeg\" \/>\n<meta name=\"twitter:card\" content=\"summary_large_image\" \/>\n<meta name=\"twitter:label1\" content=\"Dur\u00e9e de lecture estim\u00e9e\" \/>\n\t<meta name=\"twitter:data1\" content=\"2 minutes\" \/>\n<script type=\"application\/ld+json\" class=\"yoast-schema-graph\">{\"@context\":\"https:\/\/schema.org\",\"@graph\":[{\"@type\":\"WebPage\",\"@id\":\"https:\/\/www.planetoutdoor.eu\/boutique\/fungoo-myhouse-free-time-beach\/\",\"url\":\"https:\/\/www.planetoutdoor.eu\/boutique\/fungoo-myhouse-free-time-beach\/\",\"name\":\"FUNGOO MyHOUSE FREE TIME BEACH - Boutique Planet Outdoor\",\"isPartOf\":{\"@id\":\"https:\/\/www.planetoutdoor.eu\/boutique\/#website\"},\"primaryImageOfPage\":{\"@id\":\"https:\/\/www.planetoutdoor.eu\/boutique\/fungoo-myhouse-free-time-beach\/#primaryimage\"},\"image\":{\"@id\":\"https:\/\/www.planetoutdoor.eu\/boutique\/fungoo-myhouse-free-time-beach\/#primaryimage\"},\"thumbnailUrl\":\"https:\/\/www.planetoutdoor.eu\/boutique\/wp-content\/uploads\/2024\/02\/3523PT.jpg\",\"datePublished\":\"2024-02-27T19:08:46+00:00\",\"dateModified\":\"2026-01-26T10:17:23+00:00\",\"breadcrumb\":{\"@id\":\"https:\/\/www.planetoutdoor.eu\/boutique\/fungoo-myhouse-free-time-beach\/#breadcrumb\"},\"inLanguage\":\"fr-FR\",\"potentialAction\":[{\"@type\":\"ReadAction\",\"target\":[\"https:\/\/www.planetoutdoor.eu\/boutique\/fungoo-myhouse-free-time-beach\/\"]}]},{\"@type\":\"ImageObject\",\"inLanguage\":\"fr-FR\",\"@id\":\"https:\/\/www.planetoutdoor.eu\/boutique\/fungoo-myhouse-free-time-beach\/#primaryimage\",\"url\":\"https:\/\/www.planetoutdoor.eu\/boutique\/wp-content\/uploads\/2024\/02\/3523PT.jpg\",\"contentUrl\":\"https:\/\/www.planetoutdoor.eu\/boutique\/wp-content\/uploads\/2024\/02\/3523PT.jpg\",\"width\":1500,\"height\":1500},{\"@type\":\"BreadcrumbList\",\"@id\":\"https:\/\/www.planetoutdoor.eu\/boutique\/fungoo-myhouse-free-time-beach\/#breadcrumb\",\"itemListElement\":[{\"@type\":\"ListItem\",\"position\":1,\"name\":\"Accueil\",\"item\":\"https:\/\/www.planetoutdoor.eu\/boutique\/\"},{\"@type\":\"ListItem\",\"position\":2,\"name\":\"Boutique\",\"item\":\"https:\/\/www.planetoutdoor.eu\/boutique\/\"},{\"@type\":\"ListItem\",\"position\":3,\"name\":\"FUNGOO MyHOUSE FREE TIME BEACH\"}]},{\"@type\":\"WebSite\",\"@id\":\"https:\/\/www.planetoutdoor.eu\/boutique\/#website\",\"url\":\"https:\/\/www.planetoutdoor.eu\/boutique\/\",\"name\":\"Boutique Planet Outdoor\",\"description\":\"\",\"publisher\":{\"@id\":\"https:\/\/www.planetoutdoor.eu\/boutique\/#organization\"},\"potentialAction\":[{\"@type\":\"SearchAction\",\"target\":{\"@type\":\"EntryPoint\",\"urlTemplate\":\"https:\/\/www.planetoutdoor.eu\/boutique\/?s={search_term_string}\"},\"query-input\":\"required name=search_term_string\"}],\"inLanguage\":\"fr-FR\"},{\"@type\":\"Organization\",\"@id\":\"https:\/\/www.planetoutdoor.eu\/boutique\/#organization\",\"name\":\"Boutique Planet Outdoor\",\"url\":\"https:\/\/www.planetoutdoor.eu\/boutique\/\",\"logo\":{\"@type\":\"ImageObject\",\"inLanguage\":\"fr-FR\",\"@id\":\"https:\/\/www.planetoutdoor.eu\/boutique\/#\/schema\/logo\/image\/\",\"url\":\"https:\/\/www.planetoutdoor.eu\/boutique\/wp-content\/uploads\/2024\/01\/logo_planet_outdoor.png\",\"contentUrl\":\"https:\/\/www.planetoutdoor.eu\/boutique\/wp-content\/uploads\/2024\/01\/logo_planet_outdoor.png\",\"width\":265,\"height\":262,\"caption\":\"Boutique Planet Outdoor\"},\"image\":{\"@id\":\"https:\/\/www.planetoutdoor.eu\/boutique\/#\/schema\/logo\/image\/\"},\"sameAs\":[\"https:\/\/www.facebook.com\/PlanetOutdoorFrance\"]}]}<\/script>\n<!-- \/ Yoast SEO plugin. -->","yoast_head_json":{"title":"FUNGOO MyHOUSE FREE TIME BEACH - Boutique Planet Outdoor","robots":{"index":"index","follow":"follow","max-snippet":"max-snippet:-1","max-image-preview":"max-image-preview:large","max-video-preview":"max-video-preview:-1"},"canonical":"https:\/\/www.planetoutdoor.eu\/boutique\/fungoo-myhouse-free-time-beach\/","og_locale":"fr_FR","og_type":"article","og_title":"FUNGOO MyHOUSE FREE TIME BEACH - Boutique Planet Outdoor","og_description":"Livraison offerte   Kit d\u2019ancrages et s\u00e9curit\u00e9 inclus (pas de co\u00fbt suppl\u00e9mentaire)  Garantie 10 ans  Norme EN71 (s\u00e9curit\u00e9 et jouets)  Bois issu de for\u00eats g\u00e9r\u00e9es durablement  Fabriqu\u00e9 en Europe","og_url":"https:\/\/www.planetoutdoor.eu\/boutique\/fungoo-myhouse-free-time-beach\/","og_site_name":"Boutique Planet Outdoor","article_publisher":"https:\/\/www.facebook.com\/PlanetOutdoorFrance","article_modified_time":"2026-01-26T10:17:23+00:00","og_image":[{"width":1500,"height":1500,"url":"https:\/\/www.planetoutdoor.eu\/boutique\/wp-content\/uploads\/2024\/02\/3523PT.jpg","type":"image\/jpeg"}],"twitter_card":"summary_large_image","twitter_misc":{"Dur\u00e9e de lecture estim\u00e9e":"2 minutes"},"schema":{"@context":"https:\/\/schema.org","@graph":[{"@type":"WebPage","@id":"https:\/\/www.planetoutdoor.eu\/boutique\/fungoo-myhouse-free-time-beach\/","url":"https:\/\/www.planetoutdoor.eu\/boutique\/fungoo-myhouse-free-time-beach\/","name":"FUNGOO MyHOUSE FREE TIME BEACH - Boutique Planet Outdoor","isPartOf":{"@id":"https:\/\/www.planetoutdoor.eu\/boutique\/#website"},"primaryImageOfPage":{"@id":"https:\/\/www.planetoutdoor.eu\/boutique\/fungoo-myhouse-free-time-beach\/#primaryimage"},"image":{"@id":"https:\/\/www.planetoutdoor.eu\/boutique\/fungoo-myhouse-free-time-beach\/#primaryimage"},"thumbnailUrl":"https:\/\/www.planetoutdoor.eu\/boutique\/wp-content\/uploads\/2024\/02\/3523PT.jpg","datePublished":"2024-02-27T19:08:46+00:00","dateModified":"2026-01-26T10:17:23+00:00","breadcrumb":{"@id":"https:\/\/www.planetoutdoor.eu\/boutique\/fungoo-myhouse-free-time-beach\/#breadcrumb"},"inLanguage":"fr-FR","potentialAction":[{"@type":"ReadAction","target":["https:\/\/www.planetoutdoor.eu\/boutique\/fungoo-myhouse-free-time-beach\/"]}]},{"@type":"ImageObject","inLanguage":"fr-FR","@id":"https:\/\/www.planetoutdoor.eu\/boutique\/fungoo-myhouse-free-time-beach\/#primaryimage","url":"https:\/\/www.planetoutdoor.eu\/boutique\/wp-content\/uploads\/2024\/02\/3523PT.jpg","contentUrl":"https:\/\/www.planetoutdoor.eu\/boutique\/wp-content\/uploads\/2024\/02\/3523PT.jpg","width":1500,"height":1500},{"@type":"BreadcrumbList","@id":"https:\/\/www.planetoutdoor.eu\/boutique\/fungoo-myhouse-free-time-beach\/#breadcrumb","itemListElement":[{"@type":"ListItem","position":1,"name":"Accueil","item":"https:\/\/www.planetoutdoor.eu\/boutique\/"},{"@type":"ListItem","position":2,"name":"Boutique","item":"https:\/\/www.planetoutdoor.eu\/boutique\/"},{"@type":"ListItem","position":3,"name":"FUNGOO MyHOUSE FREE TIME BEACH"}]},{"@type":"WebSite","@id":"https:\/\/www.planetoutdoor.eu\/boutique\/#website","url":"https:\/\/www.planetoutdoor.eu\/boutique\/","name":"Boutique Planet Outdoor","description":"","publisher":{"@id":"https:\/\/www.planetoutdoor.eu\/boutique\/#organization"},"potentialAction":[{"@type":"SearchAction","target":{"@type":"EntryPoint","urlTemplate":"https:\/\/www.planetoutdoor.eu\/boutique\/?s={search_term_string}"},"query-input":"required name=search_term_string"}],"inLanguage":"fr-FR"},{"@type":"Organization","@id":"https:\/\/www.planetoutdoor.eu\/boutique\/#organization","name":"Boutique Planet Outdoor","url":"https:\/\/www.planetoutdoor.eu\/boutique\/","logo":{"@type":"ImageObject","inLanguage":"fr-FR","@id":"https:\/\/www.planetoutdoor.eu\/boutique\/#\/schema\/logo\/image\/","url":"https:\/\/www.planetoutdoor.eu\/boutique\/wp-content\/uploads\/2024\/01\/logo_planet_outdoor.png","contentUrl":"https:\/\/www.planetoutdoor.eu\/boutique\/wp-content\/uploads\/2024\/01\/logo_planet_outdoor.png","width":265,"height":262,"caption":"Boutique Planet Outdoor"},"image":{"@id":"https:\/\/www.planetoutdoor.eu\/boutique\/#\/schema\/logo\/image\/"},"sameAs":["https:\/\/www.facebook.com\/PlanetOutdoorFrance"]}]}},"_links":{"self":[{"href":"https:\/\/www.planetoutdoor.eu\/boutique\/wp-json\/wp\/v2\/product\/3381"}],"collection":[{"href":"https:\/\/www.planetoutdoor.eu\/boutique\/wp-json\/wp\/v2\/product"}],"about":[{"href":"https:\/\/www.planetoutdoor.eu\/boutique\/wp-json\/wp\/v2\/types\/product"}],"replies":[{"embeddable":true,"href":"https:\/\/www.planetoutdoor.eu\/boutique\/wp-json\/wp\/v2\/comments?post=3381"}],"wp:featuredmedia":[{"embeddable":true,"href":"https:\/\/www.planetoutdoor.eu\/boutique\/wp-json\/wp\/v2\/media\/4875"}],"wp:attachment":[{"href":"https:\/\/www.planetoutdoor.eu\/boutique\/wp-json\/wp\/v2\/media?parent=3381"}],"wp:term":[{"taxonomy":"product_cat","embeddable":true,"href":"https:\/\/www.planetoutdoor.eu\/boutique\/wp-json\/wp\/v2\/product_cat?post=3381"},{"taxonomy":"product_tag","embeddable":true,"href":"https:\/\/www.planetoutdoor.eu\/boutique\/wp-json\/wp\/v2\/product_tag?post=3381"}],"curies":[{"name":"wp","href":"https:\/\/api.w.org\/{rel}","templated":true}]}}