{"id":3390,"date":"2024-02-27T20:08:49","date_gmt":"2024-02-27T19:08:49","guid":{"rendered":"https:\/\/www.planetoutdoor.eu\/boutique\/fungoo-fleppi\/"},"modified":"2026-03-02T09:05:32","modified_gmt":"2026-03-02T08:05:32","slug":"fungoo-fleppi","status":"publish","type":"product","link":"https:\/\/www.planetoutdoor.eu\/boutique\/fungoo-fleppi\/","title":{"rendered":"FUNGOO FLEPPI"},"content":{"rendered":"<p>Offrez \u00e0 vos enfants une exp\u00e9rience de jeu exceptionnelle avec notre aire de jeux compl\u00e8te ! Dot\u00e9e d\u2019un <strong>toboggan vert de 2,2 m<\/strong>, de <strong>deux si\u00e8ges rouges<\/strong>, et d\u2019un <strong>bac \u00e0 sable<\/strong>, cette structure promet des heures d&rsquo;amusement. \u00c9quip\u00e9e d\u2019une <strong>\u00e9chelle en m\u00e9tal<\/strong>, d\u2019un <strong>volant<\/strong>, d\u2019un <strong>t\u00e9lescope<\/strong>, et de <strong>8 rochers pour mur d\u2019escalade<\/strong>, elle stimule la cr\u00e9ativit\u00e9 et l\u2019aventure. Fabriqu\u00e9e en <strong>Pin Sylvestre autoclave classe 3<\/strong>, elle est durable et s\u00e9curis\u00e9e gr\u00e2ce \u00e0 ses <strong>6 ancrages au sol<\/strong>. L\u2019installation est facile avec les outils et instructions fournis, r\u00e9alisable en 6 heures (2 personnes). <strong>Dimensions : 3,9m (L) x 4,1m (l) x 2,74m (h) <\/strong>et une <strong>surface de 15,99 m\u00b2<\/strong>, pour <strong>9 enfants maximum<\/strong>. Garantie de <strong>10 ans<\/strong>.<\/p>\n<p><a href=\"https:\/\/www.planetoutdoor.eu\/boutique\/wp-content\/uploads\/2024\/02\/003_08800_FLEPPI_V2_Instrukcja.pdf\"><strong>Notice de montage\u00a0<\/strong><\/a><\/p>\n<p>&nbsp;<\/p>\n","protected":false},"excerpt":{"rendered":"<p>Offrez \u00e0 vos enfants une exp\u00e9rience de jeu exceptionnelle avec notre aire de jeux compl\u00e8te ! Dot\u00e9e d\u2019un <strong>toboggan vert de 2,2 m<\/strong>, de <strong>deux si\u00e8ges rouges<\/strong>, et d\u2019un <strong>bac \u00e0 sable<\/strong>, cette structure promet des heures d&rsquo;amusement. \u00c9quip\u00e9e d\u2019une <strong>\u00e9chelle en m\u00e9tal<\/strong>, d\u2019un <strong>volant<\/strong>, d\u2019un <strong>t\u00e9lescope<\/strong>, et de <strong>8 rochers pour mur d\u2019escalade<\/strong>, elle stimule la cr\u00e9ativit\u00e9 et l\u2019aventure. Fabriqu\u00e9e en <strong>Pin Sylvestre autoclave classe 3<\/strong>, elle est durable et s\u00e9curis\u00e9e gr\u00e2ce \u00e0 ses <strong>6 ancrages au sol<\/strong>. L\u2019installation est facile avec les outils et instructions fournis, r\u00e9alisable en 6 heures (2 personnes). <strong>Dimensions : 3,9m (L) x 4,1m (l) x 2,74m (h) <\/strong>et une <strong>surface de 15,99 m\u00b2<\/strong>, pour <strong>9 enfants maximum<\/strong>. Garantie de <strong>10 ans<\/strong>.<\/p>\n<p><a href=\"https:\/\/www.planetoutdoor.eu\/boutique\/wp-content\/uploads\/2024\/02\/003_08800_FLEPPI_V2_Instrukcja.pdf\"><strong>Notice de montage\u00a0<\/strong><\/a><\/p>\n<p>&nbsp;<\/p>\n","protected":false},"featured_media":4861,"comment_status":"open","ping_status":"closed","template":"","meta":[],"product_cat":[21],"product_tag":[],"yoast_head":"<!-- This site is optimized with the Yoast SEO plugin v22.7 - https:\/\/yoast.com\/wordpress\/plugins\/seo\/ -->\n<title>FUNGOO FLEPPI - Boutique Planet Outdoor<\/title>\n<meta name=\"robots\" content=\"index, follow, max-snippet:-1, max-image-preview:large, max-video-preview:-1\" \/>\n<link rel=\"canonical\" href=\"https:\/\/www.planetoutdoor.eu\/boutique\/fungoo-fleppi\/\" \/>\n<meta property=\"og:locale\" content=\"fr_FR\" \/>\n<meta property=\"og:type\" content=\"article\" \/>\n<meta property=\"og:title\" content=\"FUNGOO FLEPPI - Boutique Planet Outdoor\" \/>\n<meta property=\"og:description\" content=\"Offrez \u00e0 vos enfants une exp\u00e9rience de jeu exceptionnelle avec notre aire de jeux compl\u00e8te ! Dot\u00e9e d\u2019un toboggan vert de 2,2 m, de deux si\u00e8ges rouges, et d\u2019un bac \u00e0 sable, cette structure promet des heures d&#039;amusement. \u00c9quip\u00e9e d\u2019une \u00e9chelle en m\u00e9tal, d\u2019un volant, d\u2019un t\u00e9lescope, et de 8 rochers pour mur d\u2019escalade, elle stimule la cr\u00e9ativit\u00e9 et l\u2019aventure. Fabriqu\u00e9e en Pin Sylvestre autoclave classe 3, elle est durable et s\u00e9curis\u00e9e gr\u00e2ce \u00e0 ses 6 ancrages au sol. L\u2019installation est facile avec les outils et instructions fournis, r\u00e9alisable en 6 heures (2 personnes). Dimensions : 3,9m (L) x 4,1m (l) x 2,74m (h) et une surface de 15,99 m\u00b2, pour 9 enfants maximum. Garantie de 10 ans.  Notice de montage\u00a0  &nbsp;\" \/>\n<meta property=\"og:url\" content=\"https:\/\/www.planetoutdoor.eu\/boutique\/fungoo-fleppi\/\" \/>\n<meta property=\"og:site_name\" content=\"Boutique Planet Outdoor\" \/>\n<meta property=\"article:publisher\" content=\"https:\/\/www.facebook.com\/PlanetOutdoorFrance\" \/>\n<meta property=\"article:modified_time\" content=\"2026-03-02T08:05:32+00:00\" \/>\n<meta property=\"og:image\" content=\"https:\/\/www.planetoutdoor.eu\/boutique\/wp-content\/uploads\/2024\/02\/4630PK.jpg\" \/>\n\t<meta property=\"og:image:width\" content=\"2546\" \/>\n\t<meta property=\"og:image:height\" content=\"1556\" \/>\n\t<meta property=\"og:image:type\" content=\"image\/jpeg\" \/>\n<meta name=\"twitter:card\" content=\"summary_large_image\" \/>\n<meta name=\"twitter:label1\" content=\"Dur\u00e9e de lecture estim\u00e9e\" \/>\n\t<meta name=\"twitter:data1\" content=\"1 minute\" \/>\n<script type=\"application\/ld+json\" class=\"yoast-schema-graph\">{\"@context\":\"https:\/\/schema.org\",\"@graph\":[{\"@type\":\"WebPage\",\"@id\":\"https:\/\/www.planetoutdoor.eu\/boutique\/fungoo-fleppi\/\",\"url\":\"https:\/\/www.planetoutdoor.eu\/boutique\/fungoo-fleppi\/\",\"name\":\"FUNGOO FLEPPI - Boutique Planet Outdoor\",\"isPartOf\":{\"@id\":\"https:\/\/www.planetoutdoor.eu\/boutique\/#website\"},\"primaryImageOfPage\":{\"@id\":\"https:\/\/www.planetoutdoor.eu\/boutique\/fungoo-fleppi\/#primaryimage\"},\"image\":{\"@id\":\"https:\/\/www.planetoutdoor.eu\/boutique\/fungoo-fleppi\/#primaryimage\"},\"thumbnailUrl\":\"https:\/\/www.planetoutdoor.eu\/boutique\/wp-content\/uploads\/2024\/02\/4630PK.jpg\",\"datePublished\":\"2024-02-27T19:08:49+00:00\",\"dateModified\":\"2026-03-02T08:05:32+00:00\",\"breadcrumb\":{\"@id\":\"https:\/\/www.planetoutdoor.eu\/boutique\/fungoo-fleppi\/#breadcrumb\"},\"inLanguage\":\"fr-FR\",\"potentialAction\":[{\"@type\":\"ReadAction\",\"target\":[\"https:\/\/www.planetoutdoor.eu\/boutique\/fungoo-fleppi\/\"]}]},{\"@type\":\"ImageObject\",\"inLanguage\":\"fr-FR\",\"@id\":\"https:\/\/www.planetoutdoor.eu\/boutique\/fungoo-fleppi\/#primaryimage\",\"url\":\"https:\/\/www.planetoutdoor.eu\/boutique\/wp-content\/uploads\/2024\/02\/4630PK.jpg\",\"contentUrl\":\"https:\/\/www.planetoutdoor.eu\/boutique\/wp-content\/uploads\/2024\/02\/4630PK.jpg\",\"width\":2546,\"height\":1556},{\"@type\":\"BreadcrumbList\",\"@id\":\"https:\/\/www.planetoutdoor.eu\/boutique\/fungoo-fleppi\/#breadcrumb\",\"itemListElement\":[{\"@type\":\"ListItem\",\"position\":1,\"name\":\"Accueil\",\"item\":\"https:\/\/www.planetoutdoor.eu\/boutique\/\"},{\"@type\":\"ListItem\",\"position\":2,\"name\":\"Boutique\",\"item\":\"https:\/\/www.planetoutdoor.eu\/boutique\/\"},{\"@type\":\"ListItem\",\"position\":3,\"name\":\"FUNGOO FLEPPI\"}]},{\"@type\":\"WebSite\",\"@id\":\"https:\/\/www.planetoutdoor.eu\/boutique\/#website\",\"url\":\"https:\/\/www.planetoutdoor.eu\/boutique\/\",\"name\":\"Boutique Planet Outdoor\",\"description\":\"\",\"publisher\":{\"@id\":\"https:\/\/www.planetoutdoor.eu\/boutique\/#organization\"},\"potentialAction\":[{\"@type\":\"SearchAction\",\"target\":{\"@type\":\"EntryPoint\",\"urlTemplate\":\"https:\/\/www.planetoutdoor.eu\/boutique\/?s={search_term_string}\"},\"query-input\":\"required name=search_term_string\"}],\"inLanguage\":\"fr-FR\"},{\"@type\":\"Organization\",\"@id\":\"https:\/\/www.planetoutdoor.eu\/boutique\/#organization\",\"name\":\"Boutique Planet Outdoor\",\"url\":\"https:\/\/www.planetoutdoor.eu\/boutique\/\",\"logo\":{\"@type\":\"ImageObject\",\"inLanguage\":\"fr-FR\",\"@id\":\"https:\/\/www.planetoutdoor.eu\/boutique\/#\/schema\/logo\/image\/\",\"url\":\"https:\/\/www.planetoutdoor.eu\/boutique\/wp-content\/uploads\/2024\/01\/logo_planet_outdoor.png\",\"contentUrl\":\"https:\/\/www.planetoutdoor.eu\/boutique\/wp-content\/uploads\/2024\/01\/logo_planet_outdoor.png\",\"width\":265,\"height\":262,\"caption\":\"Boutique Planet Outdoor\"},\"image\":{\"@id\":\"https:\/\/www.planetoutdoor.eu\/boutique\/#\/schema\/logo\/image\/\"},\"sameAs\":[\"https:\/\/www.facebook.com\/PlanetOutdoorFrance\"]}]}<\/script>\n<!-- \/ Yoast SEO plugin. -->","yoast_head_json":{"title":"FUNGOO FLEPPI - Boutique Planet Outdoor","robots":{"index":"index","follow":"follow","max-snippet":"max-snippet:-1","max-image-preview":"max-image-preview:large","max-video-preview":"max-video-preview:-1"},"canonical":"https:\/\/www.planetoutdoor.eu\/boutique\/fungoo-fleppi\/","og_locale":"fr_FR","og_type":"article","og_title":"FUNGOO FLEPPI - Boutique Planet Outdoor","og_description":"Offrez \u00e0 vos enfants une exp\u00e9rience de jeu exceptionnelle avec notre aire de jeux compl\u00e8te ! Dot\u00e9e d\u2019un toboggan vert de 2,2 m, de deux si\u00e8ges rouges, et d\u2019un bac \u00e0 sable, cette structure promet des heures d'amusement. \u00c9quip\u00e9e d\u2019une \u00e9chelle en m\u00e9tal, d\u2019un volant, d\u2019un t\u00e9lescope, et de 8 rochers pour mur d\u2019escalade, elle stimule la cr\u00e9ativit\u00e9 et l\u2019aventure. Fabriqu\u00e9e en Pin Sylvestre autoclave classe 3, elle est durable et s\u00e9curis\u00e9e gr\u00e2ce \u00e0 ses 6 ancrages au sol. L\u2019installation est facile avec les outils et instructions fournis, r\u00e9alisable en 6 heures (2 personnes). Dimensions : 3,9m (L) x 4,1m (l) x 2,74m (h) et une surface de 15,99 m\u00b2, pour 9 enfants maximum. Garantie de 10 ans.  Notice de montage\u00a0  &nbsp;","og_url":"https:\/\/www.planetoutdoor.eu\/boutique\/fungoo-fleppi\/","og_site_name":"Boutique Planet Outdoor","article_publisher":"https:\/\/www.facebook.com\/PlanetOutdoorFrance","article_modified_time":"2026-03-02T08:05:32+00:00","og_image":[{"width":2546,"height":1556,"url":"https:\/\/www.planetoutdoor.eu\/boutique\/wp-content\/uploads\/2024\/02\/4630PK.jpg","type":"image\/jpeg"}],"twitter_card":"summary_large_image","twitter_misc":{"Dur\u00e9e de lecture estim\u00e9e":"1 minute"},"schema":{"@context":"https:\/\/schema.org","@graph":[{"@type":"WebPage","@id":"https:\/\/www.planetoutdoor.eu\/boutique\/fungoo-fleppi\/","url":"https:\/\/www.planetoutdoor.eu\/boutique\/fungoo-fleppi\/","name":"FUNGOO FLEPPI - Boutique Planet Outdoor","isPartOf":{"@id":"https:\/\/www.planetoutdoor.eu\/boutique\/#website"},"primaryImageOfPage":{"@id":"https:\/\/www.planetoutdoor.eu\/boutique\/fungoo-fleppi\/#primaryimage"},"image":{"@id":"https:\/\/www.planetoutdoor.eu\/boutique\/fungoo-fleppi\/#primaryimage"},"thumbnailUrl":"https:\/\/www.planetoutdoor.eu\/boutique\/wp-content\/uploads\/2024\/02\/4630PK.jpg","datePublished":"2024-02-27T19:08:49+00:00","dateModified":"2026-03-02T08:05:32+00:00","breadcrumb":{"@id":"https:\/\/www.planetoutdoor.eu\/boutique\/fungoo-fleppi\/#breadcrumb"},"inLanguage":"fr-FR","potentialAction":[{"@type":"ReadAction","target":["https:\/\/www.planetoutdoor.eu\/boutique\/fungoo-fleppi\/"]}]},{"@type":"ImageObject","inLanguage":"fr-FR","@id":"https:\/\/www.planetoutdoor.eu\/boutique\/fungoo-fleppi\/#primaryimage","url":"https:\/\/www.planetoutdoor.eu\/boutique\/wp-content\/uploads\/2024\/02\/4630PK.jpg","contentUrl":"https:\/\/www.planetoutdoor.eu\/boutique\/wp-content\/uploads\/2024\/02\/4630PK.jpg","width":2546,"height":1556},{"@type":"BreadcrumbList","@id":"https:\/\/www.planetoutdoor.eu\/boutique\/fungoo-fleppi\/#breadcrumb","itemListElement":[{"@type":"ListItem","position":1,"name":"Accueil","item":"https:\/\/www.planetoutdoor.eu\/boutique\/"},{"@type":"ListItem","position":2,"name":"Boutique","item":"https:\/\/www.planetoutdoor.eu\/boutique\/"},{"@type":"ListItem","position":3,"name":"FUNGOO FLEPPI"}]},{"@type":"WebSite","@id":"https:\/\/www.planetoutdoor.eu\/boutique\/#website","url":"https:\/\/www.planetoutdoor.eu\/boutique\/","name":"Boutique Planet Outdoor","description":"","publisher":{"@id":"https:\/\/www.planetoutdoor.eu\/boutique\/#organization"},"potentialAction":[{"@type":"SearchAction","target":{"@type":"EntryPoint","urlTemplate":"https:\/\/www.planetoutdoor.eu\/boutique\/?s={search_term_string}"},"query-input":"required name=search_term_string"}],"inLanguage":"fr-FR"},{"@type":"Organization","@id":"https:\/\/www.planetoutdoor.eu\/boutique\/#organization","name":"Boutique Planet Outdoor","url":"https:\/\/www.planetoutdoor.eu\/boutique\/","logo":{"@type":"ImageObject","inLanguage":"fr-FR","@id":"https:\/\/www.planetoutdoor.eu\/boutique\/#\/schema\/logo\/image\/","url":"https:\/\/www.planetoutdoor.eu\/boutique\/wp-content\/uploads\/2024\/01\/logo_planet_outdoor.png","contentUrl":"https:\/\/www.planetoutdoor.eu\/boutique\/wp-content\/uploads\/2024\/01\/logo_planet_outdoor.png","width":265,"height":262,"caption":"Boutique Planet Outdoor"},"image":{"@id":"https:\/\/www.planetoutdoor.eu\/boutique\/#\/schema\/logo\/image\/"},"sameAs":["https:\/\/www.facebook.com\/PlanetOutdoorFrance"]}]}},"_links":{"self":[{"href":"https:\/\/www.planetoutdoor.eu\/boutique\/wp-json\/wp\/v2\/product\/3390"}],"collection":[{"href":"https:\/\/www.planetoutdoor.eu\/boutique\/wp-json\/wp\/v2\/product"}],"about":[{"href":"https:\/\/www.planetoutdoor.eu\/boutique\/wp-json\/wp\/v2\/types\/product"}],"replies":[{"embeddable":true,"href":"https:\/\/www.planetoutdoor.eu\/boutique\/wp-json\/wp\/v2\/comments?post=3390"}],"wp:featuredmedia":[{"embeddable":true,"href":"https:\/\/www.planetoutdoor.eu\/boutique\/wp-json\/wp\/v2\/media\/4861"}],"wp:attachment":[{"href":"https:\/\/www.planetoutdoor.eu\/boutique\/wp-json\/wp\/v2\/media?parent=3390"}],"wp:term":[{"taxonomy":"product_cat","embeddable":true,"href":"https:\/\/www.planetoutdoor.eu\/boutique\/wp-json\/wp\/v2\/product_cat?post=3390"},{"taxonomy":"product_tag","embeddable":true,"href":"https:\/\/www.planetoutdoor.eu\/boutique\/wp-json\/wp\/v2\/product_tag?post=3390"}],"curies":[{"name":"wp","href":"https:\/\/api.w.org\/{rel}","templated":true}]}}