{"id":3402,"date":"2024-02-27T20:08:54","date_gmt":"2024-02-27T19:08:54","guid":{"rendered":"https:\/\/www.planetoutdoor.eu\/boutique\/fungoo-light\/"},"modified":"2026-03-02T09:00:49","modified_gmt":"2026-03-02T08:00:49","slug":"fungoo-light","status":"publish","type":"product","link":"https:\/\/www.planetoutdoor.eu\/boutique\/fungoo-light\/","title":{"rendered":"FUNGOO LIGHT"},"content":{"rendered":"<p>D\u00e9couvrez notre <strong>toboggan vert de 2,2 m<\/strong>, parfait pour les aventures en plein air !<\/p>\n<p>Ce toboggan est \u00e9quip\u00e9 d&rsquo;ancrages au sol pour une stabilit\u00e9 optimale et d&rsquo;un mur d\u2019escalade pour des d\u00e9fis suppl\u00e9mentaires.<\/p>\n<p>Les jeux de poign\u00e9es et les capuchons assurent la s\u00e9curit\u00e9 des petits grimpeurs.<\/p>\n<p>Le kit bois complet comprend une \u00e9chelle en bois, un ensemble d\u2019outils d\u2019installation et des instructions \u00ab \u00e9tape par \u00e9tape \u00bb pour un montage facile, qui prend seulement <strong>4 heures pour une personne<\/strong>.<\/p>\n<p>Fabriqu\u00e9 en <strong>soft wood trait\u00e9 sous pression<\/strong>, il garantit durabilit\u00e9 et s\u00e9curit\u00e9.<\/p>\n<p><strong>Caract\u00e9ristiques :<\/strong> Dimensions : 2,54 m (long) x 0,73 m (larg) x 2,1 m (haut), surface de 1,85 m\u00b2, hauteur de plateforme de 1,25 m, capacit\u00e9 maximale de 5 utilisateurs, avec une garantie de 10 ans.<\/p>\n<p>Offrez \u00e0 vos enfants un espace de jeu captivant !<\/p>\n","protected":false},"excerpt":{"rendered":"<p>Livraison offerte<\/p>\n<ul>\n<li>Kit d\u2019ancrages et s\u00e9curit\u00e9 inclus (pas de co\u00fbt suppl\u00e9mentaire)<\/li>\n<li>Garantie 10 ans<\/li>\n<li>Norme EN71 (s\u00e9curit\u00e9 et jouets)<\/li>\n<li>Bois issu de for\u00eats g\u00e9r\u00e9es durablement<\/li>\n<li>Fabriqu\u00e9 en Europe<\/li>\n<\/ul>\n","protected":false},"featured_media":4848,"comment_status":"open","ping_status":"closed","template":"","meta":[],"product_cat":[21],"product_tag":[],"yoast_head":"<!-- This site is optimized with the Yoast SEO plugin v22.7 - https:\/\/yoast.com\/wordpress\/plugins\/seo\/ -->\n<title>FUNGOO LIGHT - Boutique Planet Outdoor<\/title>\n<meta name=\"robots\" content=\"index, follow, max-snippet:-1, max-image-preview:large, max-video-preview:-1\" \/>\n<link rel=\"canonical\" href=\"https:\/\/www.planetoutdoor.eu\/boutique\/fungoo-light\/\" \/>\n<meta property=\"og:locale\" content=\"fr_FR\" \/>\n<meta property=\"og:type\" content=\"article\" \/>\n<meta property=\"og:title\" content=\"FUNGOO LIGHT - Boutique Planet Outdoor\" \/>\n<meta property=\"og:description\" content=\"Livraison offerte   Kit d\u2019ancrages et s\u00e9curit\u00e9 inclus (pas de co\u00fbt suppl\u00e9mentaire)  Garantie 10 ans  Norme EN71 (s\u00e9curit\u00e9 et jouets)  Bois issu de for\u00eats g\u00e9r\u00e9es durablement  Fabriqu\u00e9 en Europe\" \/>\n<meta property=\"og:url\" content=\"https:\/\/www.planetoutdoor.eu\/boutique\/fungoo-light\/\" \/>\n<meta property=\"og:site_name\" content=\"Boutique Planet Outdoor\" \/>\n<meta property=\"article:publisher\" content=\"https:\/\/www.facebook.com\/PlanetOutdoorFrance\" \/>\n<meta property=\"article:modified_time\" content=\"2026-03-02T08:00:49+00:00\" \/>\n<meta property=\"og:image\" content=\"https:\/\/www.planetoutdoor.eu\/boutique\/wp-content\/uploads\/2024\/02\/8330PK.jpg\" \/>\n\t<meta property=\"og:image:width\" content=\"1433\" \/>\n\t<meta property=\"og:image:height\" content=\"1300\" \/>\n\t<meta property=\"og:image:type\" content=\"image\/jpeg\" \/>\n<meta name=\"twitter:card\" content=\"summary_large_image\" \/>\n<meta name=\"twitter:label1\" content=\"Dur\u00e9e de lecture estim\u00e9e\" \/>\n\t<meta name=\"twitter:data1\" content=\"1 minute\" \/>\n<script type=\"application\/ld+json\" class=\"yoast-schema-graph\">{\"@context\":\"https:\/\/schema.org\",\"@graph\":[{\"@type\":\"WebPage\",\"@id\":\"https:\/\/www.planetoutdoor.eu\/boutique\/fungoo-light\/\",\"url\":\"https:\/\/www.planetoutdoor.eu\/boutique\/fungoo-light\/\",\"name\":\"FUNGOO LIGHT - Boutique Planet Outdoor\",\"isPartOf\":{\"@id\":\"https:\/\/www.planetoutdoor.eu\/boutique\/#website\"},\"primaryImageOfPage\":{\"@id\":\"https:\/\/www.planetoutdoor.eu\/boutique\/fungoo-light\/#primaryimage\"},\"image\":{\"@id\":\"https:\/\/www.planetoutdoor.eu\/boutique\/fungoo-light\/#primaryimage\"},\"thumbnailUrl\":\"https:\/\/www.planetoutdoor.eu\/boutique\/wp-content\/uploads\/2024\/02\/8330PK.jpg\",\"datePublished\":\"2024-02-27T19:08:54+00:00\",\"dateModified\":\"2026-03-02T08:00:49+00:00\",\"breadcrumb\":{\"@id\":\"https:\/\/www.planetoutdoor.eu\/boutique\/fungoo-light\/#breadcrumb\"},\"inLanguage\":\"fr-FR\",\"potentialAction\":[{\"@type\":\"ReadAction\",\"target\":[\"https:\/\/www.planetoutdoor.eu\/boutique\/fungoo-light\/\"]}]},{\"@type\":\"ImageObject\",\"inLanguage\":\"fr-FR\",\"@id\":\"https:\/\/www.planetoutdoor.eu\/boutique\/fungoo-light\/#primaryimage\",\"url\":\"https:\/\/www.planetoutdoor.eu\/boutique\/wp-content\/uploads\/2024\/02\/8330PK.jpg\",\"contentUrl\":\"https:\/\/www.planetoutdoor.eu\/boutique\/wp-content\/uploads\/2024\/02\/8330PK.jpg\",\"width\":1433,\"height\":1300},{\"@type\":\"BreadcrumbList\",\"@id\":\"https:\/\/www.planetoutdoor.eu\/boutique\/fungoo-light\/#breadcrumb\",\"itemListElement\":[{\"@type\":\"ListItem\",\"position\":1,\"name\":\"Accueil\",\"item\":\"https:\/\/www.planetoutdoor.eu\/boutique\/\"},{\"@type\":\"ListItem\",\"position\":2,\"name\":\"Boutique\",\"item\":\"https:\/\/www.planetoutdoor.eu\/boutique\/\"},{\"@type\":\"ListItem\",\"position\":3,\"name\":\"FUNGOO LIGHT\"}]},{\"@type\":\"WebSite\",\"@id\":\"https:\/\/www.planetoutdoor.eu\/boutique\/#website\",\"url\":\"https:\/\/www.planetoutdoor.eu\/boutique\/\",\"name\":\"Boutique Planet Outdoor\",\"description\":\"\",\"publisher\":{\"@id\":\"https:\/\/www.planetoutdoor.eu\/boutique\/#organization\"},\"potentialAction\":[{\"@type\":\"SearchAction\",\"target\":{\"@type\":\"EntryPoint\",\"urlTemplate\":\"https:\/\/www.planetoutdoor.eu\/boutique\/?s={search_term_string}\"},\"query-input\":\"required name=search_term_string\"}],\"inLanguage\":\"fr-FR\"},{\"@type\":\"Organization\",\"@id\":\"https:\/\/www.planetoutdoor.eu\/boutique\/#organization\",\"name\":\"Boutique Planet Outdoor\",\"url\":\"https:\/\/www.planetoutdoor.eu\/boutique\/\",\"logo\":{\"@type\":\"ImageObject\",\"inLanguage\":\"fr-FR\",\"@id\":\"https:\/\/www.planetoutdoor.eu\/boutique\/#\/schema\/logo\/image\/\",\"url\":\"https:\/\/www.planetoutdoor.eu\/boutique\/wp-content\/uploads\/2024\/01\/logo_planet_outdoor.png\",\"contentUrl\":\"https:\/\/www.planetoutdoor.eu\/boutique\/wp-content\/uploads\/2024\/01\/logo_planet_outdoor.png\",\"width\":265,\"height\":262,\"caption\":\"Boutique Planet Outdoor\"},\"image\":{\"@id\":\"https:\/\/www.planetoutdoor.eu\/boutique\/#\/schema\/logo\/image\/\"},\"sameAs\":[\"https:\/\/www.facebook.com\/PlanetOutdoorFrance\"]}]}<\/script>\n<!-- \/ Yoast SEO plugin. -->","yoast_head_json":{"title":"FUNGOO LIGHT - Boutique Planet Outdoor","robots":{"index":"index","follow":"follow","max-snippet":"max-snippet:-1","max-image-preview":"max-image-preview:large","max-video-preview":"max-video-preview:-1"},"canonical":"https:\/\/www.planetoutdoor.eu\/boutique\/fungoo-light\/","og_locale":"fr_FR","og_type":"article","og_title":"FUNGOO LIGHT - Boutique Planet Outdoor","og_description":"Livraison offerte   Kit d\u2019ancrages et s\u00e9curit\u00e9 inclus (pas de co\u00fbt suppl\u00e9mentaire)  Garantie 10 ans  Norme EN71 (s\u00e9curit\u00e9 et jouets)  Bois issu de for\u00eats g\u00e9r\u00e9es durablement  Fabriqu\u00e9 en Europe","og_url":"https:\/\/www.planetoutdoor.eu\/boutique\/fungoo-light\/","og_site_name":"Boutique Planet Outdoor","article_publisher":"https:\/\/www.facebook.com\/PlanetOutdoorFrance","article_modified_time":"2026-03-02T08:00:49+00:00","og_image":[{"width":1433,"height":1300,"url":"https:\/\/www.planetoutdoor.eu\/boutique\/wp-content\/uploads\/2024\/02\/8330PK.jpg","type":"image\/jpeg"}],"twitter_card":"summary_large_image","twitter_misc":{"Dur\u00e9e de lecture estim\u00e9e":"1 minute"},"schema":{"@context":"https:\/\/schema.org","@graph":[{"@type":"WebPage","@id":"https:\/\/www.planetoutdoor.eu\/boutique\/fungoo-light\/","url":"https:\/\/www.planetoutdoor.eu\/boutique\/fungoo-light\/","name":"FUNGOO LIGHT - Boutique Planet Outdoor","isPartOf":{"@id":"https:\/\/www.planetoutdoor.eu\/boutique\/#website"},"primaryImageOfPage":{"@id":"https:\/\/www.planetoutdoor.eu\/boutique\/fungoo-light\/#primaryimage"},"image":{"@id":"https:\/\/www.planetoutdoor.eu\/boutique\/fungoo-light\/#primaryimage"},"thumbnailUrl":"https:\/\/www.planetoutdoor.eu\/boutique\/wp-content\/uploads\/2024\/02\/8330PK.jpg","datePublished":"2024-02-27T19:08:54+00:00","dateModified":"2026-03-02T08:00:49+00:00","breadcrumb":{"@id":"https:\/\/www.planetoutdoor.eu\/boutique\/fungoo-light\/#breadcrumb"},"inLanguage":"fr-FR","potentialAction":[{"@type":"ReadAction","target":["https:\/\/www.planetoutdoor.eu\/boutique\/fungoo-light\/"]}]},{"@type":"ImageObject","inLanguage":"fr-FR","@id":"https:\/\/www.planetoutdoor.eu\/boutique\/fungoo-light\/#primaryimage","url":"https:\/\/www.planetoutdoor.eu\/boutique\/wp-content\/uploads\/2024\/02\/8330PK.jpg","contentUrl":"https:\/\/www.planetoutdoor.eu\/boutique\/wp-content\/uploads\/2024\/02\/8330PK.jpg","width":1433,"height":1300},{"@type":"BreadcrumbList","@id":"https:\/\/www.planetoutdoor.eu\/boutique\/fungoo-light\/#breadcrumb","itemListElement":[{"@type":"ListItem","position":1,"name":"Accueil","item":"https:\/\/www.planetoutdoor.eu\/boutique\/"},{"@type":"ListItem","position":2,"name":"Boutique","item":"https:\/\/www.planetoutdoor.eu\/boutique\/"},{"@type":"ListItem","position":3,"name":"FUNGOO LIGHT"}]},{"@type":"WebSite","@id":"https:\/\/www.planetoutdoor.eu\/boutique\/#website","url":"https:\/\/www.planetoutdoor.eu\/boutique\/","name":"Boutique Planet Outdoor","description":"","publisher":{"@id":"https:\/\/www.planetoutdoor.eu\/boutique\/#organization"},"potentialAction":[{"@type":"SearchAction","target":{"@type":"EntryPoint","urlTemplate":"https:\/\/www.planetoutdoor.eu\/boutique\/?s={search_term_string}"},"query-input":"required name=search_term_string"}],"inLanguage":"fr-FR"},{"@type":"Organization","@id":"https:\/\/www.planetoutdoor.eu\/boutique\/#organization","name":"Boutique Planet Outdoor","url":"https:\/\/www.planetoutdoor.eu\/boutique\/","logo":{"@type":"ImageObject","inLanguage":"fr-FR","@id":"https:\/\/www.planetoutdoor.eu\/boutique\/#\/schema\/logo\/image\/","url":"https:\/\/www.planetoutdoor.eu\/boutique\/wp-content\/uploads\/2024\/01\/logo_planet_outdoor.png","contentUrl":"https:\/\/www.planetoutdoor.eu\/boutique\/wp-content\/uploads\/2024\/01\/logo_planet_outdoor.png","width":265,"height":262,"caption":"Boutique Planet Outdoor"},"image":{"@id":"https:\/\/www.planetoutdoor.eu\/boutique\/#\/schema\/logo\/image\/"},"sameAs":["https:\/\/www.facebook.com\/PlanetOutdoorFrance"]}]}},"_links":{"self":[{"href":"https:\/\/www.planetoutdoor.eu\/boutique\/wp-json\/wp\/v2\/product\/3402"}],"collection":[{"href":"https:\/\/www.planetoutdoor.eu\/boutique\/wp-json\/wp\/v2\/product"}],"about":[{"href":"https:\/\/www.planetoutdoor.eu\/boutique\/wp-json\/wp\/v2\/types\/product"}],"replies":[{"embeddable":true,"href":"https:\/\/www.planetoutdoor.eu\/boutique\/wp-json\/wp\/v2\/comments?post=3402"}],"wp:featuredmedia":[{"embeddable":true,"href":"https:\/\/www.planetoutdoor.eu\/boutique\/wp-json\/wp\/v2\/media\/4848"}],"wp:attachment":[{"href":"https:\/\/www.planetoutdoor.eu\/boutique\/wp-json\/wp\/v2\/media?parent=3402"}],"wp:term":[{"taxonomy":"product_cat","embeddable":true,"href":"https:\/\/www.planetoutdoor.eu\/boutique\/wp-json\/wp\/v2\/product_cat?post=3402"},{"taxonomy":"product_tag","embeddable":true,"href":"https:\/\/www.planetoutdoor.eu\/boutique\/wp-json\/wp\/v2\/product_tag?post=3402"}],"curies":[{"name":"wp","href":"https:\/\/api.w.org\/{rel}","templated":true}]}}