{"id":4238,"date":"2025-01-18T10:45:57","date_gmt":"2025-01-18T09:45:57","guid":{"rendered":"https:\/\/www.planetoutdoor.eu\/boutique\/?post_type=product&#038;p=4238"},"modified":"2026-04-14T09:51:40","modified_gmt":"2026-04-14T07:51:40","slug":"brasero-curvo-medium-corten-84-quoco-copie","status":"publish","type":"product","link":"https:\/\/www.planetoutdoor.eu\/boutique\/brasero-curvo-medium-corten-84-quoco-copie\/","title":{"rendered":"Brasero Curvo Medium Corten \u00d884- Quoco + Housse + Petit couvercle"},"content":{"rendered":"<p>Livraison offerte<\/p>\n","protected":false},"excerpt":{"rendered":"<p>Le socle est fabriqu\u00e9 en acier Corten, la plaque de cuisson en acier carbone d&rsquo;une \u00e9paisseur de 10mm et de diam\u00eatre 84cm<br \/>\nIl est r\u00e9sistant \u00e0 la chaleur.<br \/>\nLa double \u00e9paisseur d&rsquo;acier apporte solidit\u00e9 et d\u00e9gagement de chaleur rapide.<br \/>\nGr\u00e2ce \u00e0 sa forme ronde, la plaque en acier carbone r\u00e9sistante \u00e0 la chaleur<br \/>\noffre une mise en chauffe rapide et une excellente circulation de la chaleur.<br \/>\nLa plaque de cuisson est en acier carbone d&rsquo;\u00e9paisseur 10mm et s&rsquo;incurve l\u00e9g\u00e8rement vers l&rsquo;int\u00e9rieur<br \/>\nLe CURVO 84 est livr\u00e9 avec une housse de protection et un petit couvercle permettant d&rsquo;\u00e9teindre de feu<br \/>\nlors de la mise en chauffe pour permettre aux graisses de s&rsquo;\u00e9vcuer dans le foyer.<\/p>\n[video width=\"1280\" height=\"720\" mp4=\"https:\/\/www.planetoutdoor.eu\/boutique\/wp-content\/uploads\/2024\/02\/Brasero-Plancha-Barbecue-3-en-1-Quoco-Montabile.mp4\"][\/video]\n<p>&nbsp;<\/p>\n[video width=\"640\" height=\"360\" mp4=\"https:\/\/www.planetoutdoor.eu\/boutique\/wp-content\/uploads\/2024\/02\/Brasero-Quoco-Ambiance.mp4\"][\/video]\n","protected":false},"featured_media":4237,"comment_status":"open","ping_status":"closed","template":"","meta":[],"product_cat":[132],"product_tag":[],"yoast_head":"<!-- This site is optimized with the Yoast SEO plugin v22.7 - https:\/\/yoast.com\/wordpress\/plugins\/seo\/ -->\n<title>Brasero Curvo Medium Corten \u00d884- Quoco + Housse + Petit couvercle - Boutique Planet Outdoor<\/title>\n<meta name=\"robots\" content=\"index, follow, max-snippet:-1, max-image-preview:large, max-video-preview:-1\" \/>\n<link rel=\"canonical\" href=\"https:\/\/www.planetoutdoor.eu\/boutique\/brasero-curvo-medium-corten-84-quoco-copie\/\" \/>\n<meta property=\"og:locale\" content=\"fr_FR\" \/>\n<meta property=\"og:type\" content=\"article\" \/>\n<meta property=\"og:title\" content=\"Brasero Curvo Medium Corten \u00d884- Quoco + Housse + Petit couvercle - Boutique Planet Outdoor\" \/>\n<meta property=\"og:description\" content=\"Le socle est fabriqu\u00e9 en acier Corten, la plaque de cuisson en acier carbone d&#039;une \u00e9paisseur de 10mm et de diam\u00eatre 84cm Il est r\u00e9sistant \u00e0 la chaleur. La double \u00e9paisseur d&#039;acier apporte solidit\u00e9 et d\u00e9gagement de chaleur rapide. Gr\u00e2ce \u00e0 sa forme ronde, la plaque en acier carbone r\u00e9sistante \u00e0 la chaleur offre une mise en chauffe rapide et une excellente circulation de la chaleur. La plaque de cuisson est en acier carbone d&#039;\u00e9paisseur 10mm et s&#039;incurve l\u00e9g\u00e8rement vers l&#039;int\u00e9rieur Le CURVO 84 est livr\u00e9 avec une housse de protection et un petit couvercle permettant d&#039;\u00e9teindre de feu lors de la mise en chauffe pour permettre aux graisses de s&#039;\u00e9vcuer dans le foyer.    &nbsp;\" \/>\n<meta property=\"og:url\" content=\"https:\/\/www.planetoutdoor.eu\/boutique\/brasero-curvo-medium-corten-84-quoco-copie\/\" \/>\n<meta property=\"og:site_name\" content=\"Boutique Planet Outdoor\" \/>\n<meta property=\"article:publisher\" content=\"https:\/\/www.facebook.com\/PlanetOutdoorFrance\" \/>\n<meta property=\"article:modified_time\" content=\"2026-04-14T07:51:40+00:00\" \/>\n<meta property=\"og:image\" content=\"https:\/\/www.planetoutdoor.eu\/boutique\/wp-content\/uploads\/2025\/01\/Quoco-Curvo-Corten-72-Right.jpg\" \/>\n\t<meta property=\"og:image:width\" content=\"2500\" \/>\n\t<meta property=\"og:image:height\" content=\"2500\" \/>\n\t<meta property=\"og:image:type\" content=\"image\/jpeg\" \/>\n<meta name=\"twitter:card\" content=\"summary_large_image\" \/>\n<meta name=\"twitter:label1\" content=\"Dur\u00e9e de lecture estim\u00e9e\" \/>\n\t<meta name=\"twitter:data1\" content=\"1 minute\" \/>\n<script type=\"application\/ld+json\" class=\"yoast-schema-graph\">{\"@context\":\"https:\/\/schema.org\",\"@graph\":[{\"@type\":\"WebPage\",\"@id\":\"https:\/\/www.planetoutdoor.eu\/boutique\/brasero-curvo-medium-corten-84-quoco-copie\/\",\"url\":\"https:\/\/www.planetoutdoor.eu\/boutique\/brasero-curvo-medium-corten-84-quoco-copie\/\",\"name\":\"Brasero Curvo Medium Corten \u00d884- Quoco + Housse + Petit couvercle - Boutique Planet Outdoor\",\"isPartOf\":{\"@id\":\"https:\/\/www.planetoutdoor.eu\/boutique\/#website\"},\"primaryImageOfPage\":{\"@id\":\"https:\/\/www.planetoutdoor.eu\/boutique\/brasero-curvo-medium-corten-84-quoco-copie\/#primaryimage\"},\"image\":{\"@id\":\"https:\/\/www.planetoutdoor.eu\/boutique\/brasero-curvo-medium-corten-84-quoco-copie\/#primaryimage\"},\"thumbnailUrl\":\"https:\/\/www.planetoutdoor.eu\/boutique\/wp-content\/uploads\/2025\/01\/Quoco-Curvo-Corten-72-Right.jpg\",\"datePublished\":\"2025-01-18T09:45:57+00:00\",\"dateModified\":\"2026-04-14T07:51:40+00:00\",\"breadcrumb\":{\"@id\":\"https:\/\/www.planetoutdoor.eu\/boutique\/brasero-curvo-medium-corten-84-quoco-copie\/#breadcrumb\"},\"inLanguage\":\"fr-FR\",\"potentialAction\":[{\"@type\":\"ReadAction\",\"target\":[\"https:\/\/www.planetoutdoor.eu\/boutique\/brasero-curvo-medium-corten-84-quoco-copie\/\"]}]},{\"@type\":\"ImageObject\",\"inLanguage\":\"fr-FR\",\"@id\":\"https:\/\/www.planetoutdoor.eu\/boutique\/brasero-curvo-medium-corten-84-quoco-copie\/#primaryimage\",\"url\":\"https:\/\/www.planetoutdoor.eu\/boutique\/wp-content\/uploads\/2025\/01\/Quoco-Curvo-Corten-72-Right.jpg\",\"contentUrl\":\"https:\/\/www.planetoutdoor.eu\/boutique\/wp-content\/uploads\/2025\/01\/Quoco-Curvo-Corten-72-Right.jpg\",\"width\":2500,\"height\":2500},{\"@type\":\"BreadcrumbList\",\"@id\":\"https:\/\/www.planetoutdoor.eu\/boutique\/brasero-curvo-medium-corten-84-quoco-copie\/#breadcrumb\",\"itemListElement\":[{\"@type\":\"ListItem\",\"position\":1,\"name\":\"Accueil\",\"item\":\"https:\/\/www.planetoutdoor.eu\/boutique\/\"},{\"@type\":\"ListItem\",\"position\":2,\"name\":\"Boutique\",\"item\":\"https:\/\/www.planetoutdoor.eu\/boutique\/\"},{\"@type\":\"ListItem\",\"position\":3,\"name\":\"Brasero Curvo Medium Corten \u00d884- Quoco + Housse + Petit couvercle\"}]},{\"@type\":\"WebSite\",\"@id\":\"https:\/\/www.planetoutdoor.eu\/boutique\/#website\",\"url\":\"https:\/\/www.planetoutdoor.eu\/boutique\/\",\"name\":\"Boutique Planet Outdoor\",\"description\":\"\",\"publisher\":{\"@id\":\"https:\/\/www.planetoutdoor.eu\/boutique\/#organization\"},\"potentialAction\":[{\"@type\":\"SearchAction\",\"target\":{\"@type\":\"EntryPoint\",\"urlTemplate\":\"https:\/\/www.planetoutdoor.eu\/boutique\/?s={search_term_string}\"},\"query-input\":\"required name=search_term_string\"}],\"inLanguage\":\"fr-FR\"},{\"@type\":\"Organization\",\"@id\":\"https:\/\/www.planetoutdoor.eu\/boutique\/#organization\",\"name\":\"Boutique Planet Outdoor\",\"url\":\"https:\/\/www.planetoutdoor.eu\/boutique\/\",\"logo\":{\"@type\":\"ImageObject\",\"inLanguage\":\"fr-FR\",\"@id\":\"https:\/\/www.planetoutdoor.eu\/boutique\/#\/schema\/logo\/image\/\",\"url\":\"https:\/\/www.planetoutdoor.eu\/boutique\/wp-content\/uploads\/2024\/01\/logo_planet_outdoor.png\",\"contentUrl\":\"https:\/\/www.planetoutdoor.eu\/boutique\/wp-content\/uploads\/2024\/01\/logo_planet_outdoor.png\",\"width\":265,\"height\":262,\"caption\":\"Boutique Planet Outdoor\"},\"image\":{\"@id\":\"https:\/\/www.planetoutdoor.eu\/boutique\/#\/schema\/logo\/image\/\"},\"sameAs\":[\"https:\/\/www.facebook.com\/PlanetOutdoorFrance\"]}]}<\/script>\n<!-- \/ Yoast SEO plugin. -->","yoast_head_json":{"title":"Brasero Curvo Medium Corten \u00d884- Quoco + Housse + Petit couvercle - Boutique Planet Outdoor","robots":{"index":"index","follow":"follow","max-snippet":"max-snippet:-1","max-image-preview":"max-image-preview:large","max-video-preview":"max-video-preview:-1"},"canonical":"https:\/\/www.planetoutdoor.eu\/boutique\/brasero-curvo-medium-corten-84-quoco-copie\/","og_locale":"fr_FR","og_type":"article","og_title":"Brasero Curvo Medium Corten \u00d884- Quoco + Housse + Petit couvercle - Boutique Planet Outdoor","og_description":"Le socle est fabriqu\u00e9 en acier Corten, la plaque de cuisson en acier carbone d'une \u00e9paisseur de 10mm et de diam\u00eatre 84cm Il est r\u00e9sistant \u00e0 la chaleur. La double \u00e9paisseur d'acier apporte solidit\u00e9 et d\u00e9gagement de chaleur rapide. Gr\u00e2ce \u00e0 sa forme ronde, la plaque en acier carbone r\u00e9sistante \u00e0 la chaleur offre une mise en chauffe rapide et une excellente circulation de la chaleur. La plaque de cuisson est en acier carbone d'\u00e9paisseur 10mm et s'incurve l\u00e9g\u00e8rement vers l'int\u00e9rieur Le CURVO 84 est livr\u00e9 avec une housse de protection et un petit couvercle permettant d'\u00e9teindre de feu lors de la mise en chauffe pour permettre aux graisses de s'\u00e9vcuer dans le foyer.    &nbsp;","og_url":"https:\/\/www.planetoutdoor.eu\/boutique\/brasero-curvo-medium-corten-84-quoco-copie\/","og_site_name":"Boutique Planet Outdoor","article_publisher":"https:\/\/www.facebook.com\/PlanetOutdoorFrance","article_modified_time":"2026-04-14T07:51:40+00:00","og_image":[{"width":2500,"height":2500,"url":"https:\/\/www.planetoutdoor.eu\/boutique\/wp-content\/uploads\/2025\/01\/Quoco-Curvo-Corten-72-Right.jpg","type":"image\/jpeg"}],"twitter_card":"summary_large_image","twitter_misc":{"Dur\u00e9e de lecture estim\u00e9e":"1 minute"},"schema":{"@context":"https:\/\/schema.org","@graph":[{"@type":"WebPage","@id":"https:\/\/www.planetoutdoor.eu\/boutique\/brasero-curvo-medium-corten-84-quoco-copie\/","url":"https:\/\/www.planetoutdoor.eu\/boutique\/brasero-curvo-medium-corten-84-quoco-copie\/","name":"Brasero Curvo Medium Corten \u00d884- Quoco + Housse + Petit couvercle - Boutique Planet Outdoor","isPartOf":{"@id":"https:\/\/www.planetoutdoor.eu\/boutique\/#website"},"primaryImageOfPage":{"@id":"https:\/\/www.planetoutdoor.eu\/boutique\/brasero-curvo-medium-corten-84-quoco-copie\/#primaryimage"},"image":{"@id":"https:\/\/www.planetoutdoor.eu\/boutique\/brasero-curvo-medium-corten-84-quoco-copie\/#primaryimage"},"thumbnailUrl":"https:\/\/www.planetoutdoor.eu\/boutique\/wp-content\/uploads\/2025\/01\/Quoco-Curvo-Corten-72-Right.jpg","datePublished":"2025-01-18T09:45:57+00:00","dateModified":"2026-04-14T07:51:40+00:00","breadcrumb":{"@id":"https:\/\/www.planetoutdoor.eu\/boutique\/brasero-curvo-medium-corten-84-quoco-copie\/#breadcrumb"},"inLanguage":"fr-FR","potentialAction":[{"@type":"ReadAction","target":["https:\/\/www.planetoutdoor.eu\/boutique\/brasero-curvo-medium-corten-84-quoco-copie\/"]}]},{"@type":"ImageObject","inLanguage":"fr-FR","@id":"https:\/\/www.planetoutdoor.eu\/boutique\/brasero-curvo-medium-corten-84-quoco-copie\/#primaryimage","url":"https:\/\/www.planetoutdoor.eu\/boutique\/wp-content\/uploads\/2025\/01\/Quoco-Curvo-Corten-72-Right.jpg","contentUrl":"https:\/\/www.planetoutdoor.eu\/boutique\/wp-content\/uploads\/2025\/01\/Quoco-Curvo-Corten-72-Right.jpg","width":2500,"height":2500},{"@type":"BreadcrumbList","@id":"https:\/\/www.planetoutdoor.eu\/boutique\/brasero-curvo-medium-corten-84-quoco-copie\/#breadcrumb","itemListElement":[{"@type":"ListItem","position":1,"name":"Accueil","item":"https:\/\/www.planetoutdoor.eu\/boutique\/"},{"@type":"ListItem","position":2,"name":"Boutique","item":"https:\/\/www.planetoutdoor.eu\/boutique\/"},{"@type":"ListItem","position":3,"name":"Brasero Curvo Medium Corten \u00d884- Quoco + Housse + Petit couvercle"}]},{"@type":"WebSite","@id":"https:\/\/www.planetoutdoor.eu\/boutique\/#website","url":"https:\/\/www.planetoutdoor.eu\/boutique\/","name":"Boutique Planet Outdoor","description":"","publisher":{"@id":"https:\/\/www.planetoutdoor.eu\/boutique\/#organization"},"potentialAction":[{"@type":"SearchAction","target":{"@type":"EntryPoint","urlTemplate":"https:\/\/www.planetoutdoor.eu\/boutique\/?s={search_term_string}"},"query-input":"required name=search_term_string"}],"inLanguage":"fr-FR"},{"@type":"Organization","@id":"https:\/\/www.planetoutdoor.eu\/boutique\/#organization","name":"Boutique Planet Outdoor","url":"https:\/\/www.planetoutdoor.eu\/boutique\/","logo":{"@type":"ImageObject","inLanguage":"fr-FR","@id":"https:\/\/www.planetoutdoor.eu\/boutique\/#\/schema\/logo\/image\/","url":"https:\/\/www.planetoutdoor.eu\/boutique\/wp-content\/uploads\/2024\/01\/logo_planet_outdoor.png","contentUrl":"https:\/\/www.planetoutdoor.eu\/boutique\/wp-content\/uploads\/2024\/01\/logo_planet_outdoor.png","width":265,"height":262,"caption":"Boutique Planet Outdoor"},"image":{"@id":"https:\/\/www.planetoutdoor.eu\/boutique\/#\/schema\/logo\/image\/"},"sameAs":["https:\/\/www.facebook.com\/PlanetOutdoorFrance"]}]}},"_links":{"self":[{"href":"https:\/\/www.planetoutdoor.eu\/boutique\/wp-json\/wp\/v2\/product\/4238"}],"collection":[{"href":"https:\/\/www.planetoutdoor.eu\/boutique\/wp-json\/wp\/v2\/product"}],"about":[{"href":"https:\/\/www.planetoutdoor.eu\/boutique\/wp-json\/wp\/v2\/types\/product"}],"replies":[{"embeddable":true,"href":"https:\/\/www.planetoutdoor.eu\/boutique\/wp-json\/wp\/v2\/comments?post=4238"}],"wp:featuredmedia":[{"embeddable":true,"href":"https:\/\/www.planetoutdoor.eu\/boutique\/wp-json\/wp\/v2\/media\/4237"}],"wp:attachment":[{"href":"https:\/\/www.planetoutdoor.eu\/boutique\/wp-json\/wp\/v2\/media?parent=4238"}],"wp:term":[{"taxonomy":"product_cat","embeddable":true,"href":"https:\/\/www.planetoutdoor.eu\/boutique\/wp-json\/wp\/v2\/product_cat?post=4238"},{"taxonomy":"product_tag","embeddable":true,"href":"https:\/\/www.planetoutdoor.eu\/boutique\/wp-json\/wp\/v2\/product_tag?post=4238"}],"curies":[{"name":"wp","href":"https:\/\/api.w.org\/{rel}","templated":true}]}}