{"id":4351,"date":"2025-02-18T13:53:02","date_gmt":"2025-02-18T12:53:02","guid":{"rendered":"https:\/\/www.planetoutdoor.eu\/boutique\/?post_type=product&#038;p=4351"},"modified":"2026-04-14T09:50:59","modified_gmt":"2026-04-14T07:50:59","slug":"brasero-piatto-tavolo-medium-corten-o84-grille-spatule-housse","status":"publish","type":"product","link":"https:\/\/www.planetoutdoor.eu\/boutique\/brasero-piatto-tavolo-medium-corten-o84-grille-spatule-housse\/","title":{"rendered":"Brasero Piatto Tavolo Medium Corten \u00d884 + Grille + Spatule + Housse"},"content":{"rendered":"<p>Livraison offerte<\/p>\n","protected":false},"excerpt":{"rendered":"<p>Le socle est fabriqu\u00e9 en acier Corten<br \/>\nIl est r\u00e9sistant \u00e0 la chaleur et est destin\u00e9 au stockage du bois.<br \/>\nLa double \u00e9paisseur d&rsquo;acier apporte solidit\u00e9 et d\u00e9gagement de chaleur rapide.<br \/>\nGr\u00e2ce \u00e0 sa forme ronde, la plaque en acier carbone r\u00e9sistante \u00e0 la chaleur<br \/>\noffre une mise en chauffe rapide et une excellente circulation de la chaleur.<br \/>\nLa plaque de cuisson est en acier carbone d&rsquo;\u00e9paisseur 10mm et s&rsquo;incurve l\u00e9g\u00e8rement vers l&rsquo;int\u00e9rieur<br \/>\nlors de la mise en chauffe pour permettre aux graisses de s&rsquo;\u00e9vacuer dans le foyer<br \/>\nVotre bras\u00e9ro est livr\u00e9 avec une spatule, une housse et une grille pour une utilisation imm\u00e9diate.<\/p>\n<p>https:\/\/www.planetoutdoor.eu\/boutique\/wp-content\/uploads\/2024\/02\/Brasero-Plancha-Barbecue-3-en-1-Quoco-Montabile.mp4<\/p>\n","protected":false},"featured_media":4354,"comment_status":"open","ping_status":"closed","template":"","meta":[],"product_cat":[91],"product_tag":[],"yoast_head":"<!-- This site is optimized with the Yoast SEO plugin v22.7 - https:\/\/yoast.com\/wordpress\/plugins\/seo\/ -->\n<title>Brasero Piatto Tavolo Medium Corten \u00d884 + Grille + Spatule + Housse - Boutique Planet Outdoor<\/title>\n<meta name=\"robots\" content=\"index, follow, max-snippet:-1, max-image-preview:large, max-video-preview:-1\" \/>\n<link rel=\"canonical\" href=\"https:\/\/www.planetoutdoor.eu\/boutique\/brasero-piatto-tavolo-medium-corten-o84-grille-spatule-housse\/\" \/>\n<meta property=\"og:locale\" content=\"fr_FR\" \/>\n<meta property=\"og:type\" content=\"article\" \/>\n<meta property=\"og:title\" content=\"Brasero Piatto Tavolo Medium Corten \u00d884 + Grille + Spatule + Housse - Boutique Planet Outdoor\" \/>\n<meta property=\"og:description\" content=\"Le socle est fabriqu\u00e9 en acier Corten Il est r\u00e9sistant \u00e0 la chaleur et est destin\u00e9 au stockage du bois. La double \u00e9paisseur d&#039;acier apporte solidit\u00e9 et d\u00e9gagement de chaleur rapide. Gr\u00e2ce \u00e0 sa forme ronde, la plaque en acier carbone r\u00e9sistante \u00e0 la chaleur offre une mise en chauffe rapide et une excellente circulation de la chaleur. La plaque de cuisson est en acier carbone d&#039;\u00e9paisseur 10mm et s&#039;incurve l\u00e9g\u00e8rement vers l&#039;int\u00e9rieur lors de la mise en chauffe pour permettre aux graisses de s&#039;\u00e9vacuer dans le foyer Votre bras\u00e9ro est livr\u00e9 avec une spatule, une housse et une grille pour une utilisation imm\u00e9diate.  https:\/\/www.planetoutdoor.eu\/boutique\/wp-content\/uploads\/2024\/02\/Brasero-Plancha-Barbecue-3-en-1-Quoco-Montabile.mp4\" \/>\n<meta property=\"og:url\" content=\"https:\/\/www.planetoutdoor.eu\/boutique\/brasero-piatto-tavolo-medium-corten-o84-grille-spatule-housse\/\" \/>\n<meta property=\"og:site_name\" content=\"Boutique Planet Outdoor\" \/>\n<meta property=\"article:publisher\" content=\"https:\/\/www.facebook.com\/PlanetOutdoorFrance\" \/>\n<meta property=\"article:modified_time\" content=\"2026-04-14T07:50:59+00:00\" \/>\n<meta property=\"og:image\" content=\"https:\/\/www.planetoutdoor.eu\/boutique\/wp-content\/uploads\/2025\/02\/Q10015V2-scaled.jpg\" \/>\n\t<meta property=\"og:image:width\" content=\"2560\" \/>\n\t<meta property=\"og:image:height\" content=\"1747\" \/>\n\t<meta property=\"og:image:type\" content=\"image\/jpeg\" \/>\n<meta name=\"twitter:card\" content=\"summary_large_image\" \/>\n<meta name=\"twitter:label1\" content=\"Dur\u00e9e de lecture estim\u00e9e\" \/>\n\t<meta name=\"twitter:data1\" content=\"1 minute\" \/>\n<script type=\"application\/ld+json\" class=\"yoast-schema-graph\">{\"@context\":\"https:\/\/schema.org\",\"@graph\":[{\"@type\":\"WebPage\",\"@id\":\"https:\/\/www.planetoutdoor.eu\/boutique\/brasero-piatto-tavolo-medium-corten-o84-grille-spatule-housse\/\",\"url\":\"https:\/\/www.planetoutdoor.eu\/boutique\/brasero-piatto-tavolo-medium-corten-o84-grille-spatule-housse\/\",\"name\":\"Brasero Piatto Tavolo Medium Corten \u00d884 + Grille + Spatule + Housse - Boutique Planet Outdoor\",\"isPartOf\":{\"@id\":\"https:\/\/www.planetoutdoor.eu\/boutique\/#website\"},\"primaryImageOfPage\":{\"@id\":\"https:\/\/www.planetoutdoor.eu\/boutique\/brasero-piatto-tavolo-medium-corten-o84-grille-spatule-housse\/#primaryimage\"},\"image\":{\"@id\":\"https:\/\/www.planetoutdoor.eu\/boutique\/brasero-piatto-tavolo-medium-corten-o84-grille-spatule-housse\/#primaryimage\"},\"thumbnailUrl\":\"https:\/\/www.planetoutdoor.eu\/boutique\/wp-content\/uploads\/2025\/02\/Q10015V2-scaled.jpg\",\"datePublished\":\"2025-02-18T12:53:02+00:00\",\"dateModified\":\"2026-04-14T07:50:59+00:00\",\"breadcrumb\":{\"@id\":\"https:\/\/www.planetoutdoor.eu\/boutique\/brasero-piatto-tavolo-medium-corten-o84-grille-spatule-housse\/#breadcrumb\"},\"inLanguage\":\"fr-FR\",\"potentialAction\":[{\"@type\":\"ReadAction\",\"target\":[\"https:\/\/www.planetoutdoor.eu\/boutique\/brasero-piatto-tavolo-medium-corten-o84-grille-spatule-housse\/\"]}]},{\"@type\":\"ImageObject\",\"inLanguage\":\"fr-FR\",\"@id\":\"https:\/\/www.planetoutdoor.eu\/boutique\/brasero-piatto-tavolo-medium-corten-o84-grille-spatule-housse\/#primaryimage\",\"url\":\"https:\/\/www.planetoutdoor.eu\/boutique\/wp-content\/uploads\/2025\/02\/Q10015V2-scaled.jpg\",\"contentUrl\":\"https:\/\/www.planetoutdoor.eu\/boutique\/wp-content\/uploads\/2025\/02\/Q10015V2-scaled.jpg\",\"width\":2560,\"height\":1747},{\"@type\":\"BreadcrumbList\",\"@id\":\"https:\/\/www.planetoutdoor.eu\/boutique\/brasero-piatto-tavolo-medium-corten-o84-grille-spatule-housse\/#breadcrumb\",\"itemListElement\":[{\"@type\":\"ListItem\",\"position\":1,\"name\":\"Accueil\",\"item\":\"https:\/\/www.planetoutdoor.eu\/boutique\/\"},{\"@type\":\"ListItem\",\"position\":2,\"name\":\"Boutique\",\"item\":\"https:\/\/www.planetoutdoor.eu\/boutique\/\"},{\"@type\":\"ListItem\",\"position\":3,\"name\":\"Brasero Piatto Tavolo Medium Corten \u00d884 + Grille + Spatule + Housse\"}]},{\"@type\":\"WebSite\",\"@id\":\"https:\/\/www.planetoutdoor.eu\/boutique\/#website\",\"url\":\"https:\/\/www.planetoutdoor.eu\/boutique\/\",\"name\":\"Boutique Planet Outdoor\",\"description\":\"\",\"publisher\":{\"@id\":\"https:\/\/www.planetoutdoor.eu\/boutique\/#organization\"},\"potentialAction\":[{\"@type\":\"SearchAction\",\"target\":{\"@type\":\"EntryPoint\",\"urlTemplate\":\"https:\/\/www.planetoutdoor.eu\/boutique\/?s={search_term_string}\"},\"query-input\":\"required name=search_term_string\"}],\"inLanguage\":\"fr-FR\"},{\"@type\":\"Organization\",\"@id\":\"https:\/\/www.planetoutdoor.eu\/boutique\/#organization\",\"name\":\"Boutique Planet Outdoor\",\"url\":\"https:\/\/www.planetoutdoor.eu\/boutique\/\",\"logo\":{\"@type\":\"ImageObject\",\"inLanguage\":\"fr-FR\",\"@id\":\"https:\/\/www.planetoutdoor.eu\/boutique\/#\/schema\/logo\/image\/\",\"url\":\"https:\/\/www.planetoutdoor.eu\/boutique\/wp-content\/uploads\/2024\/01\/logo_planet_outdoor.png\",\"contentUrl\":\"https:\/\/www.planetoutdoor.eu\/boutique\/wp-content\/uploads\/2024\/01\/logo_planet_outdoor.png\",\"width\":265,\"height\":262,\"caption\":\"Boutique Planet Outdoor\"},\"image\":{\"@id\":\"https:\/\/www.planetoutdoor.eu\/boutique\/#\/schema\/logo\/image\/\"},\"sameAs\":[\"https:\/\/www.facebook.com\/PlanetOutdoorFrance\"]}]}<\/script>\n<!-- \/ Yoast SEO plugin. -->","yoast_head_json":{"title":"Brasero Piatto Tavolo Medium Corten \u00d884 + Grille + Spatule + Housse - Boutique Planet Outdoor","robots":{"index":"index","follow":"follow","max-snippet":"max-snippet:-1","max-image-preview":"max-image-preview:large","max-video-preview":"max-video-preview:-1"},"canonical":"https:\/\/www.planetoutdoor.eu\/boutique\/brasero-piatto-tavolo-medium-corten-o84-grille-spatule-housse\/","og_locale":"fr_FR","og_type":"article","og_title":"Brasero Piatto Tavolo Medium Corten \u00d884 + Grille + Spatule + Housse - Boutique Planet Outdoor","og_description":"Le socle est fabriqu\u00e9 en acier Corten Il est r\u00e9sistant \u00e0 la chaleur et est destin\u00e9 au stockage du bois. La double \u00e9paisseur d'acier apporte solidit\u00e9 et d\u00e9gagement de chaleur rapide. Gr\u00e2ce \u00e0 sa forme ronde, la plaque en acier carbone r\u00e9sistante \u00e0 la chaleur offre une mise en chauffe rapide et une excellente circulation de la chaleur. La plaque de cuisson est en acier carbone d'\u00e9paisseur 10mm et s'incurve l\u00e9g\u00e8rement vers l'int\u00e9rieur lors de la mise en chauffe pour permettre aux graisses de s'\u00e9vacuer dans le foyer Votre bras\u00e9ro est livr\u00e9 avec une spatule, une housse et une grille pour une utilisation imm\u00e9diate.  https:\/\/www.planetoutdoor.eu\/boutique\/wp-content\/uploads\/2024\/02\/Brasero-Plancha-Barbecue-3-en-1-Quoco-Montabile.mp4","og_url":"https:\/\/www.planetoutdoor.eu\/boutique\/brasero-piatto-tavolo-medium-corten-o84-grille-spatule-housse\/","og_site_name":"Boutique Planet Outdoor","article_publisher":"https:\/\/www.facebook.com\/PlanetOutdoorFrance","article_modified_time":"2026-04-14T07:50:59+00:00","og_image":[{"width":2560,"height":1747,"url":"https:\/\/www.planetoutdoor.eu\/boutique\/wp-content\/uploads\/2025\/02\/Q10015V2-scaled.jpg","type":"image\/jpeg"}],"twitter_card":"summary_large_image","twitter_misc":{"Dur\u00e9e de lecture estim\u00e9e":"1 minute"},"schema":{"@context":"https:\/\/schema.org","@graph":[{"@type":"WebPage","@id":"https:\/\/www.planetoutdoor.eu\/boutique\/brasero-piatto-tavolo-medium-corten-o84-grille-spatule-housse\/","url":"https:\/\/www.planetoutdoor.eu\/boutique\/brasero-piatto-tavolo-medium-corten-o84-grille-spatule-housse\/","name":"Brasero Piatto Tavolo Medium Corten \u00d884 + Grille + Spatule + Housse - Boutique Planet Outdoor","isPartOf":{"@id":"https:\/\/www.planetoutdoor.eu\/boutique\/#website"},"primaryImageOfPage":{"@id":"https:\/\/www.planetoutdoor.eu\/boutique\/brasero-piatto-tavolo-medium-corten-o84-grille-spatule-housse\/#primaryimage"},"image":{"@id":"https:\/\/www.planetoutdoor.eu\/boutique\/brasero-piatto-tavolo-medium-corten-o84-grille-spatule-housse\/#primaryimage"},"thumbnailUrl":"https:\/\/www.planetoutdoor.eu\/boutique\/wp-content\/uploads\/2025\/02\/Q10015V2-scaled.jpg","datePublished":"2025-02-18T12:53:02+00:00","dateModified":"2026-04-14T07:50:59+00:00","breadcrumb":{"@id":"https:\/\/www.planetoutdoor.eu\/boutique\/brasero-piatto-tavolo-medium-corten-o84-grille-spatule-housse\/#breadcrumb"},"inLanguage":"fr-FR","potentialAction":[{"@type":"ReadAction","target":["https:\/\/www.planetoutdoor.eu\/boutique\/brasero-piatto-tavolo-medium-corten-o84-grille-spatule-housse\/"]}]},{"@type":"ImageObject","inLanguage":"fr-FR","@id":"https:\/\/www.planetoutdoor.eu\/boutique\/brasero-piatto-tavolo-medium-corten-o84-grille-spatule-housse\/#primaryimage","url":"https:\/\/www.planetoutdoor.eu\/boutique\/wp-content\/uploads\/2025\/02\/Q10015V2-scaled.jpg","contentUrl":"https:\/\/www.planetoutdoor.eu\/boutique\/wp-content\/uploads\/2025\/02\/Q10015V2-scaled.jpg","width":2560,"height":1747},{"@type":"BreadcrumbList","@id":"https:\/\/www.planetoutdoor.eu\/boutique\/brasero-piatto-tavolo-medium-corten-o84-grille-spatule-housse\/#breadcrumb","itemListElement":[{"@type":"ListItem","position":1,"name":"Accueil","item":"https:\/\/www.planetoutdoor.eu\/boutique\/"},{"@type":"ListItem","position":2,"name":"Boutique","item":"https:\/\/www.planetoutdoor.eu\/boutique\/"},{"@type":"ListItem","position":3,"name":"Brasero Piatto Tavolo Medium Corten \u00d884 + Grille + Spatule + Housse"}]},{"@type":"WebSite","@id":"https:\/\/www.planetoutdoor.eu\/boutique\/#website","url":"https:\/\/www.planetoutdoor.eu\/boutique\/","name":"Boutique Planet Outdoor","description":"","publisher":{"@id":"https:\/\/www.planetoutdoor.eu\/boutique\/#organization"},"potentialAction":[{"@type":"SearchAction","target":{"@type":"EntryPoint","urlTemplate":"https:\/\/www.planetoutdoor.eu\/boutique\/?s={search_term_string}"},"query-input":"required name=search_term_string"}],"inLanguage":"fr-FR"},{"@type":"Organization","@id":"https:\/\/www.planetoutdoor.eu\/boutique\/#organization","name":"Boutique Planet Outdoor","url":"https:\/\/www.planetoutdoor.eu\/boutique\/","logo":{"@type":"ImageObject","inLanguage":"fr-FR","@id":"https:\/\/www.planetoutdoor.eu\/boutique\/#\/schema\/logo\/image\/","url":"https:\/\/www.planetoutdoor.eu\/boutique\/wp-content\/uploads\/2024\/01\/logo_planet_outdoor.png","contentUrl":"https:\/\/www.planetoutdoor.eu\/boutique\/wp-content\/uploads\/2024\/01\/logo_planet_outdoor.png","width":265,"height":262,"caption":"Boutique Planet Outdoor"},"image":{"@id":"https:\/\/www.planetoutdoor.eu\/boutique\/#\/schema\/logo\/image\/"},"sameAs":["https:\/\/www.facebook.com\/PlanetOutdoorFrance"]}]}},"_links":{"self":[{"href":"https:\/\/www.planetoutdoor.eu\/boutique\/wp-json\/wp\/v2\/product\/4351"}],"collection":[{"href":"https:\/\/www.planetoutdoor.eu\/boutique\/wp-json\/wp\/v2\/product"}],"about":[{"href":"https:\/\/www.planetoutdoor.eu\/boutique\/wp-json\/wp\/v2\/types\/product"}],"replies":[{"embeddable":true,"href":"https:\/\/www.planetoutdoor.eu\/boutique\/wp-json\/wp\/v2\/comments?post=4351"}],"wp:featuredmedia":[{"embeddable":true,"href":"https:\/\/www.planetoutdoor.eu\/boutique\/wp-json\/wp\/v2\/media\/4354"}],"wp:attachment":[{"href":"https:\/\/www.planetoutdoor.eu\/boutique\/wp-json\/wp\/v2\/media?parent=4351"}],"wp:term":[{"taxonomy":"product_cat","embeddable":true,"href":"https:\/\/www.planetoutdoor.eu\/boutique\/wp-json\/wp\/v2\/product_cat?post=4351"},{"taxonomy":"product_tag","embeddable":true,"href":"https:\/\/www.planetoutdoor.eu\/boutique\/wp-json\/wp\/v2\/product_tag?post=4351"}],"curies":[{"name":"wp","href":"https:\/\/api.w.org\/{rel}","templated":true}]}}