{"id":4491,"date":"2025-03-11T14:48:53","date_gmt":"2025-03-11T13:48:53","guid":{"rendered":"https:\/\/www.planetoutdoor.eu\/boutique\/?post_type=product&#038;p=4491"},"modified":"2026-03-09T10:22:09","modified_gmt":"2026-03-09T09:22:09","slug":"fungoo-optmizer","status":"publish","type":"product","link":"https:\/\/www.planetoutdoor.eu\/boutique\/fungoo-optmizer\/","title":{"rendered":"FUNGOO OPTIMIZER"},"content":{"rendered":"<p><strong>Transformez votre jardin<\/strong> en un v\u00e9ritable parc d&rsquo;aventure avec cette aire de jeux XXL !<\/p>\n<p>\u00c9quip\u00e9e d\u2019un <strong>toboggan vert de 2,2 m<\/strong>, de <strong>deux balan\u00e7oires<\/strong> avec cordes r\u00e9glables, d\u2019une<strong> roue motrice rouge<\/strong>, et de nombreux modules pour l\u2019imagination, cette aire de jeux offre des heures de plaisir pour vos enfants. Profitez aussi d\u2019un <strong>t\u00e9l\u00e9phone jouet<\/strong>, d\u2019une<strong> cloche<\/strong>, d\u2019un <strong>module de cuisine<\/strong> avec \u00e9vier et d\u2019une jardini\u00e8re pour compl\u00e9ter l&rsquo;exp\u00e9rience de jeu.<\/p>\n<p>Le <strong>mur d&rsquo;escalade avec 6 rochers<\/strong> et la <strong>passerelle d&rsquo;escalade<\/strong> ajouteront des d\u00e9fis passionnants \u00e0 l&rsquo;aventure. Construite en<strong> bois de pin sylvestre autoclave classe 3<\/strong>, la structure est robuste, durable et respecte l&rsquo;environnement. Vous pourrez facilement l&rsquo;installer en <strong>16 heures \u00e0 2 personnes<\/strong> gr\u00e2ce au kit d&rsquo;outils d&rsquo;assemblage inclus, tout en suivant le manuel de bricolage illustr\u00e9 \u00e9tape par \u00e9tape.<\/p>\n<p>Les ancrages de s\u00e9curit\u00e9 garantissent une stabilit\u00e9 optimale, et la <strong>hauteur de plateforme de 1,25 m est id\u00e9ale pour des jeux en toute s\u00e9curit\u00e9.<\/strong><\/p>\n<p>Avec une <strong>surface de 35,37 m\u00b2<\/strong> et la possibilit\u00e9 d\u2019accueillir jusqu\u2019\u00e0<strong> 15 utilisateurs<\/strong>, cette aire de jeux offre un espace g\u00e9n\u00e9reux pour les petits aventuriers.<br \/>\nDimensions : 6,12m (L) x 5,78m (l) x 2,57m (h).<\/p>\n<p><strong>Garantie 10 ans<\/strong> pour une tranquillit\u00e9 d&rsquo;esprit assur\u00e9e.<\/p>\n<p><a href=\"https:\/\/www.dropbox.com\/scl\/fi\/8q90wq3gxr8xfbivhmqn3\/8510_Maxi_Funny_Optimizer.pdf?rlkey=iig1tubfskgsn7x5h9t1631es&amp;dl=0\">Notice de montage<\/a><\/p>\n","protected":false},"excerpt":{"rendered":"<p>Livraison offerte<\/p>\n<ul>\n<li>Kit d\u2019ancrages et s\u00e9curit\u00e9 inclus (pas de co\u00fbt suppl\u00e9mentaire)<\/li>\n<li>Garantie 10 ans<\/li>\n<li>Norme EN71 (s\u00e9curit\u00e9 et jouets)<\/li>\n<li>Bois issu de for\u00eats g\u00e9r\u00e9es durablement<\/li>\n<li>Fabriqu\u00e9 en Europe<\/li>\n<\/ul>\n","protected":false},"featured_media":4497,"comment_status":"open","ping_status":"closed","template":"","meta":[],"product_cat":[21],"product_tag":[],"yoast_head":"<!-- This site is optimized with the Yoast SEO plugin v22.7 - https:\/\/yoast.com\/wordpress\/plugins\/seo\/ -->\n<title>FUNGOO OPTIMIZER - Boutique Planet Outdoor<\/title>\n<meta name=\"robots\" content=\"index, follow, max-snippet:-1, max-image-preview:large, max-video-preview:-1\" \/>\n<link rel=\"canonical\" href=\"https:\/\/www.planetoutdoor.eu\/boutique\/fungoo-optmizer\/\" \/>\n<meta property=\"og:locale\" content=\"fr_FR\" \/>\n<meta property=\"og:type\" content=\"article\" \/>\n<meta property=\"og:title\" content=\"FUNGOO OPTIMIZER - Boutique Planet Outdoor\" \/>\n<meta property=\"og:description\" content=\"Livraison offerte   Kit d\u2019ancrages et s\u00e9curit\u00e9 inclus (pas de co\u00fbt suppl\u00e9mentaire)  Garantie 10 ans  Norme EN71 (s\u00e9curit\u00e9 et jouets)  Bois issu de for\u00eats g\u00e9r\u00e9es durablement  Fabriqu\u00e9 en Europe\" \/>\n<meta property=\"og:url\" content=\"https:\/\/www.planetoutdoor.eu\/boutique\/fungoo-optmizer\/\" \/>\n<meta property=\"og:site_name\" content=\"Boutique Planet Outdoor\" \/>\n<meta property=\"article:publisher\" content=\"https:\/\/www.facebook.com\/PlanetOutdoorFrance\" \/>\n<meta property=\"article:modified_time\" content=\"2026-03-09T09:22:09+00:00\" \/>\n<meta property=\"og:image\" content=\"https:\/\/www.planetoutdoor.eu\/boutique\/wp-content\/uploads\/2025\/03\/8510PK.jpg\" \/>\n\t<meta property=\"og:image:width\" content=\"1920\" \/>\n\t<meta property=\"og:image:height\" content=\"1327\" \/>\n\t<meta property=\"og:image:type\" content=\"image\/jpeg\" \/>\n<meta name=\"twitter:card\" content=\"summary_large_image\" \/>\n<meta name=\"twitter:label1\" content=\"Dur\u00e9e de lecture estim\u00e9e\" \/>\n\t<meta name=\"twitter:data1\" content=\"2 minutes\" \/>\n<script type=\"application\/ld+json\" class=\"yoast-schema-graph\">{\"@context\":\"https:\/\/schema.org\",\"@graph\":[{\"@type\":\"WebPage\",\"@id\":\"https:\/\/www.planetoutdoor.eu\/boutique\/fungoo-optmizer\/\",\"url\":\"https:\/\/www.planetoutdoor.eu\/boutique\/fungoo-optmizer\/\",\"name\":\"FUNGOO OPTIMIZER - Boutique Planet Outdoor\",\"isPartOf\":{\"@id\":\"https:\/\/www.planetoutdoor.eu\/boutique\/#website\"},\"primaryImageOfPage\":{\"@id\":\"https:\/\/www.planetoutdoor.eu\/boutique\/fungoo-optmizer\/#primaryimage\"},\"image\":{\"@id\":\"https:\/\/www.planetoutdoor.eu\/boutique\/fungoo-optmizer\/#primaryimage\"},\"thumbnailUrl\":\"https:\/\/www.planetoutdoor.eu\/boutique\/wp-content\/uploads\/2025\/03\/8510PK.jpg\",\"datePublished\":\"2025-03-11T13:48:53+00:00\",\"dateModified\":\"2026-03-09T09:22:09+00:00\",\"breadcrumb\":{\"@id\":\"https:\/\/www.planetoutdoor.eu\/boutique\/fungoo-optmizer\/#breadcrumb\"},\"inLanguage\":\"fr-FR\",\"potentialAction\":[{\"@type\":\"ReadAction\",\"target\":[\"https:\/\/www.planetoutdoor.eu\/boutique\/fungoo-optmizer\/\"]}]},{\"@type\":\"ImageObject\",\"inLanguage\":\"fr-FR\",\"@id\":\"https:\/\/www.planetoutdoor.eu\/boutique\/fungoo-optmizer\/#primaryimage\",\"url\":\"https:\/\/www.planetoutdoor.eu\/boutique\/wp-content\/uploads\/2025\/03\/8510PK.jpg\",\"contentUrl\":\"https:\/\/www.planetoutdoor.eu\/boutique\/wp-content\/uploads\/2025\/03\/8510PK.jpg\",\"width\":1920,\"height\":1327},{\"@type\":\"BreadcrumbList\",\"@id\":\"https:\/\/www.planetoutdoor.eu\/boutique\/fungoo-optmizer\/#breadcrumb\",\"itemListElement\":[{\"@type\":\"ListItem\",\"position\":1,\"name\":\"Accueil\",\"item\":\"https:\/\/www.planetoutdoor.eu\/boutique\/\"},{\"@type\":\"ListItem\",\"position\":2,\"name\":\"Boutique\",\"item\":\"https:\/\/www.planetoutdoor.eu\/boutique\/\"},{\"@type\":\"ListItem\",\"position\":3,\"name\":\"FUNGOO OPTIMIZER\"}]},{\"@type\":\"WebSite\",\"@id\":\"https:\/\/www.planetoutdoor.eu\/boutique\/#website\",\"url\":\"https:\/\/www.planetoutdoor.eu\/boutique\/\",\"name\":\"Boutique Planet Outdoor\",\"description\":\"\",\"publisher\":{\"@id\":\"https:\/\/www.planetoutdoor.eu\/boutique\/#organization\"},\"potentialAction\":[{\"@type\":\"SearchAction\",\"target\":{\"@type\":\"EntryPoint\",\"urlTemplate\":\"https:\/\/www.planetoutdoor.eu\/boutique\/?s={search_term_string}\"},\"query-input\":\"required name=search_term_string\"}],\"inLanguage\":\"fr-FR\"},{\"@type\":\"Organization\",\"@id\":\"https:\/\/www.planetoutdoor.eu\/boutique\/#organization\",\"name\":\"Boutique Planet Outdoor\",\"url\":\"https:\/\/www.planetoutdoor.eu\/boutique\/\",\"logo\":{\"@type\":\"ImageObject\",\"inLanguage\":\"fr-FR\",\"@id\":\"https:\/\/www.planetoutdoor.eu\/boutique\/#\/schema\/logo\/image\/\",\"url\":\"https:\/\/www.planetoutdoor.eu\/boutique\/wp-content\/uploads\/2024\/01\/logo_planet_outdoor.png\",\"contentUrl\":\"https:\/\/www.planetoutdoor.eu\/boutique\/wp-content\/uploads\/2024\/01\/logo_planet_outdoor.png\",\"width\":265,\"height\":262,\"caption\":\"Boutique Planet Outdoor\"},\"image\":{\"@id\":\"https:\/\/www.planetoutdoor.eu\/boutique\/#\/schema\/logo\/image\/\"},\"sameAs\":[\"https:\/\/www.facebook.com\/PlanetOutdoorFrance\"]}]}<\/script>\n<!-- \/ Yoast SEO plugin. -->","yoast_head_json":{"title":"FUNGOO OPTIMIZER - Boutique Planet Outdoor","robots":{"index":"index","follow":"follow","max-snippet":"max-snippet:-1","max-image-preview":"max-image-preview:large","max-video-preview":"max-video-preview:-1"},"canonical":"https:\/\/www.planetoutdoor.eu\/boutique\/fungoo-optmizer\/","og_locale":"fr_FR","og_type":"article","og_title":"FUNGOO OPTIMIZER - Boutique Planet Outdoor","og_description":"Livraison offerte   Kit d\u2019ancrages et s\u00e9curit\u00e9 inclus (pas de co\u00fbt suppl\u00e9mentaire)  Garantie 10 ans  Norme EN71 (s\u00e9curit\u00e9 et jouets)  Bois issu de for\u00eats g\u00e9r\u00e9es durablement  Fabriqu\u00e9 en Europe","og_url":"https:\/\/www.planetoutdoor.eu\/boutique\/fungoo-optmizer\/","og_site_name":"Boutique Planet Outdoor","article_publisher":"https:\/\/www.facebook.com\/PlanetOutdoorFrance","article_modified_time":"2026-03-09T09:22:09+00:00","og_image":[{"width":1920,"height":1327,"url":"https:\/\/www.planetoutdoor.eu\/boutique\/wp-content\/uploads\/2025\/03\/8510PK.jpg","type":"image\/jpeg"}],"twitter_card":"summary_large_image","twitter_misc":{"Dur\u00e9e de lecture estim\u00e9e":"2 minutes"},"schema":{"@context":"https:\/\/schema.org","@graph":[{"@type":"WebPage","@id":"https:\/\/www.planetoutdoor.eu\/boutique\/fungoo-optmizer\/","url":"https:\/\/www.planetoutdoor.eu\/boutique\/fungoo-optmizer\/","name":"FUNGOO OPTIMIZER - Boutique Planet Outdoor","isPartOf":{"@id":"https:\/\/www.planetoutdoor.eu\/boutique\/#website"},"primaryImageOfPage":{"@id":"https:\/\/www.planetoutdoor.eu\/boutique\/fungoo-optmizer\/#primaryimage"},"image":{"@id":"https:\/\/www.planetoutdoor.eu\/boutique\/fungoo-optmizer\/#primaryimage"},"thumbnailUrl":"https:\/\/www.planetoutdoor.eu\/boutique\/wp-content\/uploads\/2025\/03\/8510PK.jpg","datePublished":"2025-03-11T13:48:53+00:00","dateModified":"2026-03-09T09:22:09+00:00","breadcrumb":{"@id":"https:\/\/www.planetoutdoor.eu\/boutique\/fungoo-optmizer\/#breadcrumb"},"inLanguage":"fr-FR","potentialAction":[{"@type":"ReadAction","target":["https:\/\/www.planetoutdoor.eu\/boutique\/fungoo-optmizer\/"]}]},{"@type":"ImageObject","inLanguage":"fr-FR","@id":"https:\/\/www.planetoutdoor.eu\/boutique\/fungoo-optmizer\/#primaryimage","url":"https:\/\/www.planetoutdoor.eu\/boutique\/wp-content\/uploads\/2025\/03\/8510PK.jpg","contentUrl":"https:\/\/www.planetoutdoor.eu\/boutique\/wp-content\/uploads\/2025\/03\/8510PK.jpg","width":1920,"height":1327},{"@type":"BreadcrumbList","@id":"https:\/\/www.planetoutdoor.eu\/boutique\/fungoo-optmizer\/#breadcrumb","itemListElement":[{"@type":"ListItem","position":1,"name":"Accueil","item":"https:\/\/www.planetoutdoor.eu\/boutique\/"},{"@type":"ListItem","position":2,"name":"Boutique","item":"https:\/\/www.planetoutdoor.eu\/boutique\/"},{"@type":"ListItem","position":3,"name":"FUNGOO OPTIMIZER"}]},{"@type":"WebSite","@id":"https:\/\/www.planetoutdoor.eu\/boutique\/#website","url":"https:\/\/www.planetoutdoor.eu\/boutique\/","name":"Boutique Planet Outdoor","description":"","publisher":{"@id":"https:\/\/www.planetoutdoor.eu\/boutique\/#organization"},"potentialAction":[{"@type":"SearchAction","target":{"@type":"EntryPoint","urlTemplate":"https:\/\/www.planetoutdoor.eu\/boutique\/?s={search_term_string}"},"query-input":"required name=search_term_string"}],"inLanguage":"fr-FR"},{"@type":"Organization","@id":"https:\/\/www.planetoutdoor.eu\/boutique\/#organization","name":"Boutique Planet Outdoor","url":"https:\/\/www.planetoutdoor.eu\/boutique\/","logo":{"@type":"ImageObject","inLanguage":"fr-FR","@id":"https:\/\/www.planetoutdoor.eu\/boutique\/#\/schema\/logo\/image\/","url":"https:\/\/www.planetoutdoor.eu\/boutique\/wp-content\/uploads\/2024\/01\/logo_planet_outdoor.png","contentUrl":"https:\/\/www.planetoutdoor.eu\/boutique\/wp-content\/uploads\/2024\/01\/logo_planet_outdoor.png","width":265,"height":262,"caption":"Boutique Planet Outdoor"},"image":{"@id":"https:\/\/www.planetoutdoor.eu\/boutique\/#\/schema\/logo\/image\/"},"sameAs":["https:\/\/www.facebook.com\/PlanetOutdoorFrance"]}]}},"_links":{"self":[{"href":"https:\/\/www.planetoutdoor.eu\/boutique\/wp-json\/wp\/v2\/product\/4491"}],"collection":[{"href":"https:\/\/www.planetoutdoor.eu\/boutique\/wp-json\/wp\/v2\/product"}],"about":[{"href":"https:\/\/www.planetoutdoor.eu\/boutique\/wp-json\/wp\/v2\/types\/product"}],"replies":[{"embeddable":true,"href":"https:\/\/www.planetoutdoor.eu\/boutique\/wp-json\/wp\/v2\/comments?post=4491"}],"wp:featuredmedia":[{"embeddable":true,"href":"https:\/\/www.planetoutdoor.eu\/boutique\/wp-json\/wp\/v2\/media\/4497"}],"wp:attachment":[{"href":"https:\/\/www.planetoutdoor.eu\/boutique\/wp-json\/wp\/v2\/media?parent=4491"}],"wp:term":[{"taxonomy":"product_cat","embeddable":true,"href":"https:\/\/www.planetoutdoor.eu\/boutique\/wp-json\/wp\/v2\/product_cat?post=4491"},{"taxonomy":"product_tag","embeddable":true,"href":"https:\/\/www.planetoutdoor.eu\/boutique\/wp-json\/wp\/v2\/product_tag?post=4491"}],"curies":[{"name":"wp","href":"https:\/\/api.w.org\/{rel}","templated":true}]}}