{"id":9438,"date":"2026-02-24T16:45:30","date_gmt":"2026-02-24T15:45:30","guid":{"rendered":"https:\/\/www.planetoutdoor.eu\/boutique\/?post_type=product&#038;p=9438"},"modified":"2026-03-17T12:30:11","modified_gmt":"2026-03-17T11:30:11","slug":"four-pizza-gaz-albor-1-gris-pelle-a-pizzas","status":"publish","type":"product","link":"https:\/\/www.planetoutdoor.eu\/boutique\/four-pizza-gaz-albor-1-gris-pelle-a-pizzas\/","title":{"rendered":"Four pizzas \u00e0 gaz ALBOR 1 Gris + Pelle \u00e0 pizzas"},"content":{"rendered":"<p>Livraison offerte<\/p>\n","protected":false},"excerpt":{"rendered":"<p>Four \u00e0 pizza \u00e0 gaz haute performance. Sa structure int\u00e9rieure en acier inoxydable associ\u00e9e \u00e0 une isolation thermique performante en laine de roche permet une mont\u00e9e rapide en temp\u00e9rature et une cuisson homog\u00e8ne. Capacit\u00e9 1 pizza.<\/p>\n<p>Chambre de cuisson en inox et en pierre r\u00e9fractaire et silicate de calcium offrant une surface utile de 60 \u00d7 40 cm. Elle assure une excellente accumulation et restitution de la chaleur, garantissant une cuisson rapide, r\u00e9guli\u00e8re et une p\u00e2te bien croustillante. La conception et la fabrication ne laissent apparaitre aucune visse, ce qui lui conf\u00e8re un design \u00e9pur\u00e9.<\/p>\n<p>Dimensions : L 73cm, P 55cm, H 107cm, Pr\u00e9chauffage 15 minutes, Temps de cuisson environ 90 seconde, Temp\u00e9rature max 500\u00b0C, Garantie 2ans<\/p>\n","protected":false},"featured_media":9439,"comment_status":"open","ping_status":"closed","template":"","meta":[],"product_cat":[144],"product_tag":[],"yoast_head":"<!-- This site is optimized with the Yoast SEO plugin v22.7 - https:\/\/yoast.com\/wordpress\/plugins\/seo\/ -->\n<title>Four pizzas \u00e0 gaz ALBOR 1 Gris + Pelle \u00e0 pizzas - Boutique Planet Outdoor<\/title>\n<meta name=\"robots\" content=\"index, follow, max-snippet:-1, max-image-preview:large, max-video-preview:-1\" \/>\n<link rel=\"canonical\" href=\"https:\/\/www.planetoutdoor.eu\/boutique\/four-pizza-gaz-albor-1-gris-pelle-a-pizzas\/\" \/>\n<meta property=\"og:locale\" content=\"fr_FR\" \/>\n<meta property=\"og:type\" content=\"article\" \/>\n<meta property=\"og:title\" content=\"Four pizzas \u00e0 gaz ALBOR 1 Gris + Pelle \u00e0 pizzas - Boutique Planet Outdoor\" \/>\n<meta property=\"og:description\" content=\"Four \u00e0 pizza \u00e0 gaz haute performance. Sa structure int\u00e9rieure en acier inoxydable associ\u00e9e \u00e0 une isolation thermique performante en laine de roche permet une mont\u00e9e rapide en temp\u00e9rature et une cuisson homog\u00e8ne. Capacit\u00e9 1 pizza.  Chambre de cuisson en inox et en pierre r\u00e9fractaire et silicate de calcium offrant une surface utile de 60 \u00d7 40 cm. Elle assure une excellente accumulation et restitution de la chaleur, garantissant une cuisson rapide, r\u00e9guli\u00e8re et une p\u00e2te bien croustillante. La conception et la fabrication ne laissent apparaitre aucune visse, ce qui lui conf\u00e8re un design \u00e9pur\u00e9.  Dimensions : L 73cm, P 55cm, H 107cm, Pr\u00e9chauffage 15 minutes, Temps de cuisson environ 90 seconde, Temp\u00e9rature max 500\u00b0C, Garantie 2ans\" \/>\n<meta property=\"og:url\" content=\"https:\/\/www.planetoutdoor.eu\/boutique\/four-pizza-gaz-albor-1-gris-pelle-a-pizzas\/\" \/>\n<meta property=\"og:site_name\" content=\"Boutique Planet Outdoor\" \/>\n<meta property=\"article:publisher\" content=\"https:\/\/www.facebook.com\/PlanetOutdoorFrance\" \/>\n<meta property=\"article:modified_time\" content=\"2026-03-17T11:30:11+00:00\" \/>\n<meta property=\"og:image\" content=\"https:\/\/www.planetoutdoor.eu\/boutique\/wp-content\/uploads\/2026\/02\/600006-1-scaled.jpg\" \/>\n\t<meta property=\"og:image:width\" content=\"2560\" \/>\n\t<meta property=\"og:image:height\" content=\"1920\" \/>\n\t<meta property=\"og:image:type\" content=\"image\/jpeg\" \/>\n<meta name=\"twitter:card\" content=\"summary_large_image\" \/>\n<meta name=\"twitter:label1\" content=\"Dur\u00e9e de lecture estim\u00e9e\" \/>\n\t<meta name=\"twitter:data1\" content=\"1 minute\" \/>\n<script type=\"application\/ld+json\" class=\"yoast-schema-graph\">{\"@context\":\"https:\/\/schema.org\",\"@graph\":[{\"@type\":\"WebPage\",\"@id\":\"https:\/\/www.planetoutdoor.eu\/boutique\/four-pizza-gaz-albor-1-gris-pelle-a-pizzas\/\",\"url\":\"https:\/\/www.planetoutdoor.eu\/boutique\/four-pizza-gaz-albor-1-gris-pelle-a-pizzas\/\",\"name\":\"Four pizzas \u00e0 gaz ALBOR 1 Gris + Pelle \u00e0 pizzas - Boutique Planet Outdoor\",\"isPartOf\":{\"@id\":\"https:\/\/www.planetoutdoor.eu\/boutique\/#website\"},\"primaryImageOfPage\":{\"@id\":\"https:\/\/www.planetoutdoor.eu\/boutique\/four-pizza-gaz-albor-1-gris-pelle-a-pizzas\/#primaryimage\"},\"image\":{\"@id\":\"https:\/\/www.planetoutdoor.eu\/boutique\/four-pizza-gaz-albor-1-gris-pelle-a-pizzas\/#primaryimage\"},\"thumbnailUrl\":\"https:\/\/www.planetoutdoor.eu\/boutique\/wp-content\/uploads\/2026\/02\/600006-1-scaled.jpg\",\"datePublished\":\"2026-02-24T15:45:30+00:00\",\"dateModified\":\"2026-03-17T11:30:11+00:00\",\"breadcrumb\":{\"@id\":\"https:\/\/www.planetoutdoor.eu\/boutique\/four-pizza-gaz-albor-1-gris-pelle-a-pizzas\/#breadcrumb\"},\"inLanguage\":\"fr-FR\",\"potentialAction\":[{\"@type\":\"ReadAction\",\"target\":[\"https:\/\/www.planetoutdoor.eu\/boutique\/four-pizza-gaz-albor-1-gris-pelle-a-pizzas\/\"]}]},{\"@type\":\"ImageObject\",\"inLanguage\":\"fr-FR\",\"@id\":\"https:\/\/www.planetoutdoor.eu\/boutique\/four-pizza-gaz-albor-1-gris-pelle-a-pizzas\/#primaryimage\",\"url\":\"https:\/\/www.planetoutdoor.eu\/boutique\/wp-content\/uploads\/2026\/02\/600006-1-scaled.jpg\",\"contentUrl\":\"https:\/\/www.planetoutdoor.eu\/boutique\/wp-content\/uploads\/2026\/02\/600006-1-scaled.jpg\",\"width\":2560,\"height\":1920},{\"@type\":\"BreadcrumbList\",\"@id\":\"https:\/\/www.planetoutdoor.eu\/boutique\/four-pizza-gaz-albor-1-gris-pelle-a-pizzas\/#breadcrumb\",\"itemListElement\":[{\"@type\":\"ListItem\",\"position\":1,\"name\":\"Accueil\",\"item\":\"https:\/\/www.planetoutdoor.eu\/boutique\/\"},{\"@type\":\"ListItem\",\"position\":2,\"name\":\"Boutique\",\"item\":\"https:\/\/www.planetoutdoor.eu\/boutique\/\"},{\"@type\":\"ListItem\",\"position\":3,\"name\":\"Four pizzas \u00e0 gaz ALBOR 1 Gris + Pelle \u00e0 pizzas\"}]},{\"@type\":\"WebSite\",\"@id\":\"https:\/\/www.planetoutdoor.eu\/boutique\/#website\",\"url\":\"https:\/\/www.planetoutdoor.eu\/boutique\/\",\"name\":\"Boutique Planet Outdoor\",\"description\":\"\",\"publisher\":{\"@id\":\"https:\/\/www.planetoutdoor.eu\/boutique\/#organization\"},\"potentialAction\":[{\"@type\":\"SearchAction\",\"target\":{\"@type\":\"EntryPoint\",\"urlTemplate\":\"https:\/\/www.planetoutdoor.eu\/boutique\/?s={search_term_string}\"},\"query-input\":\"required name=search_term_string\"}],\"inLanguage\":\"fr-FR\"},{\"@type\":\"Organization\",\"@id\":\"https:\/\/www.planetoutdoor.eu\/boutique\/#organization\",\"name\":\"Boutique Planet Outdoor\",\"url\":\"https:\/\/www.planetoutdoor.eu\/boutique\/\",\"logo\":{\"@type\":\"ImageObject\",\"inLanguage\":\"fr-FR\",\"@id\":\"https:\/\/www.planetoutdoor.eu\/boutique\/#\/schema\/logo\/image\/\",\"url\":\"https:\/\/www.planetoutdoor.eu\/boutique\/wp-content\/uploads\/2024\/01\/logo_planet_outdoor.png\",\"contentUrl\":\"https:\/\/www.planetoutdoor.eu\/boutique\/wp-content\/uploads\/2024\/01\/logo_planet_outdoor.png\",\"width\":265,\"height\":262,\"caption\":\"Boutique Planet Outdoor\"},\"image\":{\"@id\":\"https:\/\/www.planetoutdoor.eu\/boutique\/#\/schema\/logo\/image\/\"},\"sameAs\":[\"https:\/\/www.facebook.com\/PlanetOutdoorFrance\"]}]}<\/script>\n<!-- \/ Yoast SEO plugin. -->","yoast_head_json":{"title":"Four pizzas \u00e0 gaz ALBOR 1 Gris + Pelle \u00e0 pizzas - Boutique Planet Outdoor","robots":{"index":"index","follow":"follow","max-snippet":"max-snippet:-1","max-image-preview":"max-image-preview:large","max-video-preview":"max-video-preview:-1"},"canonical":"https:\/\/www.planetoutdoor.eu\/boutique\/four-pizza-gaz-albor-1-gris-pelle-a-pizzas\/","og_locale":"fr_FR","og_type":"article","og_title":"Four pizzas \u00e0 gaz ALBOR 1 Gris + Pelle \u00e0 pizzas - Boutique Planet Outdoor","og_description":"Four \u00e0 pizza \u00e0 gaz haute performance. Sa structure int\u00e9rieure en acier inoxydable associ\u00e9e \u00e0 une isolation thermique performante en laine de roche permet une mont\u00e9e rapide en temp\u00e9rature et une cuisson homog\u00e8ne. Capacit\u00e9 1 pizza.  Chambre de cuisson en inox et en pierre r\u00e9fractaire et silicate de calcium offrant une surface utile de 60 \u00d7 40 cm. Elle assure une excellente accumulation et restitution de la chaleur, garantissant une cuisson rapide, r\u00e9guli\u00e8re et une p\u00e2te bien croustillante. La conception et la fabrication ne laissent apparaitre aucune visse, ce qui lui conf\u00e8re un design \u00e9pur\u00e9.  Dimensions : L 73cm, P 55cm, H 107cm, Pr\u00e9chauffage 15 minutes, Temps de cuisson environ 90 seconde, Temp\u00e9rature max 500\u00b0C, Garantie 2ans","og_url":"https:\/\/www.planetoutdoor.eu\/boutique\/four-pizza-gaz-albor-1-gris-pelle-a-pizzas\/","og_site_name":"Boutique Planet Outdoor","article_publisher":"https:\/\/www.facebook.com\/PlanetOutdoorFrance","article_modified_time":"2026-03-17T11:30:11+00:00","og_image":[{"width":2560,"height":1920,"url":"https:\/\/www.planetoutdoor.eu\/boutique\/wp-content\/uploads\/2026\/02\/600006-1-scaled.jpg","type":"image\/jpeg"}],"twitter_card":"summary_large_image","twitter_misc":{"Dur\u00e9e de lecture estim\u00e9e":"1 minute"},"schema":{"@context":"https:\/\/schema.org","@graph":[{"@type":"WebPage","@id":"https:\/\/www.planetoutdoor.eu\/boutique\/four-pizza-gaz-albor-1-gris-pelle-a-pizzas\/","url":"https:\/\/www.planetoutdoor.eu\/boutique\/four-pizza-gaz-albor-1-gris-pelle-a-pizzas\/","name":"Four pizzas \u00e0 gaz ALBOR 1 Gris + Pelle \u00e0 pizzas - Boutique Planet Outdoor","isPartOf":{"@id":"https:\/\/www.planetoutdoor.eu\/boutique\/#website"},"primaryImageOfPage":{"@id":"https:\/\/www.planetoutdoor.eu\/boutique\/four-pizza-gaz-albor-1-gris-pelle-a-pizzas\/#primaryimage"},"image":{"@id":"https:\/\/www.planetoutdoor.eu\/boutique\/four-pizza-gaz-albor-1-gris-pelle-a-pizzas\/#primaryimage"},"thumbnailUrl":"https:\/\/www.planetoutdoor.eu\/boutique\/wp-content\/uploads\/2026\/02\/600006-1-scaled.jpg","datePublished":"2026-02-24T15:45:30+00:00","dateModified":"2026-03-17T11:30:11+00:00","breadcrumb":{"@id":"https:\/\/www.planetoutdoor.eu\/boutique\/four-pizza-gaz-albor-1-gris-pelle-a-pizzas\/#breadcrumb"},"inLanguage":"fr-FR","potentialAction":[{"@type":"ReadAction","target":["https:\/\/www.planetoutdoor.eu\/boutique\/four-pizza-gaz-albor-1-gris-pelle-a-pizzas\/"]}]},{"@type":"ImageObject","inLanguage":"fr-FR","@id":"https:\/\/www.planetoutdoor.eu\/boutique\/four-pizza-gaz-albor-1-gris-pelle-a-pizzas\/#primaryimage","url":"https:\/\/www.planetoutdoor.eu\/boutique\/wp-content\/uploads\/2026\/02\/600006-1-scaled.jpg","contentUrl":"https:\/\/www.planetoutdoor.eu\/boutique\/wp-content\/uploads\/2026\/02\/600006-1-scaled.jpg","width":2560,"height":1920},{"@type":"BreadcrumbList","@id":"https:\/\/www.planetoutdoor.eu\/boutique\/four-pizza-gaz-albor-1-gris-pelle-a-pizzas\/#breadcrumb","itemListElement":[{"@type":"ListItem","position":1,"name":"Accueil","item":"https:\/\/www.planetoutdoor.eu\/boutique\/"},{"@type":"ListItem","position":2,"name":"Boutique","item":"https:\/\/www.planetoutdoor.eu\/boutique\/"},{"@type":"ListItem","position":3,"name":"Four pizzas \u00e0 gaz ALBOR 1 Gris + Pelle \u00e0 pizzas"}]},{"@type":"WebSite","@id":"https:\/\/www.planetoutdoor.eu\/boutique\/#website","url":"https:\/\/www.planetoutdoor.eu\/boutique\/","name":"Boutique Planet Outdoor","description":"","publisher":{"@id":"https:\/\/www.planetoutdoor.eu\/boutique\/#organization"},"potentialAction":[{"@type":"SearchAction","target":{"@type":"EntryPoint","urlTemplate":"https:\/\/www.planetoutdoor.eu\/boutique\/?s={search_term_string}"},"query-input":"required name=search_term_string"}],"inLanguage":"fr-FR"},{"@type":"Organization","@id":"https:\/\/www.planetoutdoor.eu\/boutique\/#organization","name":"Boutique Planet Outdoor","url":"https:\/\/www.planetoutdoor.eu\/boutique\/","logo":{"@type":"ImageObject","inLanguage":"fr-FR","@id":"https:\/\/www.planetoutdoor.eu\/boutique\/#\/schema\/logo\/image\/","url":"https:\/\/www.planetoutdoor.eu\/boutique\/wp-content\/uploads\/2024\/01\/logo_planet_outdoor.png","contentUrl":"https:\/\/www.planetoutdoor.eu\/boutique\/wp-content\/uploads\/2024\/01\/logo_planet_outdoor.png","width":265,"height":262,"caption":"Boutique Planet Outdoor"},"image":{"@id":"https:\/\/www.planetoutdoor.eu\/boutique\/#\/schema\/logo\/image\/"},"sameAs":["https:\/\/www.facebook.com\/PlanetOutdoorFrance"]}]}},"_links":{"self":[{"href":"https:\/\/www.planetoutdoor.eu\/boutique\/wp-json\/wp\/v2\/product\/9438"}],"collection":[{"href":"https:\/\/www.planetoutdoor.eu\/boutique\/wp-json\/wp\/v2\/product"}],"about":[{"href":"https:\/\/www.planetoutdoor.eu\/boutique\/wp-json\/wp\/v2\/types\/product"}],"replies":[{"embeddable":true,"href":"https:\/\/www.planetoutdoor.eu\/boutique\/wp-json\/wp\/v2\/comments?post=9438"}],"wp:featuredmedia":[{"embeddable":true,"href":"https:\/\/www.planetoutdoor.eu\/boutique\/wp-json\/wp\/v2\/media\/9439"}],"wp:attachment":[{"href":"https:\/\/www.planetoutdoor.eu\/boutique\/wp-json\/wp\/v2\/media?parent=9438"}],"wp:term":[{"taxonomy":"product_cat","embeddable":true,"href":"https:\/\/www.planetoutdoor.eu\/boutique\/wp-json\/wp\/v2\/product_cat?post=9438"},{"taxonomy":"product_tag","embeddable":true,"href":"https:\/\/www.planetoutdoor.eu\/boutique\/wp-json\/wp\/v2\/product_tag?post=9438"}],"curies":[{"name":"wp","href":"https:\/\/api.w.org\/{rel}","templated":true}]}}