{"id":9460,"date":"2026-02-24T17:50:52","date_gmt":"2026-02-24T16:50:52","guid":{"rendered":"https:\/\/www.planetoutdoor.eu\/boutique\/?post_type=product&#038;p=9460"},"modified":"2026-03-17T19:09:53","modified_gmt":"2026-03-17T18:09:53","slug":"four-pizzas-a-bois-lux-5-gris-pelle-a-pizzas","status":"publish","type":"product","link":"https:\/\/www.planetoutdoor.eu\/boutique\/four-pizzas-a-bois-lux-5-gris-pelle-a-pizzas\/","title":{"rendered":"Four pizzas \u00e0 bois LUX 5 Gris + Pelle \u00e0 pizzas"},"content":{"rendered":"<p>Livraison offerte<\/p>\n","protected":false},"excerpt":{"rendered":"<p>Four \u00e0 pizza \u00e0 bois haute performance. Sa structure int\u00e9rieure en acier inoxydable associ\u00e9e \u00e0 une isolation thermique performante en laine de roche permet une mont\u00e9e rapide en temp\u00e9rature et une cuisson homog\u00e8ne. Capacit\u00e9 5 pizzas.<\/p>\n<p>Chambre de cuisson en inox et en pierre r\u00e9fractaire et silicate de calcium offrant une surface utile de 100 \u00d7 90 cm. Elle assure une excellente accumulation et restitution de la chaleur, garantissant une cuisson rapide, r\u00e9guli\u00e8re et une p\u00e2te bien croustillante. La conception et la fabrication ne laissent apparaitre aucune visse, ce qui lui conf\u00e8re un design \u00e9pur\u00e9.<\/p>\n<p>NOUVEAU SYSTEME D&rsquo;OUVERTURE UNIQUE &amp; BREVETE : la porte d&rsquo;acc\u00e8s vitr\u00e9e mont\u00e9e sur charni\u00e8res vous permet d&rsquo;observer la cuisson sans ouvrir sans cesse la trappe et gr\u00e2ce aux charni\u00e8res, vous pouvez poser et glisser la pelle \u00e0 pizza en position ouverte Dimensions : L 116cm, P 105cm, H 119cm, Pr\u00e9chauffage 15 minutes, Temps de cuisson environ 90 seconde, Temp\u00e9rature max 500\u00b0C, Garantie 2ans<\/p>\n<p>Dimensions : L 78cm, P 75cm, H 115cm, Pr\u00e9chauffage 15 minutes, Temps de cuisson environ 90 seconde, Temp\u00e9rature max 500\u00b0C, Garantie 2ans<\/p>\n","protected":false},"featured_media":9464,"comment_status":"open","ping_status":"closed","template":"","meta":[],"product_cat":[143],"product_tag":[],"yoast_head":"<!-- This site is optimized with the Yoast SEO plugin v22.7 - https:\/\/yoast.com\/wordpress\/plugins\/seo\/ -->\n<title>Four pizzas \u00e0 bois LUX 5 Gris + Pelle \u00e0 pizzas - Boutique Planet Outdoor<\/title>\n<meta name=\"robots\" content=\"index, follow, max-snippet:-1, max-image-preview:large, max-video-preview:-1\" \/>\n<link rel=\"canonical\" href=\"https:\/\/www.planetoutdoor.eu\/boutique\/four-pizzas-a-bois-lux-5-gris-pelle-a-pizzas\/\" \/>\n<meta property=\"og:locale\" content=\"fr_FR\" \/>\n<meta property=\"og:type\" content=\"article\" \/>\n<meta property=\"og:title\" content=\"Four pizzas \u00e0 bois LUX 5 Gris + Pelle \u00e0 pizzas - Boutique Planet Outdoor\" \/>\n<meta property=\"og:description\" content=\"Four \u00e0 pizza \u00e0 bois haute performance. Sa structure int\u00e9rieure en acier inoxydable associ\u00e9e \u00e0 une isolation thermique performante en laine de roche permet une mont\u00e9e rapide en temp\u00e9rature et une cuisson homog\u00e8ne. Capacit\u00e9 5 pizzas.  Chambre de cuisson en inox et en pierre r\u00e9fractaire et silicate de calcium offrant une surface utile de 100 \u00d7 90 cm. Elle assure une excellente accumulation et restitution de la chaleur, garantissant une cuisson rapide, r\u00e9guli\u00e8re et une p\u00e2te bien croustillante. La conception et la fabrication ne laissent apparaitre aucune visse, ce qui lui conf\u00e8re un design \u00e9pur\u00e9.  NOUVEAU SYSTEME D&#039;OUVERTURE UNIQUE &amp; BREVETE : la porte d&#039;acc\u00e8s vitr\u00e9e mont\u00e9e sur charni\u00e8res vous permet d&#039;observer la cuisson sans ouvrir sans cesse la trappe et gr\u00e2ce aux charni\u00e8res, vous pouvez poser et glisser la pelle \u00e0 pizza en position ouverte Dimensions : L 116cm, P 105cm, H 119cm, Pr\u00e9chauffage 15 minutes, Temps de cuisson environ 90 seconde, Temp\u00e9rature max 500\u00b0C, Garantie 2ans  Dimensions : L 78cm, P 75cm, H 115cm, Pr\u00e9chauffage 15 minutes, Temps de cuisson environ 90 seconde, Temp\u00e9rature max 500\u00b0C, Garantie 2ans\" \/>\n<meta property=\"og:url\" content=\"https:\/\/www.planetoutdoor.eu\/boutique\/four-pizzas-a-bois-lux-5-gris-pelle-a-pizzas\/\" \/>\n<meta property=\"og:site_name\" content=\"Boutique Planet Outdoor\" \/>\n<meta property=\"article:publisher\" content=\"https:\/\/www.facebook.com\/PlanetOutdoorFrance\" \/>\n<meta property=\"article:modified_time\" content=\"2026-03-17T18:09:53+00:00\" \/>\n<meta property=\"og:image\" content=\"https:\/\/www.planetoutdoor.eu\/boutique\/wp-content\/uploads\/2026\/02\/WDD-5VG-scaled.jpg\" \/>\n\t<meta property=\"og:image:width\" content=\"2560\" \/>\n\t<meta property=\"og:image:height\" content=\"1920\" \/>\n\t<meta property=\"og:image:type\" content=\"image\/jpeg\" \/>\n<meta name=\"twitter:card\" content=\"summary_large_image\" \/>\n<meta name=\"twitter:label1\" content=\"Dur\u00e9e de lecture estim\u00e9e\" \/>\n\t<meta name=\"twitter:data1\" content=\"1 minute\" \/>\n<script type=\"application\/ld+json\" class=\"yoast-schema-graph\">{\"@context\":\"https:\/\/schema.org\",\"@graph\":[{\"@type\":\"WebPage\",\"@id\":\"https:\/\/www.planetoutdoor.eu\/boutique\/four-pizzas-a-bois-lux-5-gris-pelle-a-pizzas\/\",\"url\":\"https:\/\/www.planetoutdoor.eu\/boutique\/four-pizzas-a-bois-lux-5-gris-pelle-a-pizzas\/\",\"name\":\"Four pizzas \u00e0 bois LUX 5 Gris + Pelle \u00e0 pizzas - Boutique Planet Outdoor\",\"isPartOf\":{\"@id\":\"https:\/\/www.planetoutdoor.eu\/boutique\/#website\"},\"primaryImageOfPage\":{\"@id\":\"https:\/\/www.planetoutdoor.eu\/boutique\/four-pizzas-a-bois-lux-5-gris-pelle-a-pizzas\/#primaryimage\"},\"image\":{\"@id\":\"https:\/\/www.planetoutdoor.eu\/boutique\/four-pizzas-a-bois-lux-5-gris-pelle-a-pizzas\/#primaryimage\"},\"thumbnailUrl\":\"https:\/\/www.planetoutdoor.eu\/boutique\/wp-content\/uploads\/2026\/02\/WDD-5VG-scaled.jpg\",\"datePublished\":\"2026-02-24T16:50:52+00:00\",\"dateModified\":\"2026-03-17T18:09:53+00:00\",\"breadcrumb\":{\"@id\":\"https:\/\/www.planetoutdoor.eu\/boutique\/four-pizzas-a-bois-lux-5-gris-pelle-a-pizzas\/#breadcrumb\"},\"inLanguage\":\"fr-FR\",\"potentialAction\":[{\"@type\":\"ReadAction\",\"target\":[\"https:\/\/www.planetoutdoor.eu\/boutique\/four-pizzas-a-bois-lux-5-gris-pelle-a-pizzas\/\"]}]},{\"@type\":\"ImageObject\",\"inLanguage\":\"fr-FR\",\"@id\":\"https:\/\/www.planetoutdoor.eu\/boutique\/four-pizzas-a-bois-lux-5-gris-pelle-a-pizzas\/#primaryimage\",\"url\":\"https:\/\/www.planetoutdoor.eu\/boutique\/wp-content\/uploads\/2026\/02\/WDD-5VG-scaled.jpg\",\"contentUrl\":\"https:\/\/www.planetoutdoor.eu\/boutique\/wp-content\/uploads\/2026\/02\/WDD-5VG-scaled.jpg\",\"width\":2560,\"height\":1920},{\"@type\":\"BreadcrumbList\",\"@id\":\"https:\/\/www.planetoutdoor.eu\/boutique\/four-pizzas-a-bois-lux-5-gris-pelle-a-pizzas\/#breadcrumb\",\"itemListElement\":[{\"@type\":\"ListItem\",\"position\":1,\"name\":\"Accueil\",\"item\":\"https:\/\/www.planetoutdoor.eu\/boutique\/\"},{\"@type\":\"ListItem\",\"position\":2,\"name\":\"Boutique\",\"item\":\"https:\/\/www.planetoutdoor.eu\/boutique\/\"},{\"@type\":\"ListItem\",\"position\":3,\"name\":\"Four pizzas \u00e0 bois LUX 5 Gris + Pelle \u00e0 pizzas\"}]},{\"@type\":\"WebSite\",\"@id\":\"https:\/\/www.planetoutdoor.eu\/boutique\/#website\",\"url\":\"https:\/\/www.planetoutdoor.eu\/boutique\/\",\"name\":\"Boutique Planet Outdoor\",\"description\":\"\",\"publisher\":{\"@id\":\"https:\/\/www.planetoutdoor.eu\/boutique\/#organization\"},\"potentialAction\":[{\"@type\":\"SearchAction\",\"target\":{\"@type\":\"EntryPoint\",\"urlTemplate\":\"https:\/\/www.planetoutdoor.eu\/boutique\/?s={search_term_string}\"},\"query-input\":\"required name=search_term_string\"}],\"inLanguage\":\"fr-FR\"},{\"@type\":\"Organization\",\"@id\":\"https:\/\/www.planetoutdoor.eu\/boutique\/#organization\",\"name\":\"Boutique Planet Outdoor\",\"url\":\"https:\/\/www.planetoutdoor.eu\/boutique\/\",\"logo\":{\"@type\":\"ImageObject\",\"inLanguage\":\"fr-FR\",\"@id\":\"https:\/\/www.planetoutdoor.eu\/boutique\/#\/schema\/logo\/image\/\",\"url\":\"https:\/\/www.planetoutdoor.eu\/boutique\/wp-content\/uploads\/2024\/01\/logo_planet_outdoor.png\",\"contentUrl\":\"https:\/\/www.planetoutdoor.eu\/boutique\/wp-content\/uploads\/2024\/01\/logo_planet_outdoor.png\",\"width\":265,\"height\":262,\"caption\":\"Boutique Planet Outdoor\"},\"image\":{\"@id\":\"https:\/\/www.planetoutdoor.eu\/boutique\/#\/schema\/logo\/image\/\"},\"sameAs\":[\"https:\/\/www.facebook.com\/PlanetOutdoorFrance\"]}]}<\/script>\n<!-- \/ Yoast SEO plugin. -->","yoast_head_json":{"title":"Four pizzas \u00e0 bois LUX 5 Gris + Pelle \u00e0 pizzas - Boutique Planet Outdoor","robots":{"index":"index","follow":"follow","max-snippet":"max-snippet:-1","max-image-preview":"max-image-preview:large","max-video-preview":"max-video-preview:-1"},"canonical":"https:\/\/www.planetoutdoor.eu\/boutique\/four-pizzas-a-bois-lux-5-gris-pelle-a-pizzas\/","og_locale":"fr_FR","og_type":"article","og_title":"Four pizzas \u00e0 bois LUX 5 Gris + Pelle \u00e0 pizzas - Boutique Planet Outdoor","og_description":"Four \u00e0 pizza \u00e0 bois haute performance. Sa structure int\u00e9rieure en acier inoxydable associ\u00e9e \u00e0 une isolation thermique performante en laine de roche permet une mont\u00e9e rapide en temp\u00e9rature et une cuisson homog\u00e8ne. Capacit\u00e9 5 pizzas.  Chambre de cuisson en inox et en pierre r\u00e9fractaire et silicate de calcium offrant une surface utile de 100 \u00d7 90 cm. Elle assure une excellente accumulation et restitution de la chaleur, garantissant une cuisson rapide, r\u00e9guli\u00e8re et une p\u00e2te bien croustillante. La conception et la fabrication ne laissent apparaitre aucune visse, ce qui lui conf\u00e8re un design \u00e9pur\u00e9.  NOUVEAU SYSTEME D'OUVERTURE UNIQUE &amp; BREVETE : la porte d'acc\u00e8s vitr\u00e9e mont\u00e9e sur charni\u00e8res vous permet d'observer la cuisson sans ouvrir sans cesse la trappe et gr\u00e2ce aux charni\u00e8res, vous pouvez poser et glisser la pelle \u00e0 pizza en position ouverte Dimensions : L 116cm, P 105cm, H 119cm, Pr\u00e9chauffage 15 minutes, Temps de cuisson environ 90 seconde, Temp\u00e9rature max 500\u00b0C, Garantie 2ans  Dimensions : L 78cm, P 75cm, H 115cm, Pr\u00e9chauffage 15 minutes, Temps de cuisson environ 90 seconde, Temp\u00e9rature max 500\u00b0C, Garantie 2ans","og_url":"https:\/\/www.planetoutdoor.eu\/boutique\/four-pizzas-a-bois-lux-5-gris-pelle-a-pizzas\/","og_site_name":"Boutique Planet Outdoor","article_publisher":"https:\/\/www.facebook.com\/PlanetOutdoorFrance","article_modified_time":"2026-03-17T18:09:53+00:00","og_image":[{"width":2560,"height":1920,"url":"https:\/\/www.planetoutdoor.eu\/boutique\/wp-content\/uploads\/2026\/02\/WDD-5VG-scaled.jpg","type":"image\/jpeg"}],"twitter_card":"summary_large_image","twitter_misc":{"Dur\u00e9e de lecture estim\u00e9e":"1 minute"},"schema":{"@context":"https:\/\/schema.org","@graph":[{"@type":"WebPage","@id":"https:\/\/www.planetoutdoor.eu\/boutique\/four-pizzas-a-bois-lux-5-gris-pelle-a-pizzas\/","url":"https:\/\/www.planetoutdoor.eu\/boutique\/four-pizzas-a-bois-lux-5-gris-pelle-a-pizzas\/","name":"Four pizzas \u00e0 bois LUX 5 Gris + Pelle \u00e0 pizzas - Boutique Planet Outdoor","isPartOf":{"@id":"https:\/\/www.planetoutdoor.eu\/boutique\/#website"},"primaryImageOfPage":{"@id":"https:\/\/www.planetoutdoor.eu\/boutique\/four-pizzas-a-bois-lux-5-gris-pelle-a-pizzas\/#primaryimage"},"image":{"@id":"https:\/\/www.planetoutdoor.eu\/boutique\/four-pizzas-a-bois-lux-5-gris-pelle-a-pizzas\/#primaryimage"},"thumbnailUrl":"https:\/\/www.planetoutdoor.eu\/boutique\/wp-content\/uploads\/2026\/02\/WDD-5VG-scaled.jpg","datePublished":"2026-02-24T16:50:52+00:00","dateModified":"2026-03-17T18:09:53+00:00","breadcrumb":{"@id":"https:\/\/www.planetoutdoor.eu\/boutique\/four-pizzas-a-bois-lux-5-gris-pelle-a-pizzas\/#breadcrumb"},"inLanguage":"fr-FR","potentialAction":[{"@type":"ReadAction","target":["https:\/\/www.planetoutdoor.eu\/boutique\/four-pizzas-a-bois-lux-5-gris-pelle-a-pizzas\/"]}]},{"@type":"ImageObject","inLanguage":"fr-FR","@id":"https:\/\/www.planetoutdoor.eu\/boutique\/four-pizzas-a-bois-lux-5-gris-pelle-a-pizzas\/#primaryimage","url":"https:\/\/www.planetoutdoor.eu\/boutique\/wp-content\/uploads\/2026\/02\/WDD-5VG-scaled.jpg","contentUrl":"https:\/\/www.planetoutdoor.eu\/boutique\/wp-content\/uploads\/2026\/02\/WDD-5VG-scaled.jpg","width":2560,"height":1920},{"@type":"BreadcrumbList","@id":"https:\/\/www.planetoutdoor.eu\/boutique\/four-pizzas-a-bois-lux-5-gris-pelle-a-pizzas\/#breadcrumb","itemListElement":[{"@type":"ListItem","position":1,"name":"Accueil","item":"https:\/\/www.planetoutdoor.eu\/boutique\/"},{"@type":"ListItem","position":2,"name":"Boutique","item":"https:\/\/www.planetoutdoor.eu\/boutique\/"},{"@type":"ListItem","position":3,"name":"Four pizzas \u00e0 bois LUX 5 Gris + Pelle \u00e0 pizzas"}]},{"@type":"WebSite","@id":"https:\/\/www.planetoutdoor.eu\/boutique\/#website","url":"https:\/\/www.planetoutdoor.eu\/boutique\/","name":"Boutique Planet Outdoor","description":"","publisher":{"@id":"https:\/\/www.planetoutdoor.eu\/boutique\/#organization"},"potentialAction":[{"@type":"SearchAction","target":{"@type":"EntryPoint","urlTemplate":"https:\/\/www.planetoutdoor.eu\/boutique\/?s={search_term_string}"},"query-input":"required name=search_term_string"}],"inLanguage":"fr-FR"},{"@type":"Organization","@id":"https:\/\/www.planetoutdoor.eu\/boutique\/#organization","name":"Boutique Planet Outdoor","url":"https:\/\/www.planetoutdoor.eu\/boutique\/","logo":{"@type":"ImageObject","inLanguage":"fr-FR","@id":"https:\/\/www.planetoutdoor.eu\/boutique\/#\/schema\/logo\/image\/","url":"https:\/\/www.planetoutdoor.eu\/boutique\/wp-content\/uploads\/2024\/01\/logo_planet_outdoor.png","contentUrl":"https:\/\/www.planetoutdoor.eu\/boutique\/wp-content\/uploads\/2024\/01\/logo_planet_outdoor.png","width":265,"height":262,"caption":"Boutique Planet Outdoor"},"image":{"@id":"https:\/\/www.planetoutdoor.eu\/boutique\/#\/schema\/logo\/image\/"},"sameAs":["https:\/\/www.facebook.com\/PlanetOutdoorFrance"]}]}},"_links":{"self":[{"href":"https:\/\/www.planetoutdoor.eu\/boutique\/wp-json\/wp\/v2\/product\/9460"}],"collection":[{"href":"https:\/\/www.planetoutdoor.eu\/boutique\/wp-json\/wp\/v2\/product"}],"about":[{"href":"https:\/\/www.planetoutdoor.eu\/boutique\/wp-json\/wp\/v2\/types\/product"}],"replies":[{"embeddable":true,"href":"https:\/\/www.planetoutdoor.eu\/boutique\/wp-json\/wp\/v2\/comments?post=9460"}],"wp:featuredmedia":[{"embeddable":true,"href":"https:\/\/www.planetoutdoor.eu\/boutique\/wp-json\/wp\/v2\/media\/9464"}],"wp:attachment":[{"href":"https:\/\/www.planetoutdoor.eu\/boutique\/wp-json\/wp\/v2\/media?parent=9460"}],"wp:term":[{"taxonomy":"product_cat","embeddable":true,"href":"https:\/\/www.planetoutdoor.eu\/boutique\/wp-json\/wp\/v2\/product_cat?post=9460"},{"taxonomy":"product_tag","embeddable":true,"href":"https:\/\/www.planetoutdoor.eu\/boutique\/wp-json\/wp\/v2\/product_tag?post=9460"}],"curies":[{"name":"wp","href":"https:\/\/api.w.org\/{rel}","templated":true}]}}